{"id":1004,"date":"2015-03-09T14:37:26","date_gmt":"2015-03-09T13:37:26","guid":{"rendered":"http:\/\/www.fehervar-arpadfurdo.hu\/?page_id=1004"},"modified":"2025-11-25T12:13:24","modified_gmt":"2025-11-25T11:13:24","slug":"massage","status":"publish","type":"page","link":"https:\/\/www.fehervar-arpadfurdo.hu\/en\/services\/massage\/","title":{"rendered":"Massage"},"content":{"rendered":"<p id=\"tw-target-text\" class=\"tw-data-text vk_txt tw-ta tw-text-small\" dir=\"ltr\" data-placeholder=\"Ford\u00edt\u00e1s\"><span lang=\"en\">Swedish classic and authentic Thai massage is also available in our spa.<br \/>\n<\/span><\/p>\n<h3>Swedish massage\u00a0<strong>\u00a0<\/strong><\/h3>\n<p>Our masseuses : Szilvi &amp; Val\u00e9ria<\/p>\n<h4><strong>How to book an appointment? Please call our central phone +36 22\/814-400.\u00a0<\/strong><\/h4>\n<h4>Fresh swedish back-massage, 30 minutes:<\/h4>\n<p>The treatment is especially for the neck, shoulder and the back, dissolving spasmodic muscles in the bodyparts, which are mentioned before. It relieves headaches, numbness and cramps, also it\u2019s a mental refreshment. It\u2019s especially recommended for sedentary workers and for computer workers.<\/p>\n<h4>Fresh swedish massage, 45 minutes:<\/h4>\n<p>This treatment is for the whole body, it enhances the blood circulation, improves digestion, reduces pain and prevents unused muscles from atrophy. The treatment can also relaxes the muscles and relieves stress, stimulates lymphatic circulation and strengthes the immune system.<\/p>\n<h4>Fresh swedish massage, 60 minutes:<\/h4>\n<p>This full body massage can show positive effects on the body. As a result, the muscles of the body relax. This type of massage itself is refreshing and energizing, relieves tension, stress and muscle aches. In addition, it enhances metabolism, helps regeneration processes in the human body. Improves muscle performance, condition and general well-being.<\/p>\n<h3>Thai massage<\/h3>\n<p>The Thai massage is operating as a separate unit, click on the link and learn more\u00a0 <a href=\"http:\/\/www.thaimasszazs-szekesfehervar.hu\/\">http:\/\/www.thaimasszazs-szekesfehervar.hu\/<\/a><\/p>\n<p>Book an appointment:\u00a006-70-433-7982<\/p>\n<p><a href=\"https:\/\/www.fehervar-arpadfurdo.hu\/wp-content\/uploads\/2020\/11\/DSC_2580.jpg\" data-rel=\"lightbox-image-0\" data-rl_title=\"\" data-rl_caption=\"\" title=\"\"><img loading=\"lazy\" decoding=\"async\" class=\"alignnone wp-image-11908\" src=\"https:\/\/www.fehervar-arpadfurdo.hu\/wp-content\/uploads\/2020\/11\/DSC_2580.jpg\" alt=\"\" width=\"500\" height=\"331\" srcset=\"https:\/\/www.fehervar-arpadfurdo.hu\/wp-content\/uploads\/2020\/11\/DSC_2580.jpg 2048w, https:\/\/www.fehervar-arpadfurdo.hu\/wp-content\/uploads\/2020\/11\/DSC_2580-300x199.jpg 300w, https:\/\/www.fehervar-arpadfurdo.hu\/wp-content\/uploads\/2020\/11\/DSC_2580-1024x678.jpg 1024w, https:\/\/www.fehervar-arpadfurdo.hu\/wp-content\/uploads\/2020\/11\/DSC_2580-768x509.jpg 768w, https:\/\/www.fehervar-arpadfurdo.hu\/wp-content\/uploads\/2020\/11\/DSC_2580-1536x1017.jpg 1536w, https:\/\/www.fehervar-arpadfurdo.hu\/wp-content\/uploads\/2020\/11\/DSC_2580-490x325.jpg 490w\" sizes=\"auto, (max-width: 500px) 100vw, 500px\" \/><\/a><\/p>\n<p>&nbsp;<\/p>\n<p><a href=\"http:\/\/www.fehervar-arpadfurdo.hu\/wp-content\/uploads\/2015\/01\/thai_0083k.jpg\" data-rel=\"lightbox-image-1\" data-rl_title=\"\" data-rl_caption=\"\" title=\"\"><img loading=\"lazy\" decoding=\"async\" class=\"alignleft wp-image-153\" src=\"http:\/\/www.fehervar-arpadfurdo.hu\/wp-content\/uploads\/2015\/01\/thai_0083k-490x325.jpg\" alt=\"thai_0083k\" width=\"500\" height=\"331\" srcset=\"https:\/\/www.fehervar-arpadfurdo.hu\/wp-content\/uploads\/2015\/01\/thai_0083k-490x325.jpg 490w, https:\/\/www.fehervar-arpadfurdo.hu\/wp-content\/uploads\/2015\/01\/thai_0083k-300x199.jpg 300w, https:\/\/www.fehervar-arpadfurdo.hu\/wp-content\/uploads\/2015\/01\/thai_0083k-768x509.jpg 768w, https:\/\/www.fehervar-arpadfurdo.hu\/wp-content\/uploads\/2015\/01\/thai_0083k.jpg 1024w\" sizes=\"auto, (max-width: 500px) 100vw, 500px\" \/><\/a><\/p>\n","protected":false},"excerpt":{"rendered":"<p>Swedish classic and authentic Thai massage is also available in our spa. Swedish massage\u00a0\u00a0 Our masseuses : Szilvi &amp; Val\u00e9ria How to book an appointment? Please call our central phone +36 22\/814-400.\u00a0 Fresh swedish back-massage, 30 minutes: The treatment is especially for the neck, shoulder and the back, dissolving spasmodic muscles in the bodyparts, which [&hellip;]<\/p>\n","protected":false},"author":1,"featured_media":0,"parent":975,"menu_order":30,"comment_status":"closed","ping_status":"closed","template":"","meta":{"footnotes":""},"class_list":["post-1004","page","type-page","status-publish","hentry"],"yoast_head":"<!-- This site is optimized with the Yoast SEO plugin v27.1.1 - https:\/\/yoast.com\/product\/yoast-seo-wordpress\/ -->\n<title>Massage - Sz\u00e9kesfeh\u00e9rv\u00e1ri \u00c1rp\u00e1d F\u00fcrd\u0151<\/title>\n<meta name=\"robots\" content=\"index, follow, max-snippet:-1, max-image-preview:large, max-video-preview:-1\" \/>\n<link rel=\"canonical\" href=\"https:\/\/www.fehervar-arpadfurdo.hu\/en\/services\/massage\/\" \/>\n<meta property=\"og:locale\" content=\"en_US\" \/>\n<meta property=\"og:type\" content=\"article\" \/>\n<meta property=\"og:title\" content=\"Massage - Sz\u00e9kesfeh\u00e9rv\u00e1ri \u00c1rp\u00e1d F\u00fcrd\u0151\" \/>\n<meta property=\"og:description\" content=\"Swedish classic and authentic Thai massage is also available in our spa. Swedish massage\u00a0\u00a0 Our masseuses : Szilvi &amp; Val\u00e9ria How to book an appointment? Please call our central phone +36 22\/814-400.\u00a0 Fresh swedish back-massage, 30 minutes: The treatment is especially for the neck, shoulder and the back, dissolving spasmodic muscles in the bodyparts, which [&hellip;]\" \/>\n<meta property=\"og:url\" content=\"https:\/\/www.fehervar-arpadfurdo.hu\/en\/services\/massage\/\" \/>\n<meta property=\"og:site_name\" content=\"Sz\u00e9kesfeh\u00e9rv\u00e1ri \u00c1rp\u00e1d F\u00fcrd\u0151\" \/>\n<meta property=\"article:publisher\" content=\"https:\/\/www.facebook.com\/arpadfurdo\/\" \/>\n<meta property=\"article:modified_time\" content=\"2025-11-25T11:13:24+00:00\" \/>\n<meta property=\"og:image\" content=\"https:\/\/www.fehervar-arpadfurdo.hu\/wp-content\/uploads\/2020\/11\/DSC_2580.jpg\" \/>\n\t<meta property=\"og:image:width\" content=\"2048\" \/>\n\t<meta property=\"og:image:height\" content=\"1356\" \/>\n\t<meta property=\"og:image:type\" content=\"image\/jpeg\" \/>\n<meta name=\"twitter:label1\" content=\"Est. reading time\" \/>\n\t<meta name=\"twitter:data1\" content=\"2 minutes\" \/>\n<script type=\"application\/ld+json\" class=\"yoast-schema-graph\">{\"@context\":\"https:\/\/schema.org\",\"@graph\":[{\"@type\":\"WebPage\",\"@id\":\"https:\/\/www.fehervar-arpadfurdo.hu\/en\/services\/massage\/\",\"url\":\"https:\/\/www.fehervar-arpadfurdo.hu\/en\/services\/massage\/\",\"name\":\"Massage - Sz\u00e9kesfeh\u00e9rv\u00e1ri \u00c1rp\u00e1d F\u00fcrd\u0151\",\"isPartOf\":{\"@id\":\"https:\/\/www.fehervar-arpadfurdo.hu\/#website\"},\"primaryImageOfPage\":{\"@id\":\"https:\/\/www.fehervar-arpadfurdo.hu\/en\/services\/massage\/#primaryimage\"},\"image\":{\"@id\":\"https:\/\/www.fehervar-arpadfurdo.hu\/en\/services\/massage\/#primaryimage\"},\"thumbnailUrl\":\"https:\/\/www.fehervar-arpadfurdo.hu\/wp-content\/uploads\/2020\/11\/DSC_2580.jpg\",\"datePublished\":\"2015-03-09T13:37:26+00:00\",\"dateModified\":\"2025-11-25T11:13:24+00:00\",\"breadcrumb\":{\"@id\":\"https:\/\/www.fehervar-arpadfurdo.hu\/en\/services\/massage\/#breadcrumb\"},\"inLanguage\":\"en-US\",\"potentialAction\":[{\"@type\":\"ReadAction\",\"target\":[\"https:\/\/www.fehervar-arpadfurdo.hu\/en\/services\/massage\/\"]}]},{\"@type\":\"ImageObject\",\"inLanguage\":\"en-US\",\"@id\":\"https:\/\/www.fehervar-arpadfurdo.hu\/en\/services\/massage\/#primaryimage\",\"url\":\"https:\/\/www.fehervar-arpadfurdo.hu\/wp-content\/uploads\/2020\/11\/DSC_2580.jpg\",\"contentUrl\":\"https:\/\/www.fehervar-arpadfurdo.hu\/wp-content\/uploads\/2020\/11\/DSC_2580.jpg\"},{\"@type\":\"BreadcrumbList\",\"@id\":\"https:\/\/www.fehervar-arpadfurdo.hu\/en\/services\/massage\/#breadcrumb\",\"itemListElement\":[{\"@type\":\"ListItem\",\"position\":1,\"name\":\"Kezd\u0151lap\",\"item\":\"https:\/\/www.fehervar-arpadfurdo.hu\/en\/\"},{\"@type\":\"ListItem\",\"position\":2,\"name\":\"Services\",\"item\":\"https:\/\/www.fehervar-arpadfurdo.hu\/en\/services\/\"},{\"@type\":\"ListItem\",\"position\":3,\"name\":\"Massage\"}]},{\"@type\":\"WebSite\",\"@id\":\"https:\/\/www.fehervar-arpadfurdo.hu\/#website\",\"url\":\"https:\/\/www.fehervar-arpadfurdo.hu\/\",\"name\":\"Sz\u00e9kesfeh\u00e9rv\u00e1ri \u00c1rp\u00e1d F\u00fcrd\u0151\",\"description\":\"Mes\u00e9s \u00e9lm\u00e9ny a belv\u00e1ros sz\u00edv\u00e9ben\",\"potentialAction\":[{\"@type\":\"SearchAction\",\"target\":{\"@type\":\"EntryPoint\",\"urlTemplate\":\"https:\/\/www.fehervar-arpadfurdo.hu\/?s={search_term_string}\"},\"query-input\":{\"@type\":\"PropertyValueSpecification\",\"valueRequired\":true,\"valueName\":\"search_term_string\"}}],\"inLanguage\":\"en-US\"}]}<\/script>\n<!-- \/ Yoast SEO plugin. -->","yoast_head_json":{"title":"Massage - Sz\u00e9kesfeh\u00e9rv\u00e1ri \u00c1rp\u00e1d F\u00fcrd\u0151","robots":{"index":"index","follow":"follow","max-snippet":"max-snippet:-1","max-image-preview":"max-image-preview:large","max-video-preview":"max-video-preview:-1"},"canonical":"https:\/\/www.fehervar-arpadfurdo.hu\/en\/services\/massage\/","og_locale":"en_US","og_type":"article","og_title":"Massage - Sz\u00e9kesfeh\u00e9rv\u00e1ri \u00c1rp\u00e1d F\u00fcrd\u0151","og_description":"Swedish classic and authentic Thai massage is also available in our spa. Swedish massage\u00a0\u00a0 Our masseuses : Szilvi &amp; Val\u00e9ria How to book an appointment? Please call our central phone +36 22\/814-400.\u00a0 Fresh swedish back-massage, 30 minutes: The treatment is especially for the neck, shoulder and the back, dissolving spasmodic muscles in the bodyparts, which [&hellip;]","og_url":"https:\/\/www.fehervar-arpadfurdo.hu\/en\/services\/massage\/","og_site_name":"Sz\u00e9kesfeh\u00e9rv\u00e1ri \u00c1rp\u00e1d F\u00fcrd\u0151","article_publisher":"https:\/\/www.facebook.com\/arpadfurdo\/","article_modified_time":"2025-11-25T11:13:24+00:00","og_image":[{"width":2048,"height":1356,"url":"https:\/\/www.fehervar-arpadfurdo.hu\/wp-content\/uploads\/2020\/11\/DSC_2580.jpg","type":"image\/jpeg"}],"twitter_misc":{"Est. reading time":"2 minutes"},"schema":{"@context":"https:\/\/schema.org","@graph":[{"@type":"WebPage","@id":"https:\/\/www.fehervar-arpadfurdo.hu\/en\/services\/massage\/","url":"https:\/\/www.fehervar-arpadfurdo.hu\/en\/services\/massage\/","name":"Massage - Sz\u00e9kesfeh\u00e9rv\u00e1ri \u00c1rp\u00e1d F\u00fcrd\u0151","isPartOf":{"@id":"https:\/\/www.fehervar-arpadfurdo.hu\/#website"},"primaryImageOfPage":{"@id":"https:\/\/www.fehervar-arpadfurdo.hu\/en\/services\/massage\/#primaryimage"},"image":{"@id":"https:\/\/www.fehervar-arpadfurdo.hu\/en\/services\/massage\/#primaryimage"},"thumbnailUrl":"https:\/\/www.fehervar-arpadfurdo.hu\/wp-content\/uploads\/2020\/11\/DSC_2580.jpg","datePublished":"2015-03-09T13:37:26+00:00","dateModified":"2025-11-25T11:13:24+00:00","breadcrumb":{"@id":"https:\/\/www.fehervar-arpadfurdo.hu\/en\/services\/massage\/#breadcrumb"},"inLanguage":"en-US","potentialAction":[{"@type":"ReadAction","target":["https:\/\/www.fehervar-arpadfurdo.hu\/en\/services\/massage\/"]}]},{"@type":"ImageObject","inLanguage":"en-US","@id":"https:\/\/www.fehervar-arpadfurdo.hu\/en\/services\/massage\/#primaryimage","url":"https:\/\/www.fehervar-arpadfurdo.hu\/wp-content\/uploads\/2020\/11\/DSC_2580.jpg","contentUrl":"https:\/\/www.fehervar-arpadfurdo.hu\/wp-content\/uploads\/2020\/11\/DSC_2580.jpg"},{"@type":"BreadcrumbList","@id":"https:\/\/www.fehervar-arpadfurdo.hu\/en\/services\/massage\/#breadcrumb","itemListElement":[{"@type":"ListItem","position":1,"name":"Kezd\u0151lap","item":"https:\/\/www.fehervar-arpadfurdo.hu\/en\/"},{"@type":"ListItem","position":2,"name":"Services","item":"https:\/\/www.fehervar-arpadfurdo.hu\/en\/services\/"},{"@type":"ListItem","position":3,"name":"Massage"}]},{"@type":"WebSite","@id":"https:\/\/www.fehervar-arpadfurdo.hu\/#website","url":"https:\/\/www.fehervar-arpadfurdo.hu\/","name":"Sz\u00e9kesfeh\u00e9rv\u00e1ri \u00c1rp\u00e1d F\u00fcrd\u0151","description":"Mes\u00e9s \u00e9lm\u00e9ny a belv\u00e1ros sz\u00edv\u00e9ben","potentialAction":[{"@type":"SearchAction","target":{"@type":"EntryPoint","urlTemplate":"https:\/\/www.fehervar-arpadfurdo.hu\/?s={search_term_string}"},"query-input":{"@type":"PropertyValueSpecification","valueRequired":true,"valueName":"search_term_string"}}],"inLanguage":"en-US"}]}},"_links":{"self":[{"href":"https:\/\/www.fehervar-arpadfurdo.hu\/en\/wp-json\/wp\/v2\/pages\/1004","targetHints":{"allow":["GET"]}}],"collection":[{"href":"https:\/\/www.fehervar-arpadfurdo.hu\/en\/wp-json\/wp\/v2\/pages"}],"about":[{"href":"https:\/\/www.fehervar-arpadfurdo.hu\/en\/wp-json\/wp\/v2\/types\/page"}],"author":[{"embeddable":true,"href":"https:\/\/www.fehervar-arpadfurdo.hu\/en\/wp-json\/wp\/v2\/users\/1"}],"replies":[{"embeddable":true,"href":"https:\/\/www.fehervar-arpadfurdo.hu\/en\/wp-json\/wp\/v2\/comments?post=1004"}],"version-history":[{"count":30,"href":"https:\/\/www.fehervar-arpadfurdo.hu\/en\/wp-json\/wp\/v2\/pages\/1004\/revisions"}],"predecessor-version":[{"id":15754,"href":"https:\/\/www.fehervar-arpadfurdo.hu\/en\/wp-json\/wp\/v2\/pages\/1004\/revisions\/15754"}],"up":[{"embeddable":true,"href":"https:\/\/www.fehervar-arpadfurdo.hu\/en\/wp-json\/wp\/v2\/pages\/975"}],"wp:attachment":[{"href":"https:\/\/www.fehervar-arpadfurdo.hu\/en\/wp-json\/wp\/v2\/media?parent=1004"}],"curies":[{"name":"wp","href":"https:\/\/api.w.org\/{rel}","templated":true}]}}