{"id":1007,"date":"2015-03-09T14:38:05","date_gmt":"2015-03-09T13:38:05","guid":{"rendered":"http:\/\/www.fehervar-arpadfurdo.hu\/?page_id=1007"},"modified":"2022-05-19T15:09:39","modified_gmt":"2022-05-19T13:09:39","slug":"tepidarium","status":"publish","type":"page","link":"https:\/\/www.fehervar-arpadfurdo.hu\/en\/services\/tepidarium\/","title":{"rendered":"Tepidarium"},"content":{"rendered":"<p style=\"text-align: left;\">The meaning of the word: \u201ewarm shelter\u201d<\/p>\n<p style=\"text-align: left;\">Lying on the 30-35 degree floor laid with mosaic tile, heats up the colder parts of the body without sweating, thus improving blood circulation.<\/p>\n<p style=\"text-align: justify;\">This place can also be enjoyed by those, who cannot use the benefits of steam or saunas, due to various diseases. Stress dissolves in the pleasant warmth, we calm down and even strengthen the immune system. This general regenerating room has a good effect on the heart, strengthens the heart muscles but does not burden the body. In the tepidarium, the body releases as much heat as it absorbs, thus gently detoxifying the body. It is as suitable for prevention as it is for cure, and it&#8217;s effect is most similar to that of a beneficial fever. It is worth taking up to half an hour to get through the spirit, to switch it off completely, and everyone can set the upper limits as they wish. You can also choose it as a place for a friendly or a business chat.<\/p>\n<p style=\"text-align: justify;\"><strong>Aromatherapy in the tepidarium:<\/strong><\/p>\n<p>In the tepidarium, our colleagues tend to evaporate various esssential oils ( peppermint, lavender, lemon, oil, etc.) in small vials, so we can have a calming effect on our body through another sensory organ.<\/p>\n<p><a href=\"http:\/\/www.fehervar-arpadfurdo.hu\/wp-content\/uploads\/2015\/03\/DSC_0160_k.jpg\" rel=\"attachment wp-att-3300\" data-rel=\"lightbox-image-0\" data-rl_title=\"\" data-rl_caption=\"\" title=\"\"><img loading=\"lazy\" decoding=\"async\" class=\"alignnone wp-image-3300\" src=\"http:\/\/www.fehervar-arpadfurdo.hu\/wp-content\/uploads\/2015\/03\/DSC_0160_k.jpg\" alt=\"DSC_0160_k\" width=\"550\" height=\"364\" srcset=\"https:\/\/www.fehervar-arpadfurdo.hu\/wp-content\/uploads\/2015\/03\/DSC_0160_k.jpg 800w, https:\/\/www.fehervar-arpadfurdo.hu\/wp-content\/uploads\/2015\/03\/DSC_0160_k-300x199.jpg 300w, https:\/\/www.fehervar-arpadfurdo.hu\/wp-content\/uploads\/2015\/03\/DSC_0160_k-768x509.jpg 768w, https:\/\/www.fehervar-arpadfurdo.hu\/wp-content\/uploads\/2015\/03\/DSC_0160_k-490x325.jpg 490w\" sizes=\"auto, (max-width: 550px) 100vw, 550px\" \/><\/a><\/p>\n<p>&nbsp;<\/p>\n<p>&nbsp;<\/p>\n","protected":false},"excerpt":{"rendered":"<p>The meaning of the word: \u201ewarm shelter\u201d Lying on the 30-35 degree floor laid with mosaic tile, heats up the colder parts of the body without sweating, thus improving blood circulation. This place can also be enjoyed by those, who cannot use the benefits of steam or saunas, due to various diseases. Stress dissolves in [&hellip;]<\/p>\n","protected":false},"author":1,"featured_media":0,"parent":975,"menu_order":0,"comment_status":"closed","ping_status":"closed","template":"","meta":{"footnotes":""},"class_list":["post-1007","page","type-page","status-publish","hentry"],"yoast_head":"<!-- This site is optimized with the Yoast SEO plugin v27.1.1 - https:\/\/yoast.com\/product\/yoast-seo-wordpress\/ -->\n<title>Tepidarium - Sz\u00e9kesfeh\u00e9rv\u00e1ri \u00c1rp\u00e1d F\u00fcrd\u0151<\/title>\n<meta name=\"robots\" content=\"index, follow, max-snippet:-1, max-image-preview:large, max-video-preview:-1\" \/>\n<link rel=\"canonical\" href=\"https:\/\/www.fehervar-arpadfurdo.hu\/en\/services\/tepidarium\/\" \/>\n<meta property=\"og:locale\" content=\"en_US\" \/>\n<meta property=\"og:type\" content=\"article\" \/>\n<meta property=\"og:title\" content=\"Tepidarium - Sz\u00e9kesfeh\u00e9rv\u00e1ri \u00c1rp\u00e1d F\u00fcrd\u0151\" \/>\n<meta property=\"og:description\" content=\"The meaning of the word: \u201ewarm shelter\u201d Lying on the 30-35 degree floor laid with mosaic tile, heats up the colder parts of the body without sweating, thus improving blood circulation. This place can also be enjoyed by those, who cannot use the benefits of steam or saunas, due to various diseases. Stress dissolves in [&hellip;]\" \/>\n<meta property=\"og:url\" content=\"https:\/\/www.fehervar-arpadfurdo.hu\/en\/services\/tepidarium\/\" \/>\n<meta property=\"og:site_name\" content=\"Sz\u00e9kesfeh\u00e9rv\u00e1ri \u00c1rp\u00e1d F\u00fcrd\u0151\" \/>\n<meta property=\"article:publisher\" content=\"https:\/\/www.facebook.com\/arpadfurdo\/\" \/>\n<meta property=\"article:modified_time\" content=\"2022-05-19T13:09:39+00:00\" \/>\n<meta property=\"og:image\" content=\"http:\/\/www.fehervar-arpadfurdo.hu\/wp-content\/uploads\/2015\/03\/DSC_0160_k.jpg\" \/>\n<meta name=\"twitter:label1\" content=\"Est. reading time\" \/>\n\t<meta name=\"twitter:data1\" content=\"1 minute\" \/>\n<script type=\"application\/ld+json\" class=\"yoast-schema-graph\">{\"@context\":\"https:\/\/schema.org\",\"@graph\":[{\"@type\":\"WebPage\",\"@id\":\"https:\/\/www.fehervar-arpadfurdo.hu\/en\/services\/tepidarium\/\",\"url\":\"https:\/\/www.fehervar-arpadfurdo.hu\/en\/services\/tepidarium\/\",\"name\":\"Tepidarium - Sz\u00e9kesfeh\u00e9rv\u00e1ri \u00c1rp\u00e1d F\u00fcrd\u0151\",\"isPartOf\":{\"@id\":\"https:\/\/www.fehervar-arpadfurdo.hu\/#website\"},\"primaryImageOfPage\":{\"@id\":\"https:\/\/www.fehervar-arpadfurdo.hu\/en\/services\/tepidarium\/#primaryimage\"},\"image\":{\"@id\":\"https:\/\/www.fehervar-arpadfurdo.hu\/en\/services\/tepidarium\/#primaryimage\"},\"thumbnailUrl\":\"http:\/\/www.fehervar-arpadfurdo.hu\/wp-content\/uploads\/2015\/03\/DSC_0160_k.jpg\",\"datePublished\":\"2015-03-09T13:38:05+00:00\",\"dateModified\":\"2022-05-19T13:09:39+00:00\",\"breadcrumb\":{\"@id\":\"https:\/\/www.fehervar-arpadfurdo.hu\/en\/services\/tepidarium\/#breadcrumb\"},\"inLanguage\":\"en-US\",\"potentialAction\":[{\"@type\":\"ReadAction\",\"target\":[\"https:\/\/www.fehervar-arpadfurdo.hu\/en\/services\/tepidarium\/\"]}]},{\"@type\":\"ImageObject\",\"inLanguage\":\"en-US\",\"@id\":\"https:\/\/www.fehervar-arpadfurdo.hu\/en\/services\/tepidarium\/#primaryimage\",\"url\":\"http:\/\/www.fehervar-arpadfurdo.hu\/wp-content\/uploads\/2015\/03\/DSC_0160_k.jpg\",\"contentUrl\":\"http:\/\/www.fehervar-arpadfurdo.hu\/wp-content\/uploads\/2015\/03\/DSC_0160_k.jpg\"},{\"@type\":\"BreadcrumbList\",\"@id\":\"https:\/\/www.fehervar-arpadfurdo.hu\/en\/services\/tepidarium\/#breadcrumb\",\"itemListElement\":[{\"@type\":\"ListItem\",\"position\":1,\"name\":\"Kezd\u0151lap\",\"item\":\"https:\/\/www.fehervar-arpadfurdo.hu\/en\/\"},{\"@type\":\"ListItem\",\"position\":2,\"name\":\"Services\",\"item\":\"https:\/\/www.fehervar-arpadfurdo.hu\/en\/services\/\"},{\"@type\":\"ListItem\",\"position\":3,\"name\":\"Tepidarium\"}]},{\"@type\":\"WebSite\",\"@id\":\"https:\/\/www.fehervar-arpadfurdo.hu\/#website\",\"url\":\"https:\/\/www.fehervar-arpadfurdo.hu\/\",\"name\":\"Sz\u00e9kesfeh\u00e9rv\u00e1ri \u00c1rp\u00e1d F\u00fcrd\u0151\",\"description\":\"Mes\u00e9s \u00e9lm\u00e9ny a belv\u00e1ros sz\u00edv\u00e9ben\",\"potentialAction\":[{\"@type\":\"SearchAction\",\"target\":{\"@type\":\"EntryPoint\",\"urlTemplate\":\"https:\/\/www.fehervar-arpadfurdo.hu\/?s={search_term_string}\"},\"query-input\":{\"@type\":\"PropertyValueSpecification\",\"valueRequired\":true,\"valueName\":\"search_term_string\"}}],\"inLanguage\":\"en-US\"}]}<\/script>\n<!-- \/ Yoast SEO plugin. -->","yoast_head_json":{"title":"Tepidarium - Sz\u00e9kesfeh\u00e9rv\u00e1ri \u00c1rp\u00e1d F\u00fcrd\u0151","robots":{"index":"index","follow":"follow","max-snippet":"max-snippet:-1","max-image-preview":"max-image-preview:large","max-video-preview":"max-video-preview:-1"},"canonical":"https:\/\/www.fehervar-arpadfurdo.hu\/en\/services\/tepidarium\/","og_locale":"en_US","og_type":"article","og_title":"Tepidarium - Sz\u00e9kesfeh\u00e9rv\u00e1ri \u00c1rp\u00e1d F\u00fcrd\u0151","og_description":"The meaning of the word: \u201ewarm shelter\u201d Lying on the 30-35 degree floor laid with mosaic tile, heats up the colder parts of the body without sweating, thus improving blood circulation. This place can also be enjoyed by those, who cannot use the benefits of steam or saunas, due to various diseases. Stress dissolves in [&hellip;]","og_url":"https:\/\/www.fehervar-arpadfurdo.hu\/en\/services\/tepidarium\/","og_site_name":"Sz\u00e9kesfeh\u00e9rv\u00e1ri \u00c1rp\u00e1d F\u00fcrd\u0151","article_publisher":"https:\/\/www.facebook.com\/arpadfurdo\/","article_modified_time":"2022-05-19T13:09:39+00:00","og_image":[{"url":"http:\/\/www.fehervar-arpadfurdo.hu\/wp-content\/uploads\/2015\/03\/DSC_0160_k.jpg","type":"","width":"","height":""}],"twitter_misc":{"Est. reading time":"1 minute"},"schema":{"@context":"https:\/\/schema.org","@graph":[{"@type":"WebPage","@id":"https:\/\/www.fehervar-arpadfurdo.hu\/en\/services\/tepidarium\/","url":"https:\/\/www.fehervar-arpadfurdo.hu\/en\/services\/tepidarium\/","name":"Tepidarium - Sz\u00e9kesfeh\u00e9rv\u00e1ri \u00c1rp\u00e1d F\u00fcrd\u0151","isPartOf":{"@id":"https:\/\/www.fehervar-arpadfurdo.hu\/#website"},"primaryImageOfPage":{"@id":"https:\/\/www.fehervar-arpadfurdo.hu\/en\/services\/tepidarium\/#primaryimage"},"image":{"@id":"https:\/\/www.fehervar-arpadfurdo.hu\/en\/services\/tepidarium\/#primaryimage"},"thumbnailUrl":"http:\/\/www.fehervar-arpadfurdo.hu\/wp-content\/uploads\/2015\/03\/DSC_0160_k.jpg","datePublished":"2015-03-09T13:38:05+00:00","dateModified":"2022-05-19T13:09:39+00:00","breadcrumb":{"@id":"https:\/\/www.fehervar-arpadfurdo.hu\/en\/services\/tepidarium\/#breadcrumb"},"inLanguage":"en-US","potentialAction":[{"@type":"ReadAction","target":["https:\/\/www.fehervar-arpadfurdo.hu\/en\/services\/tepidarium\/"]}]},{"@type":"ImageObject","inLanguage":"en-US","@id":"https:\/\/www.fehervar-arpadfurdo.hu\/en\/services\/tepidarium\/#primaryimage","url":"http:\/\/www.fehervar-arpadfurdo.hu\/wp-content\/uploads\/2015\/03\/DSC_0160_k.jpg","contentUrl":"http:\/\/www.fehervar-arpadfurdo.hu\/wp-content\/uploads\/2015\/03\/DSC_0160_k.jpg"},{"@type":"BreadcrumbList","@id":"https:\/\/www.fehervar-arpadfurdo.hu\/en\/services\/tepidarium\/#breadcrumb","itemListElement":[{"@type":"ListItem","position":1,"name":"Kezd\u0151lap","item":"https:\/\/www.fehervar-arpadfurdo.hu\/en\/"},{"@type":"ListItem","position":2,"name":"Services","item":"https:\/\/www.fehervar-arpadfurdo.hu\/en\/services\/"},{"@type":"ListItem","position":3,"name":"Tepidarium"}]},{"@type":"WebSite","@id":"https:\/\/www.fehervar-arpadfurdo.hu\/#website","url":"https:\/\/www.fehervar-arpadfurdo.hu\/","name":"Sz\u00e9kesfeh\u00e9rv\u00e1ri \u00c1rp\u00e1d F\u00fcrd\u0151","description":"Mes\u00e9s \u00e9lm\u00e9ny a belv\u00e1ros sz\u00edv\u00e9ben","potentialAction":[{"@type":"SearchAction","target":{"@type":"EntryPoint","urlTemplate":"https:\/\/www.fehervar-arpadfurdo.hu\/?s={search_term_string}"},"query-input":{"@type":"PropertyValueSpecification","valueRequired":true,"valueName":"search_term_string"}}],"inLanguage":"en-US"}]}},"_links":{"self":[{"href":"https:\/\/www.fehervar-arpadfurdo.hu\/en\/wp-json\/wp\/v2\/pages\/1007","targetHints":{"allow":["GET"]}}],"collection":[{"href":"https:\/\/www.fehervar-arpadfurdo.hu\/en\/wp-json\/wp\/v2\/pages"}],"about":[{"href":"https:\/\/www.fehervar-arpadfurdo.hu\/en\/wp-json\/wp\/v2\/types\/page"}],"author":[{"embeddable":true,"href":"https:\/\/www.fehervar-arpadfurdo.hu\/en\/wp-json\/wp\/v2\/users\/1"}],"replies":[{"embeddable":true,"href":"https:\/\/www.fehervar-arpadfurdo.hu\/en\/wp-json\/wp\/v2\/comments?post=1007"}],"version-history":[{"count":6,"href":"https:\/\/www.fehervar-arpadfurdo.hu\/en\/wp-json\/wp\/v2\/pages\/1007\/revisions"}],"predecessor-version":[{"id":12983,"href":"https:\/\/www.fehervar-arpadfurdo.hu\/en\/wp-json\/wp\/v2\/pages\/1007\/revisions\/12983"}],"up":[{"embeddable":true,"href":"https:\/\/www.fehervar-arpadfurdo.hu\/en\/wp-json\/wp\/v2\/pages\/975"}],"wp:attachment":[{"href":"https:\/\/www.fehervar-arpadfurdo.hu\/en\/wp-json\/wp\/v2\/media?parent=1007"}],"curies":[{"name":"wp","href":"https:\/\/api.w.org\/{rel}","templated":true}]}}