{"id":1011,"date":"2015-01-16T11:52:30","date_gmt":"2015-01-16T10:52:30","guid":{"rendered":"http:\/\/www.fehervar-arpadfurdo.hu\/?page_id=1011"},"modified":"2025-02-04T13:09:24","modified_gmt":"2025-02-04T12:09:24","slug":"bar","status":"publish","type":"page","link":"https:\/\/www.fehervar-arpadfurdo.hu\/en\/services\/bar\/","title":{"rendered":"Buffet"},"content":{"rendered":"<p style=\"text-align: justify;\">Our bath&#8217;s snack bar is waiting for the bathers, in a cozy environment, with a wide selection of food and drinks. Payment methods: cash, credit card, SZ\u00c9P card. In addition, to traditional fast foods (hamburger, hot-dog, etc.), modern combinations (cheese and salad plates, etc.) are also available.<\/p>\n<p style=\"text-align: justify;\"><a href=\"http:\/\/www.fehervar-arpadfurdo.hu\/wp-content\/uploads\/2015\/01\/b\u00e1r-2015_k.jpg\" data-rel=\"lightbox-image-0\" data-rl_title=\"\" data-rl_caption=\"\" title=\"\"><img loading=\"lazy\" decoding=\"async\" class=\"alignnone wp-image-2574\" src=\"http:\/\/www.fehervar-arpadfurdo.hu\/wp-content\/uploads\/2015\/01\/b\u00e1r-2015_k-490x325.jpg\" alt=\"b\u00e1r 2015_k\" width=\"395\" height=\"262\" srcset=\"https:\/\/www.fehervar-arpadfurdo.hu\/wp-content\/uploads\/2015\/01\/b\u00e1r-2015_k-490x325.jpg 490w, https:\/\/www.fehervar-arpadfurdo.hu\/wp-content\/uploads\/2015\/01\/b\u00e1r-2015_k-300x199.jpg 300w, https:\/\/www.fehervar-arpadfurdo.hu\/wp-content\/uploads\/2015\/01\/b\u00e1r-2015_k-768x509.jpg 768w, https:\/\/www.fehervar-arpadfurdo.hu\/wp-content\/uploads\/2015\/01\/b\u00e1r-2015_k.jpg 1024w\" sizes=\"auto, (max-width: 395px) 100vw, 395px\" \/><\/a>\u00a0\u00a0<a href=\"http:\/\/www.fehervar-arpadfurdo.hu\/wp-content\/uploads\/2015\/01\/B\u00e1r_2015b_k.jpg\" data-rel=\"lightbox-image-1\" data-rl_title=\"\" data-rl_caption=\"\" title=\"\"><img loading=\"lazy\" decoding=\"async\" class=\"alignnone wp-image-2576\" src=\"http:\/\/www.fehervar-arpadfurdo.hu\/wp-content\/uploads\/2015\/01\/B\u00e1r_2015b_k-490x325.jpg\" alt=\"B\u00e1r_2015b_k\" width=\"395\" height=\"262\" srcset=\"https:\/\/www.fehervar-arpadfurdo.hu\/wp-content\/uploads\/2015\/01\/B\u00e1r_2015b_k-490x325.jpg 490w, https:\/\/www.fehervar-arpadfurdo.hu\/wp-content\/uploads\/2015\/01\/B\u00e1r_2015b_k-300x199.jpg 300w, https:\/\/www.fehervar-arpadfurdo.hu\/wp-content\/uploads\/2015\/01\/B\u00e1r_2015b_k-768x509.jpg 768w, https:\/\/www.fehervar-arpadfurdo.hu\/wp-content\/uploads\/2015\/01\/B\u00e1r_2015b_k.jpg 1024w\" sizes=\"auto, (max-width: 395px) 100vw, 395px\" \/><\/a><\/p>\n<h3 style=\"text-align: justify;\">Our bath&#8217;s menu:<\/h3>\n<p><a href=\"https:\/\/www.fehervar-arpadfurdo.hu\/wp-content\/uploads\/2023\/12\/etlap_2023_1.jpg\" data-rel=\"lightbox-image-2\" data-rl_title=\"\" data-rl_caption=\"\" title=\"\"><img loading=\"lazy\" decoding=\"async\" class=\"alignnone wp-image-14083\" src=\"https:\/\/www.fehervar-arpadfurdo.hu\/wp-content\/uploads\/2023\/12\/etlap_2023_1.jpg\" alt=\"\" width=\"400\" height=\"566\" srcset=\"https:\/\/www.fehervar-arpadfurdo.hu\/wp-content\/uploads\/2023\/12\/etlap_2023_1.jpg 1448w, https:\/\/www.fehervar-arpadfurdo.hu\/wp-content\/uploads\/2023\/12\/etlap_2023_1-212x300.jpg 212w, https:\/\/www.fehervar-arpadfurdo.hu\/wp-content\/uploads\/2023\/12\/etlap_2023_1-724x1024.jpg 724w, https:\/\/www.fehervar-arpadfurdo.hu\/wp-content\/uploads\/2023\/12\/etlap_2023_1-768x1086.jpg 768w, https:\/\/www.fehervar-arpadfurdo.hu\/wp-content\/uploads\/2023\/12\/etlap_2023_1-1086x1536.jpg 1086w\" sizes=\"auto, (max-width: 400px) 100vw, 400px\" \/>\u00a0 <\/a><a href=\"https:\/\/www.fehervar-arpadfurdo.hu\/wp-content\/uploads\/2023\/12\/etlap_2023_2.jpg\" data-rel=\"lightbox-image-3\" data-rl_title=\"\" data-rl_caption=\"\" title=\"\"><img loading=\"lazy\" decoding=\"async\" class=\"alignnone wp-image-14085\" src=\"https:\/\/www.fehervar-arpadfurdo.hu\/wp-content\/uploads\/2023\/12\/etlap_2023_2.jpg\" alt=\"\" width=\"400\" height=\"566\" srcset=\"https:\/\/www.fehervar-arpadfurdo.hu\/wp-content\/uploads\/2023\/12\/etlap_2023_2.jpg 1448w, https:\/\/www.fehervar-arpadfurdo.hu\/wp-content\/uploads\/2023\/12\/etlap_2023_2-212x300.jpg 212w, https:\/\/www.fehervar-arpadfurdo.hu\/wp-content\/uploads\/2023\/12\/etlap_2023_2-724x1024.jpg 724w, https:\/\/www.fehervar-arpadfurdo.hu\/wp-content\/uploads\/2023\/12\/etlap_2023_2-768x1086.jpg 768w, https:\/\/www.fehervar-arpadfurdo.hu\/wp-content\/uploads\/2023\/12\/etlap_2023_2-1086x1536.jpg 1086w\" sizes=\"auto, (max-width: 400px) 100vw, 400px\" \/><\/a><\/p>\n<h3 style=\"text-align: justify;\">Our bath&#8217;s list of beverages:<\/h3>\n<p><a href=\"https:\/\/www.fehervar-arpadfurdo.hu\/wp-content\/uploads\/2022\/09\/etlap_itallap_22_08_303.jpg\" data-rel=\"lightbox-image-4\" data-rl_title=\"\" data-rl_caption=\"\" title=\"\"><img loading=\"lazy\" decoding=\"async\" class=\"alignnone wp-image-13162\" src=\"https:\/\/www.fehervar-arpadfurdo.hu\/wp-content\/uploads\/2022\/09\/etlap_itallap_22_08_303.jpg\" alt=\"\" width=\"400\" height=\"566\" srcset=\"https:\/\/www.fehervar-arpadfurdo.hu\/wp-content\/uploads\/2022\/09\/etlap_itallap_22_08_303.jpg 794w, https:\/\/www.fehervar-arpadfurdo.hu\/wp-content\/uploads\/2022\/09\/etlap_itallap_22_08_303-212x300.jpg 212w, https:\/\/www.fehervar-arpadfurdo.hu\/wp-content\/uploads\/2022\/09\/etlap_itallap_22_08_303-724x1024.jpg 724w, https:\/\/www.fehervar-arpadfurdo.hu\/wp-content\/uploads\/2022\/09\/etlap_itallap_22_08_303-768x1086.jpg 768w\" sizes=\"auto, (max-width: 400px) 100vw, 400px\" \/><\/a> \u00a0<a href=\"https:\/\/www.fehervar-arpadfurdo.hu\/wp-content\/uploads\/2022\/09\/etlap_itallap_22_08_304.jpg\" data-rel=\"lightbox-image-5\" data-rl_title=\"\" data-rl_caption=\"\" title=\"\"><img loading=\"lazy\" decoding=\"async\" class=\"alignnone wp-image-13164\" src=\"https:\/\/www.fehervar-arpadfurdo.hu\/wp-content\/uploads\/2022\/09\/etlap_itallap_22_08_304.jpg\" alt=\"\" width=\"400\" height=\"566\" srcset=\"https:\/\/www.fehervar-arpadfurdo.hu\/wp-content\/uploads\/2022\/09\/etlap_itallap_22_08_304.jpg 794w, https:\/\/www.fehervar-arpadfurdo.hu\/wp-content\/uploads\/2022\/09\/etlap_itallap_22_08_304-212x300.jpg 212w, https:\/\/www.fehervar-arpadfurdo.hu\/wp-content\/uploads\/2022\/09\/etlap_itallap_22_08_304-724x1024.jpg 724w, https:\/\/www.fehervar-arpadfurdo.hu\/wp-content\/uploads\/2022\/09\/etlap_itallap_22_08_304-768x1086.jpg 768w\" sizes=\"auto, (max-width: 400px) 100vw, 400px\" \/><\/a><\/p>\n<p style=\"text-align: justify;\">Our &#8220;green&#8221; room is next to the bar and it&#8217;s available for everybody, even from the street. This room only has a few seats, but it&#8217;s perfect for an intimate conversation, for a trial of few people, and it&#8217;s an ideal place for those who are currently waiting for a massage.<\/p>\n<p style=\"text-align: justify;\"><a href=\"http:\/\/www.fehervar-arpadfurdo.hu\/wp-content\/uploads\/2015\/01\/DSC_0762.jpg\" data-rel=\"lightbox-image-6\" data-rl_title=\"\" data-rl_caption=\"\" title=\"\"><img loading=\"lazy\" decoding=\"async\" class=\"alignnone wp-image-1393\" src=\"http:\/\/www.fehervar-arpadfurdo.hu\/wp-content\/uploads\/2015\/01\/DSC_0762-490x325.jpg\" alt=\"DSC_0762\" width=\"395\" height=\"262\" srcset=\"https:\/\/www.fehervar-arpadfurdo.hu\/wp-content\/uploads\/2015\/01\/DSC_0762-490x325.jpg 490w, https:\/\/www.fehervar-arpadfurdo.hu\/wp-content\/uploads\/2015\/01\/DSC_0762-300x199.jpg 300w, https:\/\/www.fehervar-arpadfurdo.hu\/wp-content\/uploads\/2015\/01\/DSC_0762-768x509.jpg 768w, https:\/\/www.fehervar-arpadfurdo.hu\/wp-content\/uploads\/2015\/01\/DSC_0762-1024x678.jpg 1024w, https:\/\/www.fehervar-arpadfurdo.hu\/wp-content\/uploads\/2015\/01\/DSC_0762.jpg 2048w\" sizes=\"auto, (max-width: 395px) 100vw, 395px\" \/><\/a>\u00a0\u00a0<a href=\"http:\/\/www.fehervar-arpadfurdo.hu\/wp-content\/uploads\/2015\/01\/z\u00f6ld_k.jpg\" rel=\"attachment wp-att-3123\" data-rel=\"lightbox-image-7\" data-rl_title=\"\" data-rl_caption=\"\" title=\"\"><img loading=\"lazy\" decoding=\"async\" class=\"alignnone wp-image-3123\" src=\"http:\/\/www.fehervar-arpadfurdo.hu\/wp-content\/uploads\/2015\/01\/z\u00f6ld_k-1024x678.jpg\" alt=\"z\u00f6ld_k\" width=\"395\" height=\"262\" srcset=\"https:\/\/www.fehervar-arpadfurdo.hu\/wp-content\/uploads\/2015\/01\/z\u00f6ld_k.jpg 1024w, https:\/\/www.fehervar-arpadfurdo.hu\/wp-content\/uploads\/2015\/01\/z\u00f6ld_k-300x199.jpg 300w, https:\/\/www.fehervar-arpadfurdo.hu\/wp-content\/uploads\/2015\/01\/z\u00f6ld_k-768x509.jpg 768w, https:\/\/www.fehervar-arpadfurdo.hu\/wp-content\/uploads\/2015\/01\/z\u00f6ld_k-490x325.jpg 490w\" sizes=\"auto, (max-width: 395px) 100vw, 395px\" \/><\/a><\/p>\n","protected":false},"excerpt":{"rendered":"<p>Our bath&#8217;s snack bar is waiting for the bathers, in a cozy environment, with a wide selection of food and drinks. Payment methods: cash, credit card, SZ\u00c9P card. In addition, to traditional fast foods (hamburger, hot-dog, etc.), modern combinations (cheese and salad plates, etc.) are also available. \u00a0\u00a0 Our bath&#8217;s menu: \u00a0 Our bath&#8217;s list [&hellip;]<\/p>\n","protected":false},"author":1,"featured_media":0,"parent":975,"menu_order":60,"comment_status":"closed","ping_status":"open","template":"","meta":{"footnotes":""},"class_list":["post-1011","page","type-page","status-publish","hentry"],"yoast_head":"<!-- This site is optimized with the Yoast SEO plugin v27.1.1 - https:\/\/yoast.com\/product\/yoast-seo-wordpress\/ -->\n<title>Buffet - Sz\u00e9kesfeh\u00e9rv\u00e1ri \u00c1rp\u00e1d F\u00fcrd\u0151<\/title>\n<meta name=\"description\" content=\"A Sz\u00e9kesfeh\u00e9rv\u00e1ri \u00c1rp\u00e1d F\u00fcrd\u0151 a m\u00falt \u00e9s jelen vil\u00e1g\u00e1t \u00f6tv\u00f6z\u0151 f\u00fcrd\u0151vil\u00e1g, ahol az \u00d6n ig\u00e9nyeihez igazodott szolg\u00e1ltat\u00e1sokkal \u00e9s nyitva tart\u00e1ssal v\u00e1rjuk!\" \/>\n<meta name=\"robots\" content=\"index, follow, max-snippet:-1, max-image-preview:large, max-video-preview:-1\" \/>\n<link rel=\"canonical\" href=\"https:\/\/www.fehervar-arpadfurdo.hu\/en\/services\/bar\/\" \/>\n<meta property=\"og:locale\" content=\"en_US\" \/>\n<meta property=\"og:type\" content=\"article\" \/>\n<meta property=\"og:title\" content=\"Buffet - Sz\u00e9kesfeh\u00e9rv\u00e1ri \u00c1rp\u00e1d F\u00fcrd\u0151\" \/>\n<meta property=\"og:description\" content=\"A Sz\u00e9kesfeh\u00e9rv\u00e1ri \u00c1rp\u00e1d F\u00fcrd\u0151 a m\u00falt \u00e9s jelen vil\u00e1g\u00e1t \u00f6tv\u00f6z\u0151 f\u00fcrd\u0151vil\u00e1g, ahol az \u00d6n ig\u00e9nyeihez igazodott szolg\u00e1ltat\u00e1sokkal \u00e9s nyitva tart\u00e1ssal v\u00e1rjuk!\" \/>\n<meta property=\"og:url\" content=\"https:\/\/www.fehervar-arpadfurdo.hu\/en\/services\/bar\/\" \/>\n<meta property=\"og:site_name\" content=\"Sz\u00e9kesfeh\u00e9rv\u00e1ri \u00c1rp\u00e1d F\u00fcrd\u0151\" \/>\n<meta property=\"article:publisher\" content=\"https:\/\/www.facebook.com\/arpadfurdo\/\" \/>\n<meta property=\"article:modified_time\" content=\"2025-02-04T12:09:24+00:00\" \/>\n<meta property=\"og:image\" content=\"https:\/\/www.fehervar-arpadfurdo.hu\/wp-content\/uploads\/2022\/09\/etlap_itallap_22_08_30.jpg\" \/>\n<meta name=\"twitter:label1\" content=\"Est. reading time\" \/>\n\t<meta name=\"twitter:data1\" content=\"3 minutes\" \/>\n<script type=\"application\/ld+json\" class=\"yoast-schema-graph\">{\"@context\":\"https:\/\/schema.org\",\"@graph\":[{\"@type\":\"WebPage\",\"@id\":\"https:\/\/www.fehervar-arpadfurdo.hu\/en\/services\/bar\/\",\"url\":\"https:\/\/www.fehervar-arpadfurdo.hu\/en\/services\/bar\/\",\"name\":\"Buffet - Sz\u00e9kesfeh\u00e9rv\u00e1ri \u00c1rp\u00e1d F\u00fcrd\u0151\",\"isPartOf\":{\"@id\":\"https:\/\/www.fehervar-arpadfurdo.hu\/#website\"},\"primaryImageOfPage\":{\"@id\":\"https:\/\/www.fehervar-arpadfurdo.hu\/en\/services\/bar\/#primaryimage\"},\"image\":{\"@id\":\"https:\/\/www.fehervar-arpadfurdo.hu\/en\/services\/bar\/#primaryimage\"},\"thumbnailUrl\":\"https:\/\/www.fehervar-arpadfurdo.hu\/wp-content\/uploads\/2023\/12\/etlap_2023_1.jpg\",\"datePublished\":\"2015-01-16T10:52:30+00:00\",\"dateModified\":\"2025-02-04T12:09:24+00:00\",\"description\":\"A Sz\u00e9kesfeh\u00e9rv\u00e1ri \u00c1rp\u00e1d F\u00fcrd\u0151 a m\u00falt \u00e9s jelen vil\u00e1g\u00e1t \u00f6tv\u00f6z\u0151 f\u00fcrd\u0151vil\u00e1g, ahol az \u00d6n ig\u00e9nyeihez igazodott szolg\u00e1ltat\u00e1sokkal \u00e9s nyitva tart\u00e1ssal v\u00e1rjuk!\",\"breadcrumb\":{\"@id\":\"https:\/\/www.fehervar-arpadfurdo.hu\/en\/services\/bar\/#breadcrumb\"},\"inLanguage\":\"en-US\",\"potentialAction\":[{\"@type\":\"ReadAction\",\"target\":[\"https:\/\/www.fehervar-arpadfurdo.hu\/en\/services\/bar\/\"]}]},{\"@type\":\"ImageObject\",\"inLanguage\":\"en-US\",\"@id\":\"https:\/\/www.fehervar-arpadfurdo.hu\/en\/services\/bar\/#primaryimage\",\"url\":\"https:\/\/www.fehervar-arpadfurdo.hu\/wp-content\/uploads\/2023\/12\/etlap_2023_1.jpg\",\"contentUrl\":\"https:\/\/www.fehervar-arpadfurdo.hu\/wp-content\/uploads\/2023\/12\/etlap_2023_1.jpg\"},{\"@type\":\"BreadcrumbList\",\"@id\":\"https:\/\/www.fehervar-arpadfurdo.hu\/en\/services\/bar\/#breadcrumb\",\"itemListElement\":[{\"@type\":\"ListItem\",\"position\":1,\"name\":\"Kezd\u0151lap\",\"item\":\"https:\/\/www.fehervar-arpadfurdo.hu\/en\/\"},{\"@type\":\"ListItem\",\"position\":2,\"name\":\"Services\",\"item\":\"https:\/\/www.fehervar-arpadfurdo.hu\/en\/services\/\"},{\"@type\":\"ListItem\",\"position\":3,\"name\":\"Buffet\"}]},{\"@type\":\"WebSite\",\"@id\":\"https:\/\/www.fehervar-arpadfurdo.hu\/#website\",\"url\":\"https:\/\/www.fehervar-arpadfurdo.hu\/\",\"name\":\"Sz\u00e9kesfeh\u00e9rv\u00e1ri \u00c1rp\u00e1d F\u00fcrd\u0151\",\"description\":\"Mes\u00e9s \u00e9lm\u00e9ny a belv\u00e1ros sz\u00edv\u00e9ben\",\"potentialAction\":[{\"@type\":\"SearchAction\",\"target\":{\"@type\":\"EntryPoint\",\"urlTemplate\":\"https:\/\/www.fehervar-arpadfurdo.hu\/?s={search_term_string}\"},\"query-input\":{\"@type\":\"PropertyValueSpecification\",\"valueRequired\":true,\"valueName\":\"search_term_string\"}}],\"inLanguage\":\"en-US\"}]}<\/script>\n<!-- \/ Yoast SEO plugin. -->","yoast_head_json":{"title":"Buffet - Sz\u00e9kesfeh\u00e9rv\u00e1ri \u00c1rp\u00e1d F\u00fcrd\u0151","description":"A Sz\u00e9kesfeh\u00e9rv\u00e1ri \u00c1rp\u00e1d F\u00fcrd\u0151 a m\u00falt \u00e9s jelen vil\u00e1g\u00e1t \u00f6tv\u00f6z\u0151 f\u00fcrd\u0151vil\u00e1g, ahol az \u00d6n ig\u00e9nyeihez igazodott szolg\u00e1ltat\u00e1sokkal \u00e9s nyitva tart\u00e1ssal v\u00e1rjuk!","robots":{"index":"index","follow":"follow","max-snippet":"max-snippet:-1","max-image-preview":"max-image-preview:large","max-video-preview":"max-video-preview:-1"},"canonical":"https:\/\/www.fehervar-arpadfurdo.hu\/en\/services\/bar\/","og_locale":"en_US","og_type":"article","og_title":"Buffet - Sz\u00e9kesfeh\u00e9rv\u00e1ri \u00c1rp\u00e1d F\u00fcrd\u0151","og_description":"A Sz\u00e9kesfeh\u00e9rv\u00e1ri \u00c1rp\u00e1d F\u00fcrd\u0151 a m\u00falt \u00e9s jelen vil\u00e1g\u00e1t \u00f6tv\u00f6z\u0151 f\u00fcrd\u0151vil\u00e1g, ahol az \u00d6n ig\u00e9nyeihez igazodott szolg\u00e1ltat\u00e1sokkal \u00e9s nyitva tart\u00e1ssal v\u00e1rjuk!","og_url":"https:\/\/www.fehervar-arpadfurdo.hu\/en\/services\/bar\/","og_site_name":"Sz\u00e9kesfeh\u00e9rv\u00e1ri \u00c1rp\u00e1d F\u00fcrd\u0151","article_publisher":"https:\/\/www.facebook.com\/arpadfurdo\/","article_modified_time":"2025-02-04T12:09:24+00:00","og_image":[{"url":"https:\/\/www.fehervar-arpadfurdo.hu\/wp-content\/uploads\/2022\/09\/etlap_itallap_22_08_30.jpg","type":"","width":"","height":""}],"twitter_misc":{"Est. reading time":"3 minutes"},"schema":{"@context":"https:\/\/schema.org","@graph":[{"@type":"WebPage","@id":"https:\/\/www.fehervar-arpadfurdo.hu\/en\/services\/bar\/","url":"https:\/\/www.fehervar-arpadfurdo.hu\/en\/services\/bar\/","name":"Buffet - Sz\u00e9kesfeh\u00e9rv\u00e1ri \u00c1rp\u00e1d F\u00fcrd\u0151","isPartOf":{"@id":"https:\/\/www.fehervar-arpadfurdo.hu\/#website"},"primaryImageOfPage":{"@id":"https:\/\/www.fehervar-arpadfurdo.hu\/en\/services\/bar\/#primaryimage"},"image":{"@id":"https:\/\/www.fehervar-arpadfurdo.hu\/en\/services\/bar\/#primaryimage"},"thumbnailUrl":"https:\/\/www.fehervar-arpadfurdo.hu\/wp-content\/uploads\/2023\/12\/etlap_2023_1.jpg","datePublished":"2015-01-16T10:52:30+00:00","dateModified":"2025-02-04T12:09:24+00:00","description":"A Sz\u00e9kesfeh\u00e9rv\u00e1ri \u00c1rp\u00e1d F\u00fcrd\u0151 a m\u00falt \u00e9s jelen vil\u00e1g\u00e1t \u00f6tv\u00f6z\u0151 f\u00fcrd\u0151vil\u00e1g, ahol az \u00d6n ig\u00e9nyeihez igazodott szolg\u00e1ltat\u00e1sokkal \u00e9s nyitva tart\u00e1ssal v\u00e1rjuk!","breadcrumb":{"@id":"https:\/\/www.fehervar-arpadfurdo.hu\/en\/services\/bar\/#breadcrumb"},"inLanguage":"en-US","potentialAction":[{"@type":"ReadAction","target":["https:\/\/www.fehervar-arpadfurdo.hu\/en\/services\/bar\/"]}]},{"@type":"ImageObject","inLanguage":"en-US","@id":"https:\/\/www.fehervar-arpadfurdo.hu\/en\/services\/bar\/#primaryimage","url":"https:\/\/www.fehervar-arpadfurdo.hu\/wp-content\/uploads\/2023\/12\/etlap_2023_1.jpg","contentUrl":"https:\/\/www.fehervar-arpadfurdo.hu\/wp-content\/uploads\/2023\/12\/etlap_2023_1.jpg"},{"@type":"BreadcrumbList","@id":"https:\/\/www.fehervar-arpadfurdo.hu\/en\/services\/bar\/#breadcrumb","itemListElement":[{"@type":"ListItem","position":1,"name":"Kezd\u0151lap","item":"https:\/\/www.fehervar-arpadfurdo.hu\/en\/"},{"@type":"ListItem","position":2,"name":"Services","item":"https:\/\/www.fehervar-arpadfurdo.hu\/en\/services\/"},{"@type":"ListItem","position":3,"name":"Buffet"}]},{"@type":"WebSite","@id":"https:\/\/www.fehervar-arpadfurdo.hu\/#website","url":"https:\/\/www.fehervar-arpadfurdo.hu\/","name":"Sz\u00e9kesfeh\u00e9rv\u00e1ri \u00c1rp\u00e1d F\u00fcrd\u0151","description":"Mes\u00e9s \u00e9lm\u00e9ny a belv\u00e1ros sz\u00edv\u00e9ben","potentialAction":[{"@type":"SearchAction","target":{"@type":"EntryPoint","urlTemplate":"https:\/\/www.fehervar-arpadfurdo.hu\/?s={search_term_string}"},"query-input":{"@type":"PropertyValueSpecification","valueRequired":true,"valueName":"search_term_string"}}],"inLanguage":"en-US"}]}},"_links":{"self":[{"href":"https:\/\/www.fehervar-arpadfurdo.hu\/en\/wp-json\/wp\/v2\/pages\/1011","targetHints":{"allow":["GET"]}}],"collection":[{"href":"https:\/\/www.fehervar-arpadfurdo.hu\/en\/wp-json\/wp\/v2\/pages"}],"about":[{"href":"https:\/\/www.fehervar-arpadfurdo.hu\/en\/wp-json\/wp\/v2\/types\/page"}],"author":[{"embeddable":true,"href":"https:\/\/www.fehervar-arpadfurdo.hu\/en\/wp-json\/wp\/v2\/users\/1"}],"replies":[{"embeddable":true,"href":"https:\/\/www.fehervar-arpadfurdo.hu\/en\/wp-json\/wp\/v2\/comments?post=1011"}],"version-history":[{"count":36,"href":"https:\/\/www.fehervar-arpadfurdo.hu\/en\/wp-json\/wp\/v2\/pages\/1011\/revisions"}],"predecessor-version":[{"id":12942,"href":"https:\/\/www.fehervar-arpadfurdo.hu\/en\/wp-json\/wp\/v2\/pages\/1011\/revisions\/12942"}],"up":[{"embeddable":true,"href":"https:\/\/www.fehervar-arpadfurdo.hu\/en\/wp-json\/wp\/v2\/pages\/975"}],"wp:attachment":[{"href":"https:\/\/www.fehervar-arpadfurdo.hu\/en\/wp-json\/wp\/v2\/media?parent=1011"}],"curies":[{"name":"wp","href":"https:\/\/api.w.org\/{rel}","templated":true}]}}