{"id":333,"date":"2015-02-03T11:58:28","date_gmt":"2015-02-03T10:58:28","guid":{"rendered":"http:\/\/www.fehervar-arpadfurdo.hu\/?page_id=333"},"modified":"2021-11-09T13:42:31","modified_gmt":"2021-11-09T12:42:31","slug":"mai-szaunafeltoltes-2015-02-03-kedd-2","status":"publish","type":"page","link":"https:\/\/www.fehervar-arpadfurdo.hu\/en\/","title":{"rendered":"Welcome to our Bath!"},"content":{"rendered":"<h4 style=\"text-align: justify;\">The \u00c1rp\u00e1d Spa was built in 1905, but after several decade it had deteriorated so badly by 1989 that the closure of the establishment was necessary.<\/h4>\n<h4 style=\"text-align: justify;\">Following careful reconstruction works the now privately-owned institution was opened to public in 2010. In the most spectacular part of the establishment in the Turkish bath there are 2 pools with mosaic and 2 hot tubs, where the 37 degree Celsius water awaits those who seek relaxation. The massage pool and the sauna world can be found at the new part of the building.<\/h4>\n<p>&nbsp;<\/p>\n<p><a href=\"https:\/\/www.fehervar-arpadfurdo.hu\/wp-content\/uploads\/2021\/11\/epulet_nappal_MG_1442.jpg\" data-rel=\"lightbox-image-0\" data-rl_title=\"\" data-rl_caption=\"\" title=\"\"><img loading=\"lazy\" decoding=\"async\" class=\"alignnone wp-image-12522 size-full\" src=\"https:\/\/www.fehervar-arpadfurdo.hu\/wp-content\/uploads\/2021\/11\/epulet_nappal_MG_1442.jpg\" alt=\"\" width=\"2048\" height=\"900\" srcset=\"https:\/\/www.fehervar-arpadfurdo.hu\/wp-content\/uploads\/2021\/11\/epulet_nappal_MG_1442.jpg 2048w, https:\/\/www.fehervar-arpadfurdo.hu\/wp-content\/uploads\/2021\/11\/epulet_nappal_MG_1442-300x132.jpg 300w, https:\/\/www.fehervar-arpadfurdo.hu\/wp-content\/uploads\/2021\/11\/epulet_nappal_MG_1442-1024x450.jpg 1024w, https:\/\/www.fehervar-arpadfurdo.hu\/wp-content\/uploads\/2021\/11\/epulet_nappal_MG_1442-768x338.jpg 768w, https:\/\/www.fehervar-arpadfurdo.hu\/wp-content\/uploads\/2021\/11\/epulet_nappal_MG_1442-1536x675.jpg 1536w\" sizes=\"auto, (max-width: 2048px) 100vw, 2048px\" \/><\/a><\/p>\n<p>&nbsp;<\/p>\n","protected":false},"excerpt":{"rendered":"<p>The \u00c1rp\u00e1d Spa was built in 1905, but after several decade it had deteriorated so badly by 1989 that the closure of the establishment was necessary. Following careful reconstruction works the now privately-owned institution was opened to public in 2010. In the most spectacular part of the establishment in the Turkish bath there are 2 [&hellip;]<\/p>\n","protected":false},"author":1,"featured_media":0,"parent":0,"menu_order":0,"comment_status":"closed","ping_status":"closed","template":"","meta":{"footnotes":""},"class_list":["post-333","page","type-page","status-publish","hentry"],"yoast_head":"<!-- This site is optimized with the Yoast SEO plugin v27.5 - https:\/\/yoast.com\/product\/yoast-seo-wordpress\/ -->\n<title>Welcome to our Bath! - Sz\u00e9kesfeh\u00e9rv\u00e1ri \u00c1rp\u00e1d F\u00fcrd\u0151<\/title>\n<meta name=\"robots\" content=\"index, follow, max-snippet:-1, max-image-preview:large, max-video-preview:-1\" \/>\n<link rel=\"canonical\" href=\"https:\/\/www.fehervar-arpadfurdo.hu\/en\/\" \/>\n<meta property=\"og:locale\" content=\"en_US\" \/>\n<meta property=\"og:type\" content=\"article\" \/>\n<meta property=\"og:title\" content=\"Welcome to our Bath! - Sz\u00e9kesfeh\u00e9rv\u00e1ri \u00c1rp\u00e1d F\u00fcrd\u0151\" \/>\n<meta property=\"og:description\" content=\"The \u00c1rp\u00e1d Spa was built in 1905, but after several decade it had deteriorated so badly by 1989 that the closure of the establishment was necessary. Following careful reconstruction works the now privately-owned institution was opened to public in 2010. In the most spectacular part of the establishment in the Turkish bath there are 2 [&hellip;]\" \/>\n<meta property=\"og:url\" content=\"https:\/\/www.fehervar-arpadfurdo.hu\/en\/\" \/>\n<meta property=\"og:site_name\" content=\"Sz\u00e9kesfeh\u00e9rv\u00e1ri \u00c1rp\u00e1d F\u00fcrd\u0151\" \/>\n<meta property=\"article:publisher\" content=\"https:\/\/www.facebook.com\/arpadfurdo\/\" \/>\n<meta property=\"article:modified_time\" content=\"2021-11-09T12:42:31+00:00\" \/>\n<meta property=\"og:image\" content=\"https:\/\/www.fehervar-arpadfurdo.hu\/wp-content\/uploads\/2021\/11\/epulet_nappal_MG_1442.jpg\" \/>\n<meta name=\"twitter:label1\" content=\"Est. reading time\" \/>\n\t<meta name=\"twitter:data1\" content=\"1 minute\" \/>\n<script type=\"application\/ld+json\" class=\"yoast-schema-graph\">{\"@context\":\"https:\\\/\\\/schema.org\",\"@graph\":[{\"@type\":\"WebPage\",\"@id\":\"https:\\\/\\\/www.fehervar-arpadfurdo.hu\\\/en\\\/\",\"url\":\"https:\\\/\\\/www.fehervar-arpadfurdo.hu\\\/en\\\/\",\"name\":\"Welcome to our Bath! - Sz\u00e9kesfeh\u00e9rv\u00e1ri \u00c1rp\u00e1d F\u00fcrd\u0151\",\"isPartOf\":{\"@id\":\"https:\\\/\\\/www.fehervar-arpadfurdo.hu\\\/#website\"},\"primaryImageOfPage\":{\"@id\":\"https:\\\/\\\/www.fehervar-arpadfurdo.hu\\\/en\\\/#primaryimage\"},\"image\":{\"@id\":\"https:\\\/\\\/www.fehervar-arpadfurdo.hu\\\/en\\\/#primaryimage\"},\"thumbnailUrl\":\"https:\\\/\\\/www.fehervar-arpadfurdo.hu\\\/wp-content\\\/uploads\\\/2021\\\/11\\\/epulet_nappal_MG_1442.jpg\",\"datePublished\":\"2015-02-03T10:58:28+00:00\",\"dateModified\":\"2021-11-09T12:42:31+00:00\",\"breadcrumb\":{\"@id\":\"https:\\\/\\\/www.fehervar-arpadfurdo.hu\\\/en\\\/#breadcrumb\"},\"inLanguage\":\"en-US\",\"potentialAction\":[{\"@type\":\"ReadAction\",\"target\":[\"https:\\\/\\\/www.fehervar-arpadfurdo.hu\\\/en\\\/\"]}]},{\"@type\":\"ImageObject\",\"inLanguage\":\"en-US\",\"@id\":\"https:\\\/\\\/www.fehervar-arpadfurdo.hu\\\/en\\\/#primaryimage\",\"url\":\"https:\\\/\\\/www.fehervar-arpadfurdo.hu\\\/wp-content\\\/uploads\\\/2021\\\/11\\\/epulet_nappal_MG_1442.jpg\",\"contentUrl\":\"https:\\\/\\\/www.fehervar-arpadfurdo.hu\\\/wp-content\\\/uploads\\\/2021\\\/11\\\/epulet_nappal_MG_1442.jpg\"},{\"@type\":\"BreadcrumbList\",\"@id\":\"https:\\\/\\\/www.fehervar-arpadfurdo.hu\\\/en\\\/#breadcrumb\",\"itemListElement\":[{\"@type\":\"ListItem\",\"position\":1,\"name\":\"Kezd\u0151lap\",\"item\":\"https:\\\/\\\/www.fehervar-arpadfurdo.hu\\\/en\\\/\"},{\"@type\":\"ListItem\",\"position\":2,\"name\":\"Welcome to our Bath!\"}]},{\"@type\":\"WebSite\",\"@id\":\"https:\\\/\\\/www.fehervar-arpadfurdo.hu\\\/#website\",\"url\":\"https:\\\/\\\/www.fehervar-arpadfurdo.hu\\\/\",\"name\":\"Sz\u00e9kesfeh\u00e9rv\u00e1ri \u00c1rp\u00e1d F\u00fcrd\u0151\",\"description\":\"Mes\u00e9s \u00e9lm\u00e9ny a belv\u00e1ros sz\u00edv\u00e9ben\",\"potentialAction\":[{\"@type\":\"SearchAction\",\"target\":{\"@type\":\"EntryPoint\",\"urlTemplate\":\"https:\\\/\\\/www.fehervar-arpadfurdo.hu\\\/?s={search_term_string}\"},\"query-input\":{\"@type\":\"PropertyValueSpecification\",\"valueRequired\":true,\"valueName\":\"search_term_string\"}}],\"inLanguage\":\"en-US\"}]}<\/script>\n<!-- \/ Yoast SEO plugin. -->","yoast_head_json":{"title":"Welcome to our Bath! - Sz\u00e9kesfeh\u00e9rv\u00e1ri \u00c1rp\u00e1d F\u00fcrd\u0151","robots":{"index":"index","follow":"follow","max-snippet":"max-snippet:-1","max-image-preview":"max-image-preview:large","max-video-preview":"max-video-preview:-1"},"canonical":"https:\/\/www.fehervar-arpadfurdo.hu\/en\/","og_locale":"en_US","og_type":"article","og_title":"Welcome to our Bath! - Sz\u00e9kesfeh\u00e9rv\u00e1ri \u00c1rp\u00e1d F\u00fcrd\u0151","og_description":"The \u00c1rp\u00e1d Spa was built in 1905, but after several decade it had deteriorated so badly by 1989 that the closure of the establishment was necessary. Following careful reconstruction works the now privately-owned institution was opened to public in 2010. In the most spectacular part of the establishment in the Turkish bath there are 2 [&hellip;]","og_url":"https:\/\/www.fehervar-arpadfurdo.hu\/en\/","og_site_name":"Sz\u00e9kesfeh\u00e9rv\u00e1ri \u00c1rp\u00e1d F\u00fcrd\u0151","article_publisher":"https:\/\/www.facebook.com\/arpadfurdo\/","article_modified_time":"2021-11-09T12:42:31+00:00","og_image":[{"url":"https:\/\/www.fehervar-arpadfurdo.hu\/wp-content\/uploads\/2021\/11\/epulet_nappal_MG_1442.jpg","type":"","width":"","height":""}],"twitter_misc":{"Est. reading time":"1 minute"},"schema":{"@context":"https:\/\/schema.org","@graph":[{"@type":"WebPage","@id":"https:\/\/www.fehervar-arpadfurdo.hu\/en\/","url":"https:\/\/www.fehervar-arpadfurdo.hu\/en\/","name":"Welcome to our Bath! - Sz\u00e9kesfeh\u00e9rv\u00e1ri \u00c1rp\u00e1d F\u00fcrd\u0151","isPartOf":{"@id":"https:\/\/www.fehervar-arpadfurdo.hu\/#website"},"primaryImageOfPage":{"@id":"https:\/\/www.fehervar-arpadfurdo.hu\/en\/#primaryimage"},"image":{"@id":"https:\/\/www.fehervar-arpadfurdo.hu\/en\/#primaryimage"},"thumbnailUrl":"https:\/\/www.fehervar-arpadfurdo.hu\/wp-content\/uploads\/2021\/11\/epulet_nappal_MG_1442.jpg","datePublished":"2015-02-03T10:58:28+00:00","dateModified":"2021-11-09T12:42:31+00:00","breadcrumb":{"@id":"https:\/\/www.fehervar-arpadfurdo.hu\/en\/#breadcrumb"},"inLanguage":"en-US","potentialAction":[{"@type":"ReadAction","target":["https:\/\/www.fehervar-arpadfurdo.hu\/en\/"]}]},{"@type":"ImageObject","inLanguage":"en-US","@id":"https:\/\/www.fehervar-arpadfurdo.hu\/en\/#primaryimage","url":"https:\/\/www.fehervar-arpadfurdo.hu\/wp-content\/uploads\/2021\/11\/epulet_nappal_MG_1442.jpg","contentUrl":"https:\/\/www.fehervar-arpadfurdo.hu\/wp-content\/uploads\/2021\/11\/epulet_nappal_MG_1442.jpg"},{"@type":"BreadcrumbList","@id":"https:\/\/www.fehervar-arpadfurdo.hu\/en\/#breadcrumb","itemListElement":[{"@type":"ListItem","position":1,"name":"Kezd\u0151lap","item":"https:\/\/www.fehervar-arpadfurdo.hu\/en\/"},{"@type":"ListItem","position":2,"name":"Welcome to our Bath!"}]},{"@type":"WebSite","@id":"https:\/\/www.fehervar-arpadfurdo.hu\/#website","url":"https:\/\/www.fehervar-arpadfurdo.hu\/","name":"Sz\u00e9kesfeh\u00e9rv\u00e1ri \u00c1rp\u00e1d F\u00fcrd\u0151","description":"Mes\u00e9s \u00e9lm\u00e9ny a belv\u00e1ros sz\u00edv\u00e9ben","potentialAction":[{"@type":"SearchAction","target":{"@type":"EntryPoint","urlTemplate":"https:\/\/www.fehervar-arpadfurdo.hu\/?s={search_term_string}"},"query-input":{"@type":"PropertyValueSpecification","valueRequired":true,"valueName":"search_term_string"}}],"inLanguage":"en-US"}]}},"_links":{"self":[{"href":"https:\/\/www.fehervar-arpadfurdo.hu\/en\/wp-json\/wp\/v2\/pages\/333","targetHints":{"allow":["GET"]}}],"collection":[{"href":"https:\/\/www.fehervar-arpadfurdo.hu\/en\/wp-json\/wp\/v2\/pages"}],"about":[{"href":"https:\/\/www.fehervar-arpadfurdo.hu\/en\/wp-json\/wp\/v2\/types\/page"}],"author":[{"embeddable":true,"href":"https:\/\/www.fehervar-arpadfurdo.hu\/en\/wp-json\/wp\/v2\/users\/1"}],"replies":[{"embeddable":true,"href":"https:\/\/www.fehervar-arpadfurdo.hu\/en\/wp-json\/wp\/v2\/comments?post=333"}],"version-history":[{"count":16,"href":"https:\/\/www.fehervar-arpadfurdo.hu\/en\/wp-json\/wp\/v2\/pages\/333\/revisions"}],"predecessor-version":[{"id":12524,"href":"https:\/\/www.fehervar-arpadfurdo.hu\/en\/wp-json\/wp\/v2\/pages\/333\/revisions\/12524"}],"wp:attachment":[{"href":"https:\/\/www.fehervar-arpadfurdo.hu\/en\/wp-json\/wp\/v2\/media?parent=333"}],"curies":[{"name":"wp","href":"https:\/\/api.w.org\/{rel}","templated":true}]}}