{"id":4058,"date":"2016-10-12T13:47:15","date_gmt":"2016-10-12T11:47:15","guid":{"rendered":"http:\/\/www.fehervar-arpadfurdo.hu\/en\/?page_id=4058"},"modified":"2024-03-12T13:00:39","modified_gmt":"2024-03-12T12:00:39","slug":"packages","status":"publish","type":"page","link":"https:\/\/www.fehervar-arpadfurdo.hu\/en\/arlista-2\/packages\/","title":{"rendered":"Packages"},"content":{"rendered":"<h3>Packages for 1 person<\/h3>\n<table style=\"width: 504px;\">\n<tbody>\n<tr>\n<td style=\"width: 421px;\"><strong>Esthajnal Package<\/strong><br \/>\nWhole day ticket for a retired person, 30 minutes Swedish massage, caffe\/cappuccino, cake<\/td>\n<td style=\"white-space: nowrap; text-align: right; width: 83px;\"><strong>13.400 Ft<\/strong><\/td>\n<\/tr>\n<tr>\n<td style=\"width: 421px;\"><strong>Janicsar Package<\/strong><br \/>\nWhole day ticket, 30 minutes Swedish massage, cake, refresher<\/td>\n<td style=\"white-space: nowrap; text-align: right; width: 83px;\"><strong>15.900 Ft<\/strong><\/td>\n<\/tr>\n<tr>\n<td style=\"width: 421px;\"><strong>G\u00fcl Baba Package<br \/>\n<\/strong>Whole day ticket, 45 minutes Thai massage, cake, refresher<strong><br \/>\n<\/strong><\/td>\n<td style=\"white-space: nowrap; text-align: right; width: 83px;\"><strong>16.800 Ft<\/strong><\/td>\n<\/tr>\n<tr>\n<td style=\"width: 421px;\"><strong>Csajos Package<\/strong><br \/>\nWhole day ticket, 30 minutes Swedish massage, soap, nonalcoholic coctail, sauna sheet, massage oil, shower gel<\/td>\n<td style=\"white-space: nowrap; text-align: right; width: 83px;\"><strong>22.900 Ft<\/strong><\/td>\n<\/tr>\n<tr>\n<td style=\"width: 421px;\"><strong>Szulejman Package<\/strong><br \/>\nWhole day ticket, 60 minutes Swedish massage, bathrobe using, refresher, soap, cake, towel<\/td>\n<td style=\"white-space: nowrap; text-align: right; width: 83px;\"><strong>25.200 Ft<\/strong><\/td>\n<\/tr>\n<\/tbody>\n<\/table>\n\n\t\t<style type=\"text\/css\">\n\t\t\t#gallery-1 {\n\t\t\t\tmargin: auto;\n\t\t\t}\n\t\t\t#gallery-1 .gallery-item {\n\t\t\t\tfloat: left;\n\t\t\t\tmargin-top: 10px;\n\t\t\t\ttext-align: center;\n\t\t\t\twidth: 33%;\n\t\t\t}\n\t\t\t#gallery-1 img {\n\t\t\t\tborder: 2px solid #cfcfcf;\n\t\t\t}\n\t\t\t#gallery-1 .gallery-caption {\n\t\t\t\tmargin-left: 0;\n\t\t\t}\n\t\t\t\/* see gallery_shortcode() in wp-includes\/media.php *\/\n\t\t<\/style>\n\t\t<div id='gallery-1' class='gallery galleryid-4058 gallery-columns-3 gallery-size-full'><dl class='gallery-item'>\n\t\t\t<dt class='gallery-icon portrait'>\n\t\t\t\t<a href='https:\/\/www.fehervar-arpadfurdo.hu\/wp-content\/uploads\/2022\/11\/janicsar-e1687516127897.png' title=\"\" data-rl_title=\"\" class=\"rl-gallery-link\" data-rl_caption=\"\" data-rel=\"lightbox-gallery-1\"><img loading=\"lazy\" decoding=\"async\" width=\"283\" height=\"566\" src=\"https:\/\/www.fehervar-arpadfurdo.hu\/wp-content\/uploads\/2022\/11\/janicsar-e1687516127897.png\" class=\"attachment-full size-full\" alt=\"\" srcset=\"https:\/\/www.fehervar-arpadfurdo.hu\/wp-content\/uploads\/2022\/11\/janicsar-e1687516127897.png 283w, https:\/\/www.fehervar-arpadfurdo.hu\/wp-content\/uploads\/2022\/11\/janicsar-e1687516127897-150x300.png 150w\" sizes=\"auto, (max-width: 283px) 100vw, 283px\" \/><\/a>\n\t\t\t<\/dt><\/dl><dl class='gallery-item'>\n\t\t\t<dt class='gallery-icon portrait'>\n\t\t\t\t<a href='https:\/\/www.fehervar-arpadfurdo.hu\/wp-content\/uploads\/2022\/11\/gul_baba_csomag_2022_11_06_-e1687516145732.jpg' title=\"\" data-rl_title=\"\" class=\"rl-gallery-link\" data-rl_caption=\"\" data-rel=\"lightbox-gallery-1\"><img loading=\"lazy\" decoding=\"async\" width=\"283\" height=\"567\" src=\"https:\/\/www.fehervar-arpadfurdo.hu\/wp-content\/uploads\/2022\/11\/gul_baba_csomag_2022_11_06_-e1687516145732.jpg\" class=\"attachment-full size-full\" alt=\"\" srcset=\"https:\/\/www.fehervar-arpadfurdo.hu\/wp-content\/uploads\/2022\/11\/gul_baba_csomag_2022_11_06_-e1687516145732.jpg 283w, https:\/\/www.fehervar-arpadfurdo.hu\/wp-content\/uploads\/2022\/11\/gul_baba_csomag_2022_11_06_-e1687516145732-150x300.jpg 150w\" sizes=\"auto, (max-width: 283px) 100vw, 283px\" \/><\/a>\n\t\t\t<\/dt><\/dl><dl class='gallery-item'>\n\t\t\t<dt class='gallery-icon portrait'>\n\t\t\t\t<a href='https:\/\/www.fehervar-arpadfurdo.hu\/wp-content\/uploads\/2022\/11\/csajos-e1687516168787.png' title=\"\" data-rl_title=\"\" class=\"rl-gallery-link\" data-rl_caption=\"\" data-rel=\"lightbox-gallery-1\"><img loading=\"lazy\" decoding=\"async\" width=\"283\" height=\"566\" src=\"https:\/\/www.fehervar-arpadfurdo.hu\/wp-content\/uploads\/2022\/11\/csajos-e1687516168787.png\" class=\"attachment-full size-full\" alt=\"\" srcset=\"https:\/\/www.fehervar-arpadfurdo.hu\/wp-content\/uploads\/2022\/11\/csajos-e1687516168787.png 283w, https:\/\/www.fehervar-arpadfurdo.hu\/wp-content\/uploads\/2022\/11\/csajos-e1687516168787-150x300.png 150w\" sizes=\"auto, (max-width: 283px) 100vw, 283px\" \/><\/a>\n\t\t\t<\/dt><\/dl><br style=\"clear: both\" \/><dl class='gallery-item'>\n\t\t\t<dt class='gallery-icon portrait'>\n\t\t\t\t<a href='https:\/\/www.fehervar-arpadfurdo.hu\/wp-content\/uploads\/2022\/11\/szulejman-e1710244592176.png' title=\"\" data-rl_title=\"\" class=\"rl-gallery-link\" data-rl_caption=\"\" data-rel=\"lightbox-gallery-1\"><img loading=\"lazy\" decoding=\"async\" width=\"283\" height=\"566\" src=\"https:\/\/www.fehervar-arpadfurdo.hu\/wp-content\/uploads\/2022\/11\/szulejman-e1710244592176.png\" class=\"attachment-full size-full\" alt=\"\" \/><\/a>\n\t\t\t<\/dt><\/dl><dl class='gallery-item'>\n\t\t\t<dt class='gallery-icon portrait'>\n\t\t\t\t<a href='https:\/\/www.fehervar-arpadfurdo.hu\/wp-content\/uploads\/2024\/03\/Est-hajnal-csomag-e1710244659926.jpg' title=\"\" data-rl_title=\"\" class=\"rl-gallery-link\" data-rl_caption=\"\" data-rel=\"lightbox-gallery-1\"><img loading=\"lazy\" decoding=\"async\" width=\"283\" height=\"566\" src=\"https:\/\/www.fehervar-arpadfurdo.hu\/wp-content\/uploads\/2024\/03\/Est-hajnal-csomag-e1710244659926.jpg\" class=\"attachment-full size-full\" alt=\"\" \/><\/a>\n\t\t\t<\/dt><\/dl>\n\t\t\t<br style='clear: both' \/>\n\t\t<\/div>\n\n<h3>Packages for 2 persons<\/h3>\n<table>\n<tbody>\n<tr>\n<td>Relax Pair Package: 2 whole day tickets, 2\u00d730 minutes Swedish massage,<br \/>\n2 refresher<\/td>\n<td style=\"white-space: nowrap; text-align: right;\"><strong>27.500 Ft<\/strong><\/td>\n<\/tr>\n<tr>\n<td>Relax Thai Pair Package: 2 whole day tickets, 2\u00d745 minutes Thai massage,<br \/>\n2 refresher<\/td>\n<td style=\"white-space: nowrap; text-align: right;\"><strong>29.300 Ft<\/strong><\/td>\n<\/tr>\n<tr>\n<td>Relax Plus Pair package: 2 whole day tickets, 2\u00d745 minutes Swedish massage,<br \/>\n2 refresher, 2 cake, 2 mozzarella dish<\/td>\n<td style=\"white-space: nowrap; text-align: right;\"><strong>37.400 Ft<\/strong><\/td>\n<\/tr>\n<tr>\n<td>Wedding Package: 2 whole day tickets, 2\u00d745 minutes Swedish massage,<br \/>\n2 soap, 2 sauna sheet, 2 bathrob using, 2 nonalcoholic coctail<\/td>\n<td style=\"white-space: nowrap; text-align: right;\"><strong>44.100 Ft<\/strong><\/td>\n<\/tr>\n<\/tbody>\n<\/table>\n<h3><\/h3>\n\n\t\t<style type=\"text\/css\">\n\t\t\t#gallery-2 {\n\t\t\t\tmargin: auto;\n\t\t\t}\n\t\t\t#gallery-2 .gallery-item {\n\t\t\t\tfloat: left;\n\t\t\t\tmargin-top: 10px;\n\t\t\t\ttext-align: center;\n\t\t\t\twidth: 25%;\n\t\t\t}\n\t\t\t#gallery-2 img {\n\t\t\t\tborder: 2px solid #cfcfcf;\n\t\t\t}\n\t\t\t#gallery-2 .gallery-caption {\n\t\t\t\tmargin-left: 0;\n\t\t\t}\n\t\t\t\/* see gallery_shortcode() in wp-includes\/media.php *\/\n\t\t<\/style>\n\t\t<div id='gallery-2' class='gallery galleryid-4058 gallery-columns-4 gallery-size-full'><dl class='gallery-item'>\n\t\t\t<dt class='gallery-icon portrait'>\n\t\t\t\t<a href='https:\/\/www.fehervar-arpadfurdo.hu\/wp-content\/uploads\/2022\/11\/relax_paros-e1667998894309.png' title=\"\" data-rl_title=\"\" class=\"rl-gallery-link\" data-rl_caption=\"\" data-rel=\"lightbox-gallery-2\"><img loading=\"lazy\" decoding=\"async\" width=\"568\" height=\"1135\" src=\"https:\/\/www.fehervar-arpadfurdo.hu\/wp-content\/uploads\/2022\/11\/relax_paros-e1667998894309.png\" class=\"attachment-full size-full\" alt=\"\" \/><\/a>\n\t\t\t<\/dt><\/dl><dl class='gallery-item'>\n\t\t\t<dt class='gallery-icon portrait'>\n\t\t\t\t<a href='https:\/\/www.fehervar-arpadfurdo.hu\/wp-content\/uploads\/2022\/11\/relax_thai_paros-e1667998946156.png' title=\"\" data-rl_title=\"\" class=\"rl-gallery-link\" data-rl_caption=\"\" data-rel=\"lightbox-gallery-2\"><img loading=\"lazy\" decoding=\"async\" width=\"568\" height=\"1135\" src=\"https:\/\/www.fehervar-arpadfurdo.hu\/wp-content\/uploads\/2022\/11\/relax_thai_paros-e1667998946156.png\" class=\"attachment-full size-full\" alt=\"\" \/><\/a>\n\t\t\t<\/dt><\/dl><dl class='gallery-item'>\n\t\t\t<dt class='gallery-icon portrait'>\n\t\t\t\t<a href='https:\/\/www.fehervar-arpadfurdo.hu\/wp-content\/uploads\/2022\/11\/relax_plus_paros-e1667998996895.png' title=\"\" data-rl_title=\"\" class=\"rl-gallery-link\" data-rl_caption=\"\" data-rel=\"lightbox-gallery-2\"><img loading=\"lazy\" decoding=\"async\" width=\"568\" height=\"1135\" src=\"https:\/\/www.fehervar-arpadfurdo.hu\/wp-content\/uploads\/2022\/11\/relax_plus_paros-e1667998996895.png\" class=\"attachment-full size-full\" alt=\"\" \/><\/a>\n\t\t\t<\/dt><\/dl><dl class='gallery-item'>\n\t\t\t<dt class='gallery-icon portrait'>\n\t\t\t\t<a href='https:\/\/www.fehervar-arpadfurdo.hu\/wp-content\/uploads\/2022\/11\/eskuvoi-e1667999062982.png' title=\"\" data-rl_title=\"\" class=\"rl-gallery-link\" data-rl_caption=\"\" data-rel=\"lightbox-gallery-2\"><img loading=\"lazy\" decoding=\"async\" width=\"568\" height=\"1135\" src=\"https:\/\/www.fehervar-arpadfurdo.hu\/wp-content\/uploads\/2022\/11\/eskuvoi-e1667999062982.png\" class=\"attachment-full size-full\" alt=\"\" \/><\/a>\n\t\t\t<\/dt><\/dl><br style=\"clear: both\" \/>\n\t\t<\/div>\n\n<h3><strong>Shopping<\/strong> <strong>vouchers:<\/strong><\/h3>\n<p>We offer shopping vouchers worth 1000 Ft, 3000 Ft and 5000 Ft which can be used up to the entrance ticket and Swedish massage.<\/p>\n<p><a href=\"https:\/\/www.fehervar-arpadfurdo.hu\/wp-content\/uploads\/2015\/11\/au-3000.jpg\" data-rel=\"lightbox-image-9\" data-rl_title=\"\" data-rl_caption=\"\" title=\"\"><img loading=\"lazy\" decoding=\"async\" class=\"alignnone wp-image-13442\" src=\"https:\/\/www.fehervar-arpadfurdo.hu\/wp-content\/uploads\/2022\/11\/1000_utalvany.jpg\" alt=\"\" width=\"400\" height=\"152\" srcset=\"https:\/\/www.fehervar-arpadfurdo.hu\/wp-content\/uploads\/2022\/11\/1000_utalvany.jpg 600w, https:\/\/www.fehervar-arpadfurdo.hu\/wp-content\/uploads\/2022\/11\/1000_utalvany-300x114.jpg 300w\" sizes=\"auto, (max-width: 400px) 100vw, 400px\" \/><\/a><\/p>\n<p><img loading=\"lazy\" decoding=\"async\" class=\"alignnone wp-image-2773\" src=\"http:\/\/www.fehervar-arpadfurdo.hu\/wp-content\/uploads\/2015\/11\/au-3000-1024x390.jpg\" alt=\"au-3000\" width=\"400\" height=\"152\" srcset=\"https:\/\/www.fehervar-arpadfurdo.hu\/wp-content\/uploads\/2015\/11\/au-3000.jpg 1024w, https:\/\/www.fehervar-arpadfurdo.hu\/wp-content\/uploads\/2015\/11\/au-3000-300x114.jpg 300w, https:\/\/www.fehervar-arpadfurdo.hu\/wp-content\/uploads\/2015\/11\/au-3000-768x293.jpg 768w\" sizes=\"auto, (max-width: 400px) 100vw, 400px\" \/><\/p>\n<p><img loading=\"lazy\" decoding=\"async\" class=\"alignnone wp-image-2772\" src=\"http:\/\/www.fehervar-arpadfurdo.hu\/wp-content\/uploads\/2015\/11\/au-5000-1024x390.jpg\" alt=\"au-5000\" width=\"400\" height=\"152\" srcset=\"https:\/\/www.fehervar-arpadfurdo.hu\/wp-content\/uploads\/2015\/11\/au-5000.jpg 1024w, https:\/\/www.fehervar-arpadfurdo.hu\/wp-content\/uploads\/2015\/11\/au-5000-300x114.jpg 300w, https:\/\/www.fehervar-arpadfurdo.hu\/wp-content\/uploads\/2015\/11\/au-5000-768x293.jpg 768w\" sizes=\"auto, (max-width: 400px) 100vw, 400px\" \/><\/p>\n<p>The validity of the packages is 6 months.<\/p>\n<p>For using massage service, take a time on +36 22\/814-400.<\/p>\n<p>&nbsp;<\/p>\n","protected":false},"excerpt":{"rendered":"<p>Packages for 1 person Esthajnal Package Whole day ticket for a retired person, 30 minutes Swedish massage, caffe\/cappuccino, cake 13.400 Ft Janicsar Package Whole day ticket, 30 minutes Swedish massage, cake, refresher 15.900 Ft G\u00fcl Baba Package Whole day ticket, 45 minutes Thai massage, cake, refresher 16.800 Ft Csajos Package Whole day ticket, 30 minutes [&hellip;]<\/p>\n","protected":false},"author":1,"featured_media":0,"parent":953,"menu_order":0,"comment_status":"closed","ping_status":"closed","template":"","meta":{"footnotes":""},"class_list":["post-4058","page","type-page","status-publish","hentry"],"yoast_head":"<!-- This site is optimized with the Yoast SEO plugin v27.1.1 - https:\/\/yoast.com\/product\/yoast-seo-wordpress\/ -->\n<title>Packages - Sz\u00e9kesfeh\u00e9rv\u00e1ri \u00c1rp\u00e1d F\u00fcrd\u0151<\/title>\n<meta name=\"robots\" content=\"index, follow, max-snippet:-1, max-image-preview:large, max-video-preview:-1\" \/>\n<link rel=\"canonical\" href=\"https:\/\/www.fehervar-arpadfurdo.hu\/en\/arlista-2\/packages\/\" \/>\n<meta property=\"og:locale\" content=\"en_US\" \/>\n<meta property=\"og:type\" content=\"article\" \/>\n<meta property=\"og:title\" content=\"Packages - Sz\u00e9kesfeh\u00e9rv\u00e1ri \u00c1rp\u00e1d F\u00fcrd\u0151\" \/>\n<meta property=\"og:description\" content=\"Packages for 1 person Esthajnal Package Whole day ticket for a retired person, 30 minutes Swedish massage, caffe\/cappuccino, cake 13.400 Ft Janicsar Package Whole day ticket, 30 minutes Swedish massage, cake, refresher 15.900 Ft G\u00fcl Baba Package Whole day ticket, 45 minutes Thai massage, cake, refresher 16.800 Ft Csajos Package Whole day ticket, 30 minutes [&hellip;]\" \/>\n<meta property=\"og:url\" content=\"https:\/\/www.fehervar-arpadfurdo.hu\/en\/arlista-2\/packages\/\" \/>\n<meta property=\"og:site_name\" content=\"Sz\u00e9kesfeh\u00e9rv\u00e1ri \u00c1rp\u00e1d F\u00fcrd\u0151\" \/>\n<meta property=\"article:publisher\" content=\"https:\/\/www.facebook.com\/arpadfurdo\/\" \/>\n<meta property=\"article:modified_time\" content=\"2024-03-12T12:00:39+00:00\" \/>\n<meta property=\"og:image\" content=\"http:\/\/www.fehervar-arpadfurdo.hu\/wp-content\/uploads\/2015\/11\/au-3000-1024x390.jpg\" \/>\n<meta name=\"twitter:label1\" content=\"Est. reading time\" \/>\n\t<meta name=\"twitter:data1\" content=\"3 minutes\" \/>\n<script type=\"application\/ld+json\" class=\"yoast-schema-graph\">{\"@context\":\"https:\/\/schema.org\",\"@graph\":[{\"@type\":\"WebPage\",\"@id\":\"https:\/\/www.fehervar-arpadfurdo.hu\/en\/arlista-2\/packages\/\",\"url\":\"https:\/\/www.fehervar-arpadfurdo.hu\/en\/arlista-2\/packages\/\",\"name\":\"Packages - Sz\u00e9kesfeh\u00e9rv\u00e1ri \u00c1rp\u00e1d F\u00fcrd\u0151\",\"isPartOf\":{\"@id\":\"https:\/\/www.fehervar-arpadfurdo.hu\/#website\"},\"primaryImageOfPage\":{\"@id\":\"https:\/\/www.fehervar-arpadfurdo.hu\/en\/arlista-2\/packages\/#primaryimage\"},\"image\":{\"@id\":\"https:\/\/www.fehervar-arpadfurdo.hu\/en\/arlista-2\/packages\/#primaryimage\"},\"thumbnailUrl\":\"https:\/\/www.fehervar-arpadfurdo.hu\/wp-content\/uploads\/2022\/11\/1000_utalvany.jpg\",\"datePublished\":\"2016-10-12T11:47:15+00:00\",\"dateModified\":\"2024-03-12T12:00:39+00:00\",\"breadcrumb\":{\"@id\":\"https:\/\/www.fehervar-arpadfurdo.hu\/en\/arlista-2\/packages\/#breadcrumb\"},\"inLanguage\":\"en-US\",\"potentialAction\":[{\"@type\":\"ReadAction\",\"target\":[\"https:\/\/www.fehervar-arpadfurdo.hu\/en\/arlista-2\/packages\/\"]}]},{\"@type\":\"ImageObject\",\"inLanguage\":\"en-US\",\"@id\":\"https:\/\/www.fehervar-arpadfurdo.hu\/en\/arlista-2\/packages\/#primaryimage\",\"url\":\"https:\/\/www.fehervar-arpadfurdo.hu\/wp-content\/uploads\/2022\/11\/1000_utalvany.jpg\",\"contentUrl\":\"https:\/\/www.fehervar-arpadfurdo.hu\/wp-content\/uploads\/2022\/11\/1000_utalvany.jpg\"},{\"@type\":\"BreadcrumbList\",\"@id\":\"https:\/\/www.fehervar-arpadfurdo.hu\/en\/arlista-2\/packages\/#breadcrumb\",\"itemListElement\":[{\"@type\":\"ListItem\",\"position\":1,\"name\":\"Kezd\u0151lap\",\"item\":\"https:\/\/www.fehervar-arpadfurdo.hu\/en\/\"},{\"@type\":\"ListItem\",\"position\":2,\"name\":\"Prices\",\"item\":\"https:\/\/www.fehervar-arpadfurdo.hu\/en\/arlista-2\/\"},{\"@type\":\"ListItem\",\"position\":3,\"name\":\"Packages\"}]},{\"@type\":\"WebSite\",\"@id\":\"https:\/\/www.fehervar-arpadfurdo.hu\/#website\",\"url\":\"https:\/\/www.fehervar-arpadfurdo.hu\/\",\"name\":\"Sz\u00e9kesfeh\u00e9rv\u00e1ri \u00c1rp\u00e1d F\u00fcrd\u0151\",\"description\":\"Mes\u00e9s \u00e9lm\u00e9ny a belv\u00e1ros sz\u00edv\u00e9ben\",\"potentialAction\":[{\"@type\":\"SearchAction\",\"target\":{\"@type\":\"EntryPoint\",\"urlTemplate\":\"https:\/\/www.fehervar-arpadfurdo.hu\/?s={search_term_string}\"},\"query-input\":{\"@type\":\"PropertyValueSpecification\",\"valueRequired\":true,\"valueName\":\"search_term_string\"}}],\"inLanguage\":\"en-US\"}]}<\/script>\n<!-- \/ Yoast SEO plugin. -->","yoast_head_json":{"title":"Packages - Sz\u00e9kesfeh\u00e9rv\u00e1ri \u00c1rp\u00e1d F\u00fcrd\u0151","robots":{"index":"index","follow":"follow","max-snippet":"max-snippet:-1","max-image-preview":"max-image-preview:large","max-video-preview":"max-video-preview:-1"},"canonical":"https:\/\/www.fehervar-arpadfurdo.hu\/en\/arlista-2\/packages\/","og_locale":"en_US","og_type":"article","og_title":"Packages - Sz\u00e9kesfeh\u00e9rv\u00e1ri \u00c1rp\u00e1d F\u00fcrd\u0151","og_description":"Packages for 1 person Esthajnal Package Whole day ticket for a retired person, 30 minutes Swedish massage, caffe\/cappuccino, cake 13.400 Ft Janicsar Package Whole day ticket, 30 minutes Swedish massage, cake, refresher 15.900 Ft G\u00fcl Baba Package Whole day ticket, 45 minutes Thai massage, cake, refresher 16.800 Ft Csajos Package Whole day ticket, 30 minutes [&hellip;]","og_url":"https:\/\/www.fehervar-arpadfurdo.hu\/en\/arlista-2\/packages\/","og_site_name":"Sz\u00e9kesfeh\u00e9rv\u00e1ri \u00c1rp\u00e1d F\u00fcrd\u0151","article_publisher":"https:\/\/www.facebook.com\/arpadfurdo\/","article_modified_time":"2024-03-12T12:00:39+00:00","og_image":[{"url":"http:\/\/www.fehervar-arpadfurdo.hu\/wp-content\/uploads\/2015\/11\/au-3000-1024x390.jpg","type":"","width":"","height":""}],"twitter_misc":{"Est. reading time":"3 minutes"},"schema":{"@context":"https:\/\/schema.org","@graph":[{"@type":"WebPage","@id":"https:\/\/www.fehervar-arpadfurdo.hu\/en\/arlista-2\/packages\/","url":"https:\/\/www.fehervar-arpadfurdo.hu\/en\/arlista-2\/packages\/","name":"Packages - Sz\u00e9kesfeh\u00e9rv\u00e1ri \u00c1rp\u00e1d F\u00fcrd\u0151","isPartOf":{"@id":"https:\/\/www.fehervar-arpadfurdo.hu\/#website"},"primaryImageOfPage":{"@id":"https:\/\/www.fehervar-arpadfurdo.hu\/en\/arlista-2\/packages\/#primaryimage"},"image":{"@id":"https:\/\/www.fehervar-arpadfurdo.hu\/en\/arlista-2\/packages\/#primaryimage"},"thumbnailUrl":"https:\/\/www.fehervar-arpadfurdo.hu\/wp-content\/uploads\/2022\/11\/1000_utalvany.jpg","datePublished":"2016-10-12T11:47:15+00:00","dateModified":"2024-03-12T12:00:39+00:00","breadcrumb":{"@id":"https:\/\/www.fehervar-arpadfurdo.hu\/en\/arlista-2\/packages\/#breadcrumb"},"inLanguage":"en-US","potentialAction":[{"@type":"ReadAction","target":["https:\/\/www.fehervar-arpadfurdo.hu\/en\/arlista-2\/packages\/"]}]},{"@type":"ImageObject","inLanguage":"en-US","@id":"https:\/\/www.fehervar-arpadfurdo.hu\/en\/arlista-2\/packages\/#primaryimage","url":"https:\/\/www.fehervar-arpadfurdo.hu\/wp-content\/uploads\/2022\/11\/1000_utalvany.jpg","contentUrl":"https:\/\/www.fehervar-arpadfurdo.hu\/wp-content\/uploads\/2022\/11\/1000_utalvany.jpg"},{"@type":"BreadcrumbList","@id":"https:\/\/www.fehervar-arpadfurdo.hu\/en\/arlista-2\/packages\/#breadcrumb","itemListElement":[{"@type":"ListItem","position":1,"name":"Kezd\u0151lap","item":"https:\/\/www.fehervar-arpadfurdo.hu\/en\/"},{"@type":"ListItem","position":2,"name":"Prices","item":"https:\/\/www.fehervar-arpadfurdo.hu\/en\/arlista-2\/"},{"@type":"ListItem","position":3,"name":"Packages"}]},{"@type":"WebSite","@id":"https:\/\/www.fehervar-arpadfurdo.hu\/#website","url":"https:\/\/www.fehervar-arpadfurdo.hu\/","name":"Sz\u00e9kesfeh\u00e9rv\u00e1ri \u00c1rp\u00e1d F\u00fcrd\u0151","description":"Mes\u00e9s \u00e9lm\u00e9ny a belv\u00e1ros sz\u00edv\u00e9ben","potentialAction":[{"@type":"SearchAction","target":{"@type":"EntryPoint","urlTemplate":"https:\/\/www.fehervar-arpadfurdo.hu\/?s={search_term_string}"},"query-input":{"@type":"PropertyValueSpecification","valueRequired":true,"valueName":"search_term_string"}}],"inLanguage":"en-US"}]}},"_links":{"self":[{"href":"https:\/\/www.fehervar-arpadfurdo.hu\/en\/wp-json\/wp\/v2\/pages\/4058","targetHints":{"allow":["GET"]}}],"collection":[{"href":"https:\/\/www.fehervar-arpadfurdo.hu\/en\/wp-json\/wp\/v2\/pages"}],"about":[{"href":"https:\/\/www.fehervar-arpadfurdo.hu\/en\/wp-json\/wp\/v2\/types\/page"}],"author":[{"embeddable":true,"href":"https:\/\/www.fehervar-arpadfurdo.hu\/en\/wp-json\/wp\/v2\/users\/1"}],"replies":[{"embeddable":true,"href":"https:\/\/www.fehervar-arpadfurdo.hu\/en\/wp-json\/wp\/v2\/comments?post=4058"}],"version-history":[{"count":27,"href":"https:\/\/www.fehervar-arpadfurdo.hu\/en\/wp-json\/wp\/v2\/pages\/4058\/revisions"}],"predecessor-version":[{"id":14277,"href":"https:\/\/www.fehervar-arpadfurdo.hu\/en\/wp-json\/wp\/v2\/pages\/4058\/revisions\/14277"}],"up":[{"embeddable":true,"href":"https:\/\/www.fehervar-arpadfurdo.hu\/en\/wp-json\/wp\/v2\/pages\/953"}],"wp:attachment":[{"href":"https:\/\/www.fehervar-arpadfurdo.hu\/en\/wp-json\/wp\/v2\/media?parent=4058"}],"curies":[{"name":"wp","href":"https:\/\/api.w.org\/{rel}","templated":true}]}}