{"id":4152,"date":"2016-10-18T09:29:20","date_gmt":"2016-10-18T07:29:20","guid":{"rendered":"http:\/\/www.fehervar-arpadfurdo.hu\/en\/?page_id=4152"},"modified":"2025-12-25T08:14:17","modified_gmt":"2025-12-25T07:14:17","slug":"products","status":"publish","type":"page","link":"https:\/\/www.fehervar-arpadfurdo.hu\/en\/arlista-2\/products\/","title":{"rendered":"Products"},"content":{"rendered":"<h2>Rent:<\/h2>\n<div class=\".table-responsive\">\n<table>\n<tbody class=\"table\">\n<tr>\n<td style=\"width: 76.0747%;\">Bathrobe:<\/td>\n<td style=\"white-space: nowrap; text-align: right; height: 24px; width: 75.1761%;\"><strong>2.000 Ft<\/strong><\/td>\n<\/tr>\n<tr>\n<td style=\"width: 76.0747%;\">Chess:<\/td>\n<td style=\"white-space: nowrap; text-align: right; height: 24px; width: 75.1761%;\"><strong>500 Ft \/ hour<\/strong><\/td>\n<\/tr>\n<\/tbody>\n<\/table>\n<\/div>\n<h2>Purchasable products:<\/h2>\n<div class=\".table-responsive\">\n<table class=\"table\" style=\"width: 1039px;\">\n<tbody>\n<tr style=\"height: 24px;\">\n<td style=\"height: 24px; width: 351px;\">Slippers<\/td>\n<td style=\"height: 24px; width: 170px;\"><strong>3.200 Ft\/pair<\/strong><\/td>\n<td style=\"height: 24px; width: 348px;\">Soap<\/td>\n<td style=\"height: 24px; width: 170px;\"><strong>1250 Ft\/piece<\/strong><\/td>\n<\/tr>\n<tr style=\"height: 272px;\">\n<td style=\"height: 271px; width: 521px;\" colspan=\"2\"><a href=\"http:\/\/www.fehervar-arpadfurdo.hu\/wp-content\/uploads\/2016\/10\/papucs_k.jpg\" data-rel=\"lightbox-image-0\" data-rl_title=\"\" data-rl_caption=\"\" title=\"\"><img loading=\"lazy\" decoding=\"async\" class=\"alignnone wp-image-4423\" src=\"http:\/\/www.fehervar-arpadfurdo.hu\/wp-content\/uploads\/2016\/10\/papucs_k-490x325.jpg\" alt=\"papucs_k\" width=\"400\" height=\"264\" srcset=\"https:\/\/www.fehervar-arpadfurdo.hu\/wp-content\/uploads\/2016\/10\/papucs_k-490x325.jpg 490w, https:\/\/www.fehervar-arpadfurdo.hu\/wp-content\/uploads\/2016\/10\/papucs_k-300x198.jpg 300w, https:\/\/www.fehervar-arpadfurdo.hu\/wp-content\/uploads\/2016\/10\/papucs_k-768x507.jpg 768w, https:\/\/www.fehervar-arpadfurdo.hu\/wp-content\/uploads\/2016\/10\/papucs_k.jpg 800w\" sizes=\"auto, (max-width: 400px) 100vw, 400px\" \/><\/a><\/td>\n<td style=\"height: 272px; width: 518px;\" colspan=\"2\"><a href=\"http:\/\/www.fehervar-arpadfurdo.hu\/wp-content\/uploads\/2016\/10\/szappan_k.jpg\" data-rel=\"lightbox-image-1\" data-rl_title=\"\" data-rl_caption=\"\" title=\"\"><img loading=\"lazy\" decoding=\"async\" class=\"wp-image-4417 alignnone\" src=\"http:\/\/www.fehervar-arpadfurdo.hu\/wp-content\/uploads\/2016\/10\/szappan_k-490x325.jpg\" alt=\"szappan_k\" width=\"400\" height=\"264\" srcset=\"https:\/\/www.fehervar-arpadfurdo.hu\/wp-content\/uploads\/2016\/10\/szappan_k-490x325.jpg 490w, https:\/\/www.fehervar-arpadfurdo.hu\/wp-content\/uploads\/2016\/10\/szappan_k-300x198.jpg 300w, https:\/\/www.fehervar-arpadfurdo.hu\/wp-content\/uploads\/2016\/10\/szappan_k-768x507.jpg 768w, https:\/\/www.fehervar-arpadfurdo.hu\/wp-content\/uploads\/2016\/10\/szappan_k.jpg 800w\" sizes=\"auto, (max-width: 400px) 100vw, 400px\" \/><\/a><\/td>\n<\/tr>\n<tr style=\"height: 24px;\">\n<td style=\"height: 24px; width: 351px;\">Emblemed sauna skirt (man, woman)<br \/>\n(frott\u00edr, S,M,L,XL)<\/td>\n<td style=\"height: 24px; width: 170px;\"><strong>10.500 Ft\/piece<\/strong><\/td>\n<td style=\"height: 24px; width: 348px;\">Sauna cap (different style)<\/td>\n<td style=\"height: 24px; width: 170px;\"><strong>14.900 Ft\/piece<\/strong><\/td>\n<\/tr>\n<tr style=\"height: 272.625px;\">\n<td style=\"height: 272px; width: 521px;\" colspan=\"2\"><a href=\"https:\/\/www.fehervar-arpadfurdo.hu\/wp-content\/uploads\/2020\/07\/\u00c1F-es-szokny\u00e1k.jpg\" data-rel=\"lightbox-image-2\" data-rl_title=\"\" data-rl_caption=\"\" title=\"\"><img loading=\"lazy\" decoding=\"async\" class=\"alignnone wp-image-11262 size-full\" src=\"https:\/\/www.fehervar-arpadfurdo.hu\/wp-content\/uploads\/2020\/07\/\u00c1F-es-szokny\u00e1k.jpg\" alt=\"\" width=\"800\" height=\"528\" srcset=\"https:\/\/www.fehervar-arpadfurdo.hu\/wp-content\/uploads\/2020\/07\/\u00c1F-es-szokny\u00e1k.jpg 800w, https:\/\/www.fehervar-arpadfurdo.hu\/wp-content\/uploads\/2020\/07\/\u00c1F-es-szokny\u00e1k-300x198.jpg 300w, https:\/\/www.fehervar-arpadfurdo.hu\/wp-content\/uploads\/2020\/07\/\u00c1F-es-szokny\u00e1k-768x507.jpg 768w\" sizes=\"auto, (max-width: 800px) 100vw, 800px\" \/><\/a><\/td>\n<td style=\"height: 271px; width: 518px;\" colspan=\"2\"><a href=\"https:\/\/www.fehervar-arpadfurdo.hu\/wp-content\/uploads\/2021\/10\/DSC_3830_k.jpg\" data-rel=\"lightbox-image-3\" data-rl_title=\"\" data-rl_caption=\"\" title=\"\"><img loading=\"lazy\" decoding=\"async\" class=\"alignnone wp-image-12478\" src=\"https:\/\/www.fehervar-arpadfurdo.hu\/wp-content\/uploads\/2021\/10\/DSC_3830_k-199x300.jpg\" alt=\"\" width=\"175\" height=\"264\" srcset=\"https:\/\/www.fehervar-arpadfurdo.hu\/wp-content\/uploads\/2021\/10\/DSC_3830_k-199x300.jpg 199w, https:\/\/www.fehervar-arpadfurdo.hu\/wp-content\/uploads\/2021\/10\/DSC_3830_k-678x1024.jpg 678w, https:\/\/www.fehervar-arpadfurdo.hu\/wp-content\/uploads\/2021\/10\/DSC_3830_k-768x1160.jpg 768w, https:\/\/www.fehervar-arpadfurdo.hu\/wp-content\/uploads\/2021\/10\/DSC_3830_k-1017x1536.jpg 1017w, https:\/\/www.fehervar-arpadfurdo.hu\/wp-content\/uploads\/2021\/10\/DSC_3830_k.jpg 1024w\" sizes=\"auto, (max-width: 175px) 100vw, 175px\" \/> \u00a0 <\/a><a href=\"https:\/\/www.fehervar-arpadfurdo.hu\/wp-content\/uploads\/2023\/01\/DSC_4871.jpg\" data-rel=\"lightbox-image-4\" data-rl_title=\"\" data-rl_caption=\"\" title=\"\"><img loading=\"lazy\" decoding=\"async\" class=\"alignnone wp-image-13564\" src=\"https:\/\/www.fehervar-arpadfurdo.hu\/wp-content\/uploads\/2023\/01\/DSC_4871.jpg\" alt=\"\" width=\"175\" height=\"264\" srcset=\"https:\/\/www.fehervar-arpadfurdo.hu\/wp-content\/uploads\/2023\/01\/DSC_4871.jpg 1356w, https:\/\/www.fehervar-arpadfurdo.hu\/wp-content\/uploads\/2023\/01\/DSC_4871-199x300.jpg 199w, https:\/\/www.fehervar-arpadfurdo.hu\/wp-content\/uploads\/2023\/01\/DSC_4871-678x1024.jpg 678w, https:\/\/www.fehervar-arpadfurdo.hu\/wp-content\/uploads\/2023\/01\/DSC_4871-768x1160.jpg 768w, https:\/\/www.fehervar-arpadfurdo.hu\/wp-content\/uploads\/2023\/01\/DSC_4871-1017x1536.jpg 1017w\" sizes=\"auto, (max-width: 175px) 100vw, 175px\" \/><\/a><\/td>\n<\/tr>\n<tr style=\"height: 24px;\">\n<td style=\"width: 351px; height: 24px;\">Towel 50 \u00d7 100 cm<\/td>\n<td style=\"width: 170px; height: 24px;\"><strong>1.600 Ft<\/strong><\/td>\n<td style=\"width: 348px; height: 24px;\">Sauna sheet 70 \u00d7 140 cm<\/td>\n<td style=\"width: 170px; height: 24px;\"><strong>1.500 Ft<\/strong><\/td>\n<\/tr>\n<tr style=\"height: 24px;\">\n<td style=\"width: 351px; height: 24px;\">Towel 70 \u00d7 140 cm<\/td>\n<td style=\"width: 170px; height: 24px;\"><strong>2.600 Ft<\/strong><\/td>\n<td style=\"width: 348px;\"><\/td>\n<td style=\"width: 170px;\"><strong>\u00a0<\/strong><\/td>\n<\/tr>\n<tr>\n<td style=\"width: 521px;\" colspan=\"2\"><a href=\"https:\/\/www.fehervar-arpadfurdo.hu\/wp-content\/uploads\/2019\/11\/kicsi-t\u00f6r\u00f6lk\u00f6z\u0151.jpg\" data-rel=\"lightbox-image-5\" data-rl_title=\"\" data-rl_caption=\"\" title=\"\"><img loading=\"lazy\" decoding=\"async\" class=\"alignnone wp-image-10551\" src=\"https:\/\/www.fehervar-arpadfurdo.hu\/wp-content\/uploads\/2019\/11\/kicsi-t\u00f6r\u00f6lk\u00f6z\u0151-300x199.jpg\" alt=\"\" width=\"400\" height=\"265\" srcset=\"https:\/\/www.fehervar-arpadfurdo.hu\/wp-content\/uploads\/2019\/11\/kicsi-t\u00f6r\u00f6lk\u00f6z\u0151-300x199.jpg 300w, https:\/\/www.fehervar-arpadfurdo.hu\/wp-content\/uploads\/2019\/11\/kicsi-t\u00f6r\u00f6lk\u00f6z\u0151-768x509.jpg 768w, https:\/\/www.fehervar-arpadfurdo.hu\/wp-content\/uploads\/2019\/11\/kicsi-t\u00f6r\u00f6lk\u00f6z\u0151-490x325.jpg 490w, https:\/\/www.fehervar-arpadfurdo.hu\/wp-content\/uploads\/2019\/11\/kicsi-t\u00f6r\u00f6lk\u00f6z\u0151.jpg 1024w\" sizes=\"auto, (max-width: 400px) 100vw, 400px\" \/><\/a><strong><br \/>\n<\/strong><\/td>\n<td style=\"width: 518px;\" colspan=\"2\"><a href=\"https:\/\/www.fehervar-arpadfurdo.hu\/wp-content\/uploads\/2019\/11\/szaunaleped\u0151.jpg\" data-rel=\"lightbox-image-6\" data-rl_title=\"\" data-rl_caption=\"\" title=\"\"><img loading=\"lazy\" decoding=\"async\" class=\"alignnone wp-image-10553\" src=\"https:\/\/www.fehervar-arpadfurdo.hu\/wp-content\/uploads\/2019\/11\/szaunaleped\u0151-300x199.jpg\" alt=\"\" width=\"400\" height=\"265\" srcset=\"https:\/\/www.fehervar-arpadfurdo.hu\/wp-content\/uploads\/2019\/11\/szaunaleped\u0151-300x199.jpg 300w, https:\/\/www.fehervar-arpadfurdo.hu\/wp-content\/uploads\/2019\/11\/szaunaleped\u0151-768x509.jpg 768w, https:\/\/www.fehervar-arpadfurdo.hu\/wp-content\/uploads\/2019\/11\/szaunaleped\u0151-490x325.jpg 490w, https:\/\/www.fehervar-arpadfurdo.hu\/wp-content\/uploads\/2019\/11\/szaunaleped\u0151.jpg 1024w\" sizes=\"auto, (max-width: 400px) 100vw, 400px\" \/><\/a><strong><br \/>\n<\/strong><\/td>\n<\/tr>\n<tr style=\"height: 24px;\">\n<td style=\"height: 24px; width: 351px;\">Emblemed towel<br \/>\n50 \u00d7 100 cm<\/td>\n<td style=\"height: 24px; width: 170px;\"><strong>2.200 Ft<\/strong><\/td>\n<td style=\"height: 24px; width: 348px;\">Emblemed sauna sheet<br \/>\n70 \u00d7 140 cm<\/td>\n<td style=\"height: 24px; width: 170px;\"><strong>2.500 Ft<\/strong><\/td>\n<\/tr>\n<tr style=\"height: 24px;\">\n<td style=\"height: 24px; width: 351px;\">Emblemed towel<br \/>\n70 \u00d7 140 cm<\/td>\n<td style=\"height: 24px; width: 170px;\"><strong>3.200 Ft<\/strong><\/td>\n<td style=\"height: 24px; width: 348px;\">Emblemed bathrobe (S,M,L,XL,XXL)<\/td>\n<td style=\"height: 24px; width: 170px;\"><strong>12.500 Ft<\/strong><\/td>\n<\/tr>\n<tr style=\"height: 272px;\">\n<td style=\"height: 272px; width: 521px;\" colspan=\"2\"><a href=\"http:\/\/www.fehervar-arpadfurdo.hu\/wp-content\/uploads\/2016\/10\/torcsi_k.jpg\" data-rel=\"lightbox-image-7\" data-rl_title=\"\" data-rl_caption=\"\" title=\"\"><img loading=\"lazy\" decoding=\"async\" class=\"alignnone wp-image-4475\" src=\"http:\/\/www.fehervar-arpadfurdo.hu\/wp-content\/uploads\/2016\/10\/torcsi_k-490x325.jpg\" width=\"400\" height=\"264\" srcset=\"https:\/\/www.fehervar-arpadfurdo.hu\/wp-content\/uploads\/2016\/10\/torcsi_k-490x325.jpg 490w, https:\/\/www.fehervar-arpadfurdo.hu\/wp-content\/uploads\/2016\/10\/torcsi_k-300x198.jpg 300w, https:\/\/www.fehervar-arpadfurdo.hu\/wp-content\/uploads\/2016\/10\/torcsi_k-768x507.jpg 768w, https:\/\/www.fehervar-arpadfurdo.hu\/wp-content\/uploads\/2016\/10\/torcsi_k.jpg 800w\" sizes=\"auto, (max-width: 400px) 100vw, 400px\" \/><\/a><\/td>\n<td style=\"height: 272px; width: 518px;\" colspan=\"2\"><img loading=\"lazy\" decoding=\"async\" class=\"alignnone wp-image-4474\" src=\"http:\/\/www.fehervar-arpadfurdo.hu\/wp-content\/uploads\/2016\/10\/kontos_k-490x325.jpg\" width=\"400\" height=\"264\" srcset=\"https:\/\/www.fehervar-arpadfurdo.hu\/wp-content\/uploads\/2016\/10\/kontos_k-490x325.jpg 490w, https:\/\/www.fehervar-arpadfurdo.hu\/wp-content\/uploads\/2016\/10\/kontos_k-300x198.jpg 300w, https:\/\/www.fehervar-arpadfurdo.hu\/wp-content\/uploads\/2016\/10\/kontos_k-768x507.jpg 768w, https:\/\/www.fehervar-arpadfurdo.hu\/wp-content\/uploads\/2016\/10\/kontos_k.jpg 800w\" sizes=\"auto, (max-width: 400px) 100vw, 400px\" \/><\/td>\n<\/tr>\n<\/tbody>\n<\/table>\n<\/div>\n<h2><\/h2>\n","protected":false},"excerpt":{"rendered":"<p>Rent: Bathrobe: 2.000 Ft Chess: 500 Ft \/ hour Purchasable products: Slippers 3.200 Ft\/pair Soap 1250 Ft\/piece Emblemed sauna skirt (man, woman) (frott\u00edr, S,M,L,XL) 10.500 Ft\/piece Sauna cap (different style) 14.900 Ft\/piece \u00a0 Towel 50 \u00d7 100 cm 1.600 Ft Sauna sheet 70 \u00d7 140 cm 1.500 Ft Towel 70 \u00d7 140 cm 2.600 Ft [&hellip;]<\/p>\n","protected":false},"author":1,"featured_media":0,"parent":953,"menu_order":0,"comment_status":"closed","ping_status":"closed","template":"","meta":{"footnotes":""},"class_list":["post-4152","page","type-page","status-publish","hentry"],"yoast_head":"<!-- This site is optimized with the Yoast SEO plugin v27.1.1 - https:\/\/yoast.com\/product\/yoast-seo-wordpress\/ -->\n<title>Products - Sz\u00e9kesfeh\u00e9rv\u00e1ri \u00c1rp\u00e1d F\u00fcrd\u0151<\/title>\n<meta name=\"robots\" content=\"index, follow, max-snippet:-1, max-image-preview:large, max-video-preview:-1\" \/>\n<link rel=\"canonical\" href=\"https:\/\/www.fehervar-arpadfurdo.hu\/en\/arlista-2\/products\/\" \/>\n<meta property=\"og:locale\" content=\"en_US\" \/>\n<meta property=\"og:type\" content=\"article\" \/>\n<meta property=\"og:title\" content=\"Products - Sz\u00e9kesfeh\u00e9rv\u00e1ri \u00c1rp\u00e1d F\u00fcrd\u0151\" \/>\n<meta property=\"og:description\" content=\"Rent: Bathrobe: 2.000 Ft Chess: 500 Ft \/ hour Purchasable products: Slippers 3.200 Ft\/pair Soap 1250 Ft\/piece Emblemed sauna skirt (man, woman) (frott\u00edr, S,M,L,XL) 10.500 Ft\/piece Sauna cap (different style) 14.900 Ft\/piece \u00a0 Towel 50 \u00d7 100 cm 1.600 Ft Sauna sheet 70 \u00d7 140 cm 1.500 Ft Towel 70 \u00d7 140 cm 2.600 Ft [&hellip;]\" \/>\n<meta property=\"og:url\" content=\"https:\/\/www.fehervar-arpadfurdo.hu\/en\/arlista-2\/products\/\" \/>\n<meta property=\"og:site_name\" content=\"Sz\u00e9kesfeh\u00e9rv\u00e1ri \u00c1rp\u00e1d F\u00fcrd\u0151\" \/>\n<meta property=\"article:publisher\" content=\"https:\/\/www.facebook.com\/arpadfurdo\/\" \/>\n<meta property=\"article:modified_time\" content=\"2025-12-25T07:14:17+00:00\" \/>\n<meta property=\"og:image\" content=\"https:\/\/www.fehervar-arpadfurdo.hu\/wp-content\/uploads\/2016\/10\/papucs_k.jpg\" \/>\n\t<meta property=\"og:image:width\" content=\"800\" \/>\n\t<meta property=\"og:image:height\" content=\"528\" \/>\n\t<meta property=\"og:image:type\" content=\"image\/jpeg\" \/>\n<meta name=\"twitter:label1\" content=\"Est. reading time\" \/>\n\t<meta name=\"twitter:data1\" content=\"4 minutes\" \/>\n<script type=\"application\/ld+json\" class=\"yoast-schema-graph\">{\"@context\":\"https:\/\/schema.org\",\"@graph\":[{\"@type\":\"WebPage\",\"@id\":\"https:\/\/www.fehervar-arpadfurdo.hu\/en\/arlista-2\/products\/\",\"url\":\"https:\/\/www.fehervar-arpadfurdo.hu\/en\/arlista-2\/products\/\",\"name\":\"Products - Sz\u00e9kesfeh\u00e9rv\u00e1ri \u00c1rp\u00e1d F\u00fcrd\u0151\",\"isPartOf\":{\"@id\":\"https:\/\/www.fehervar-arpadfurdo.hu\/#website\"},\"primaryImageOfPage\":{\"@id\":\"https:\/\/www.fehervar-arpadfurdo.hu\/en\/arlista-2\/products\/#primaryimage\"},\"image\":{\"@id\":\"https:\/\/www.fehervar-arpadfurdo.hu\/en\/arlista-2\/products\/#primaryimage\"},\"thumbnailUrl\":\"http:\/\/www.fehervar-arpadfurdo.hu\/wp-content\/uploads\/2016\/10\/papucs_k-490x325.jpg\",\"datePublished\":\"2016-10-18T07:29:20+00:00\",\"dateModified\":\"2025-12-25T07:14:17+00:00\",\"breadcrumb\":{\"@id\":\"https:\/\/www.fehervar-arpadfurdo.hu\/en\/arlista-2\/products\/#breadcrumb\"},\"inLanguage\":\"en-US\",\"potentialAction\":[{\"@type\":\"ReadAction\",\"target\":[\"https:\/\/www.fehervar-arpadfurdo.hu\/en\/arlista-2\/products\/\"]}]},{\"@type\":\"ImageObject\",\"inLanguage\":\"en-US\",\"@id\":\"https:\/\/www.fehervar-arpadfurdo.hu\/en\/arlista-2\/products\/#primaryimage\",\"url\":\"http:\/\/www.fehervar-arpadfurdo.hu\/wp-content\/uploads\/2016\/10\/papucs_k-490x325.jpg\",\"contentUrl\":\"http:\/\/www.fehervar-arpadfurdo.hu\/wp-content\/uploads\/2016\/10\/papucs_k-490x325.jpg\"},{\"@type\":\"BreadcrumbList\",\"@id\":\"https:\/\/www.fehervar-arpadfurdo.hu\/en\/arlista-2\/products\/#breadcrumb\",\"itemListElement\":[{\"@type\":\"ListItem\",\"position\":1,\"name\":\"Kezd\u0151lap\",\"item\":\"https:\/\/www.fehervar-arpadfurdo.hu\/en\/\"},{\"@type\":\"ListItem\",\"position\":2,\"name\":\"Prices\",\"item\":\"https:\/\/www.fehervar-arpadfurdo.hu\/en\/arlista-2\/\"},{\"@type\":\"ListItem\",\"position\":3,\"name\":\"Products\"}]},{\"@type\":\"WebSite\",\"@id\":\"https:\/\/www.fehervar-arpadfurdo.hu\/#website\",\"url\":\"https:\/\/www.fehervar-arpadfurdo.hu\/\",\"name\":\"Sz\u00e9kesfeh\u00e9rv\u00e1ri \u00c1rp\u00e1d F\u00fcrd\u0151\",\"description\":\"Mes\u00e9s \u00e9lm\u00e9ny a belv\u00e1ros sz\u00edv\u00e9ben\",\"potentialAction\":[{\"@type\":\"SearchAction\",\"target\":{\"@type\":\"EntryPoint\",\"urlTemplate\":\"https:\/\/www.fehervar-arpadfurdo.hu\/?s={search_term_string}\"},\"query-input\":{\"@type\":\"PropertyValueSpecification\",\"valueRequired\":true,\"valueName\":\"search_term_string\"}}],\"inLanguage\":\"en-US\"}]}<\/script>\n<!-- \/ Yoast SEO plugin. -->","yoast_head_json":{"title":"Products - Sz\u00e9kesfeh\u00e9rv\u00e1ri \u00c1rp\u00e1d F\u00fcrd\u0151","robots":{"index":"index","follow":"follow","max-snippet":"max-snippet:-1","max-image-preview":"max-image-preview:large","max-video-preview":"max-video-preview:-1"},"canonical":"https:\/\/www.fehervar-arpadfurdo.hu\/en\/arlista-2\/products\/","og_locale":"en_US","og_type":"article","og_title":"Products - Sz\u00e9kesfeh\u00e9rv\u00e1ri \u00c1rp\u00e1d F\u00fcrd\u0151","og_description":"Rent: Bathrobe: 2.000 Ft Chess: 500 Ft \/ hour Purchasable products: Slippers 3.200 Ft\/pair Soap 1250 Ft\/piece Emblemed sauna skirt (man, woman) (frott\u00edr, S,M,L,XL) 10.500 Ft\/piece Sauna cap (different style) 14.900 Ft\/piece \u00a0 Towel 50 \u00d7 100 cm 1.600 Ft Sauna sheet 70 \u00d7 140 cm 1.500 Ft Towel 70 \u00d7 140 cm 2.600 Ft [&hellip;]","og_url":"https:\/\/www.fehervar-arpadfurdo.hu\/en\/arlista-2\/products\/","og_site_name":"Sz\u00e9kesfeh\u00e9rv\u00e1ri \u00c1rp\u00e1d F\u00fcrd\u0151","article_publisher":"https:\/\/www.facebook.com\/arpadfurdo\/","article_modified_time":"2025-12-25T07:14:17+00:00","og_image":[{"width":800,"height":528,"url":"https:\/\/www.fehervar-arpadfurdo.hu\/wp-content\/uploads\/2016\/10\/papucs_k.jpg","type":"image\/jpeg"}],"twitter_misc":{"Est. reading time":"4 minutes"},"schema":{"@context":"https:\/\/schema.org","@graph":[{"@type":"WebPage","@id":"https:\/\/www.fehervar-arpadfurdo.hu\/en\/arlista-2\/products\/","url":"https:\/\/www.fehervar-arpadfurdo.hu\/en\/arlista-2\/products\/","name":"Products - Sz\u00e9kesfeh\u00e9rv\u00e1ri \u00c1rp\u00e1d F\u00fcrd\u0151","isPartOf":{"@id":"https:\/\/www.fehervar-arpadfurdo.hu\/#website"},"primaryImageOfPage":{"@id":"https:\/\/www.fehervar-arpadfurdo.hu\/en\/arlista-2\/products\/#primaryimage"},"image":{"@id":"https:\/\/www.fehervar-arpadfurdo.hu\/en\/arlista-2\/products\/#primaryimage"},"thumbnailUrl":"http:\/\/www.fehervar-arpadfurdo.hu\/wp-content\/uploads\/2016\/10\/papucs_k-490x325.jpg","datePublished":"2016-10-18T07:29:20+00:00","dateModified":"2025-12-25T07:14:17+00:00","breadcrumb":{"@id":"https:\/\/www.fehervar-arpadfurdo.hu\/en\/arlista-2\/products\/#breadcrumb"},"inLanguage":"en-US","potentialAction":[{"@type":"ReadAction","target":["https:\/\/www.fehervar-arpadfurdo.hu\/en\/arlista-2\/products\/"]}]},{"@type":"ImageObject","inLanguage":"en-US","@id":"https:\/\/www.fehervar-arpadfurdo.hu\/en\/arlista-2\/products\/#primaryimage","url":"http:\/\/www.fehervar-arpadfurdo.hu\/wp-content\/uploads\/2016\/10\/papucs_k-490x325.jpg","contentUrl":"http:\/\/www.fehervar-arpadfurdo.hu\/wp-content\/uploads\/2016\/10\/papucs_k-490x325.jpg"},{"@type":"BreadcrumbList","@id":"https:\/\/www.fehervar-arpadfurdo.hu\/en\/arlista-2\/products\/#breadcrumb","itemListElement":[{"@type":"ListItem","position":1,"name":"Kezd\u0151lap","item":"https:\/\/www.fehervar-arpadfurdo.hu\/en\/"},{"@type":"ListItem","position":2,"name":"Prices","item":"https:\/\/www.fehervar-arpadfurdo.hu\/en\/arlista-2\/"},{"@type":"ListItem","position":3,"name":"Products"}]},{"@type":"WebSite","@id":"https:\/\/www.fehervar-arpadfurdo.hu\/#website","url":"https:\/\/www.fehervar-arpadfurdo.hu\/","name":"Sz\u00e9kesfeh\u00e9rv\u00e1ri \u00c1rp\u00e1d F\u00fcrd\u0151","description":"Mes\u00e9s \u00e9lm\u00e9ny a belv\u00e1ros sz\u00edv\u00e9ben","potentialAction":[{"@type":"SearchAction","target":{"@type":"EntryPoint","urlTemplate":"https:\/\/www.fehervar-arpadfurdo.hu\/?s={search_term_string}"},"query-input":{"@type":"PropertyValueSpecification","valueRequired":true,"valueName":"search_term_string"}}],"inLanguage":"en-US"}]}},"_links":{"self":[{"href":"https:\/\/www.fehervar-arpadfurdo.hu\/en\/wp-json\/wp\/v2\/pages\/4152","targetHints":{"allow":["GET"]}}],"collection":[{"href":"https:\/\/www.fehervar-arpadfurdo.hu\/en\/wp-json\/wp\/v2\/pages"}],"about":[{"href":"https:\/\/www.fehervar-arpadfurdo.hu\/en\/wp-json\/wp\/v2\/types\/page"}],"author":[{"embeddable":true,"href":"https:\/\/www.fehervar-arpadfurdo.hu\/en\/wp-json\/wp\/v2\/users\/1"}],"replies":[{"embeddable":true,"href":"https:\/\/www.fehervar-arpadfurdo.hu\/en\/wp-json\/wp\/v2\/comments?post=4152"}],"version-history":[{"count":25,"href":"https:\/\/www.fehervar-arpadfurdo.hu\/en\/wp-json\/wp\/v2\/pages\/4152\/revisions"}],"predecessor-version":[{"id":15911,"href":"https:\/\/www.fehervar-arpadfurdo.hu\/en\/wp-json\/wp\/v2\/pages\/4152\/revisions\/15911"}],"up":[{"embeddable":true,"href":"https:\/\/www.fehervar-arpadfurdo.hu\/en\/wp-json\/wp\/v2\/pages\/953"}],"wp:attachment":[{"href":"https:\/\/www.fehervar-arpadfurdo.hu\/en\/wp-json\/wp\/v2\/media?parent=4152"}],"curies":[{"name":"wp","href":"https:\/\/api.w.org\/{rel}","templated":true}]}}