{"id":950,"date":"2015-03-09T13:44:00","date_gmt":"2015-03-09T12:44:00","guid":{"rendered":"http:\/\/www.fehervar-arpadfurdo.hu\/?page_id=950"},"modified":"2025-11-25T12:15:02","modified_gmt":"2025-11-25T11:15:02","slug":"contact","status":"publish","type":"page","link":"https:\/\/www.fehervar-arpadfurdo.hu\/en\/contact\/","title":{"rendered":"Contact"},"content":{"rendered":"<div class=\"articleBody\">\n<p><strong>Sz\u00e9kesfeh\u00e9rv\u00e1r \u00c1rp\u00e1d Spa<\/strong><\/p>\n<p>H-8000 Sz\u00e9kesfeh\u00e9rv\u00e1r, Kossuth u. 12.<\/p>\n<p>Telephone: +36 22\/814-400<\/p>\n<p><a href=\"http:\/\/www.fehervar-arpadfurdo.hu\/\">www.arpadfurdo.eu<\/a><\/p>\n<p><strong>Information:<\/strong><\/p>\n<p><a href=\"mailto:info@fehervar-arpadfurdo.hu\">info@fehervar-arpadfurdo.hu<\/a><\/p>\n<p><strong>Sales:<\/strong><\/p>\n<p>T\u00edmea Lepcs\u00e9nyin\u00e9 M\u00e1lyi<\/p>\n<p><a href=\"mailto:somogyi.ilona@arpadfurdo.eu\">lepcsenyi.timea@arpadfurdo.eu<\/a><\/p>\n<p><strong>Manager<\/strong>:<\/p>\n<p>Edward Zsiga<\/p>\n<p><a href=\"mailto:zsiga.edward@arpadfurdo.eu\">zsiga.edward@arpadfurdo.eu<\/a><\/p>\n<\/div>\n<div class=\"google-maps\"><\/div>\n","protected":false},"excerpt":{"rendered":"<p>Sz\u00e9kesfeh\u00e9rv\u00e1r \u00c1rp\u00e1d Spa H-8000 Sz\u00e9kesfeh\u00e9rv\u00e1r, Kossuth u. 12. Telephone: +36 22\/814-400 www.arpadfurdo.eu Information: info@fehervar-arpadfurdo.hu Sales: T\u00edmea Lepcs\u00e9nyin\u00e9 M\u00e1lyi lepcsenyi.timea@arpadfurdo.eu Manager: Edward Zsiga zsiga.edward@arpadfurdo.eu<\/p>\n","protected":false},"author":1,"featured_media":0,"parent":0,"menu_order":0,"comment_status":"closed","ping_status":"open","template":"","meta":{"footnotes":""},"class_list":["post-950","page","type-page","status-publish","hentry"],"yoast_head":"<!-- This site is optimized with the Yoast SEO plugin v27.5 - https:\/\/yoast.com\/product\/yoast-seo-wordpress\/ -->\n<title>Contact - Sz\u00e9kesfeh\u00e9rv\u00e1ri \u00c1rp\u00e1d F\u00fcrd\u0151<\/title>\n<meta name=\"robots\" content=\"index, follow, max-snippet:-1, max-image-preview:large, max-video-preview:-1\" \/>\n<link rel=\"canonical\" href=\"https:\/\/www.fehervar-arpadfurdo.hu\/en\/contact\/\" \/>\n<meta property=\"og:locale\" content=\"en_US\" \/>\n<meta property=\"og:type\" content=\"article\" \/>\n<meta property=\"og:title\" content=\"Contact - Sz\u00e9kesfeh\u00e9rv\u00e1ri \u00c1rp\u00e1d F\u00fcrd\u0151\" \/>\n<meta property=\"og:description\" content=\"Sz\u00e9kesfeh\u00e9rv\u00e1r \u00c1rp\u00e1d Spa H-8000 Sz\u00e9kesfeh\u00e9rv\u00e1r, Kossuth u. 12. Telephone: +36 22\/814-400 www.arpadfurdo.eu Information: info@fehervar-arpadfurdo.hu Sales: T\u00edmea Lepcs\u00e9nyin\u00e9 M\u00e1lyi lepcsenyi.timea@arpadfurdo.eu Manager: Edward Zsiga zsiga.edward@arpadfurdo.eu\" \/>\n<meta property=\"og:url\" content=\"https:\/\/www.fehervar-arpadfurdo.hu\/en\/contact\/\" \/>\n<meta property=\"og:site_name\" content=\"Sz\u00e9kesfeh\u00e9rv\u00e1ri \u00c1rp\u00e1d F\u00fcrd\u0151\" \/>\n<meta property=\"article:publisher\" content=\"https:\/\/www.facebook.com\/arpadfurdo\/\" \/>\n<meta property=\"article:modified_time\" content=\"2025-11-25T11:15:02+00:00\" \/>\n<script type=\"application\/ld+json\" class=\"yoast-schema-graph\">{\"@context\":\"https:\\\/\\\/schema.org\",\"@graph\":[{\"@type\":\"WebPage\",\"@id\":\"https:\\\/\\\/www.fehervar-arpadfurdo.hu\\\/en\\\/contact\\\/\",\"url\":\"https:\\\/\\\/www.fehervar-arpadfurdo.hu\\\/en\\\/contact\\\/\",\"name\":\"Contact - Sz\u00e9kesfeh\u00e9rv\u00e1ri \u00c1rp\u00e1d F\u00fcrd\u0151\",\"isPartOf\":{\"@id\":\"https:\\\/\\\/www.fehervar-arpadfurdo.hu\\\/#website\"},\"datePublished\":\"2015-03-09T12:44:00+00:00\",\"dateModified\":\"2025-11-25T11:15:02+00:00\",\"breadcrumb\":{\"@id\":\"https:\\\/\\\/www.fehervar-arpadfurdo.hu\\\/en\\\/contact\\\/#breadcrumb\"},\"inLanguage\":\"en-US\",\"potentialAction\":[{\"@type\":\"ReadAction\",\"target\":[\"https:\\\/\\\/www.fehervar-arpadfurdo.hu\\\/en\\\/contact\\\/\"]}]},{\"@type\":\"BreadcrumbList\",\"@id\":\"https:\\\/\\\/www.fehervar-arpadfurdo.hu\\\/en\\\/contact\\\/#breadcrumb\",\"itemListElement\":[{\"@type\":\"ListItem\",\"position\":1,\"name\":\"Kezd\u0151lap\",\"item\":\"https:\\\/\\\/www.fehervar-arpadfurdo.hu\\\/en\\\/\"},{\"@type\":\"ListItem\",\"position\":2,\"name\":\"Contact\"}]},{\"@type\":\"WebSite\",\"@id\":\"https:\\\/\\\/www.fehervar-arpadfurdo.hu\\\/#website\",\"url\":\"https:\\\/\\\/www.fehervar-arpadfurdo.hu\\\/\",\"name\":\"Sz\u00e9kesfeh\u00e9rv\u00e1ri \u00c1rp\u00e1d F\u00fcrd\u0151\",\"description\":\"Mes\u00e9s \u00e9lm\u00e9ny a belv\u00e1ros sz\u00edv\u00e9ben\",\"potentialAction\":[{\"@type\":\"SearchAction\",\"target\":{\"@type\":\"EntryPoint\",\"urlTemplate\":\"https:\\\/\\\/www.fehervar-arpadfurdo.hu\\\/?s={search_term_string}\"},\"query-input\":{\"@type\":\"PropertyValueSpecification\",\"valueRequired\":true,\"valueName\":\"search_term_string\"}}],\"inLanguage\":\"en-US\"}]}<\/script>\n<!-- \/ Yoast SEO plugin. -->","yoast_head_json":{"title":"Contact - Sz\u00e9kesfeh\u00e9rv\u00e1ri \u00c1rp\u00e1d F\u00fcrd\u0151","robots":{"index":"index","follow":"follow","max-snippet":"max-snippet:-1","max-image-preview":"max-image-preview:large","max-video-preview":"max-video-preview:-1"},"canonical":"https:\/\/www.fehervar-arpadfurdo.hu\/en\/contact\/","og_locale":"en_US","og_type":"article","og_title":"Contact - Sz\u00e9kesfeh\u00e9rv\u00e1ri \u00c1rp\u00e1d F\u00fcrd\u0151","og_description":"Sz\u00e9kesfeh\u00e9rv\u00e1r \u00c1rp\u00e1d Spa H-8000 Sz\u00e9kesfeh\u00e9rv\u00e1r, Kossuth u. 12. Telephone: +36 22\/814-400 www.arpadfurdo.eu Information: info@fehervar-arpadfurdo.hu Sales: T\u00edmea Lepcs\u00e9nyin\u00e9 M\u00e1lyi lepcsenyi.timea@arpadfurdo.eu Manager: Edward Zsiga zsiga.edward@arpadfurdo.eu","og_url":"https:\/\/www.fehervar-arpadfurdo.hu\/en\/contact\/","og_site_name":"Sz\u00e9kesfeh\u00e9rv\u00e1ri \u00c1rp\u00e1d F\u00fcrd\u0151","article_publisher":"https:\/\/www.facebook.com\/arpadfurdo\/","article_modified_time":"2025-11-25T11:15:02+00:00","schema":{"@context":"https:\/\/schema.org","@graph":[{"@type":"WebPage","@id":"https:\/\/www.fehervar-arpadfurdo.hu\/en\/contact\/","url":"https:\/\/www.fehervar-arpadfurdo.hu\/en\/contact\/","name":"Contact - Sz\u00e9kesfeh\u00e9rv\u00e1ri \u00c1rp\u00e1d F\u00fcrd\u0151","isPartOf":{"@id":"https:\/\/www.fehervar-arpadfurdo.hu\/#website"},"datePublished":"2015-03-09T12:44:00+00:00","dateModified":"2025-11-25T11:15:02+00:00","breadcrumb":{"@id":"https:\/\/www.fehervar-arpadfurdo.hu\/en\/contact\/#breadcrumb"},"inLanguage":"en-US","potentialAction":[{"@type":"ReadAction","target":["https:\/\/www.fehervar-arpadfurdo.hu\/en\/contact\/"]}]},{"@type":"BreadcrumbList","@id":"https:\/\/www.fehervar-arpadfurdo.hu\/en\/contact\/#breadcrumb","itemListElement":[{"@type":"ListItem","position":1,"name":"Kezd\u0151lap","item":"https:\/\/www.fehervar-arpadfurdo.hu\/en\/"},{"@type":"ListItem","position":2,"name":"Contact"}]},{"@type":"WebSite","@id":"https:\/\/www.fehervar-arpadfurdo.hu\/#website","url":"https:\/\/www.fehervar-arpadfurdo.hu\/","name":"Sz\u00e9kesfeh\u00e9rv\u00e1ri \u00c1rp\u00e1d F\u00fcrd\u0151","description":"Mes\u00e9s \u00e9lm\u00e9ny a belv\u00e1ros sz\u00edv\u00e9ben","potentialAction":[{"@type":"SearchAction","target":{"@type":"EntryPoint","urlTemplate":"https:\/\/www.fehervar-arpadfurdo.hu\/?s={search_term_string}"},"query-input":{"@type":"PropertyValueSpecification","valueRequired":true,"valueName":"search_term_string"}}],"inLanguage":"en-US"}]}},"_links":{"self":[{"href":"https:\/\/www.fehervar-arpadfurdo.hu\/en\/wp-json\/wp\/v2\/pages\/950","targetHints":{"allow":["GET"]}}],"collection":[{"href":"https:\/\/www.fehervar-arpadfurdo.hu\/en\/wp-json\/wp\/v2\/pages"}],"about":[{"href":"https:\/\/www.fehervar-arpadfurdo.hu\/en\/wp-json\/wp\/v2\/types\/page"}],"author":[{"embeddable":true,"href":"https:\/\/www.fehervar-arpadfurdo.hu\/en\/wp-json\/wp\/v2\/users\/1"}],"replies":[{"embeddable":true,"href":"https:\/\/www.fehervar-arpadfurdo.hu\/en\/wp-json\/wp\/v2\/comments?post=950"}],"version-history":[{"count":6,"href":"https:\/\/www.fehervar-arpadfurdo.hu\/en\/wp-json\/wp\/v2\/pages\/950\/revisions"}],"predecessor-version":[{"id":15756,"href":"https:\/\/www.fehervar-arpadfurdo.hu\/en\/wp-json\/wp\/v2\/pages\/950\/revisions\/15756"}],"wp:attachment":[{"href":"https:\/\/www.fehervar-arpadfurdo.hu\/en\/wp-json\/wp\/v2\/media?parent=950"}],"curies":[{"name":"wp","href":"https:\/\/api.w.org\/{rel}","templated":true}]}}