{"id":953,"date":"2015-03-09T14:05:15","date_gmt":"2015-03-09T13:05:15","guid":{"rendered":"http:\/\/www.fehervar-arpadfurdo.hu\/?page_id=953"},"modified":"2023-06-23T12:09:23","modified_gmt":"2023-06-23T10:09:23","slug":"arlista-2","status":"publish","type":"page","link":"https:\/\/www.fehervar-arpadfurdo.hu\/en\/arlista-2\/","title":{"rendered":"Prices"},"content":{"rendered":"<h2>Ticket prices<\/h2>\n<p><span style=\"color: #aa7c41;\"><strong>Admission fees include the use of saunas, steambath, pools, salt room, tepidarium, and dressing cabins!<\/strong><\/span><\/p>\n<h3>I. Weekdays<\/h3>\n<table>\n<tbody>\n<tr>\n<td>Adult ticket for whole day<\/td>\n<td style=\"text-align: right;\"><strong>8.400 Ft<\/strong><\/td>\n<\/tr>\n<tr>\n<td>Adult ticket for 3 hours<\/td>\n<td style=\"text-align: right;\"><strong>7.500 Ft<\/strong><\/td>\n<\/tr>\n<tr>\n<td>Pensioners and students for whole day<\/td>\n<td style=\"text-align: right;\"><strong>6.700 Ft<\/strong><\/td>\n<\/tr>\n<tr>\n<td>Pensioners and students for 3 hours<\/td>\n<td style=\"text-align: right;\"><strong>5.500 Ft<\/strong><\/td>\n<\/tr>\n<\/tbody>\n<\/table>\n<h3>II. <strong>Weekend, Holidays<\/strong><\/h3>\n<table>\n<tbody>\n<tr>\n<td>Adult ticket for whole day<\/td>\n<td style=\"white-space: nowrap; text-align: right;\"><strong>9.900 Ft<\/strong><\/td>\n<\/tr>\n<tr>\n<td>Adult ticket for 3 hours<\/td>\n<td style=\"white-space: nowrap; text-align: right;\"><strong>8.500 Ft<\/strong><\/td>\n<\/tr>\n<tr>\n<td>Pensioners and students for whole day<\/td>\n<td style=\"white-space: nowrap; text-align: right;\"><strong>7.600 Ft<\/strong><\/td>\n<\/tr>\n<tr>\n<td>Pensioners and students for 3 hours<\/td>\n<td style=\"white-space: nowrap; text-align: right;\"><strong>6.500 Ft<\/strong><\/td>\n<\/tr>\n<\/tbody>\n<\/table>\n<h3>III. Discount tickets <strong>(Can not combined with other discount)<\/strong><\/h3>\n<table style=\"width: 52.102%; height: 144px;\">\n<tbody>\n<tr style=\"height: 24px;\">\n<td style=\"height: 24px;\">Mondays pensioner all day ticket<\/td>\n<td style=\"white-space: nowrap; text-align: right; height: 24px;\"><strong>4.400 Ft<\/strong><\/td>\n<\/tr>\n<tr style=\"height: 24px;\">\n<td style=\"height: 24px;\"><span id=\"result_box\" class=\"short_text\" lang=\"en\"><span class=\"hps\">Tuesdays<\/span><\/span>\u00a0man all day ticket<\/td>\n<td style=\"white-space: nowrap; text-align: right; height: 24px;\"><strong>6.500 Ft<\/strong><\/td>\n<\/tr>\n<tr style=\"height: 24px;\">\n<td style=\"height: 24px;\"><span id=\"result_box\" class=\"short_text\" lang=\"en\"><span class=\"hps\">Wednesdays<\/span><\/span> <span id=\"result_box\" lang=\"en\"><span class=\"hps\">public servants<\/span>, civil servants <span class=\"hps atn\">(<\/span>soldiers)<span class=\"hps\"> all day ticket<\/span><\/span><\/td>\n<td style=\"white-space: nowrap; text-align: right; height: 24px;\"><strong>5.500 Ft<\/strong><\/td>\n<\/tr>\n<tr style=\"height: 24px;\">\n<td style=\"height: 24px;\"><span id=\"result_box\" class=\"short_text\" lang=\"en\"><span class=\"hps\">Thursdays<\/span><\/span>\u00a0lady guests all day ticket<\/td>\n<td style=\"white-space: nowrap; text-align: right; height: 24px;\"><strong>6.500 Ft<\/strong><\/td>\n<\/tr>\n<tr style=\"height: 24px;\">\n<td style=\"height: 24px;\">Friday for pairs (1 woman-1 man)<\/td>\n<td style=\"white-space: nowrap; text-align: right; height: 24px;\"><strong>6.500 Ft<\/strong><\/td>\n<\/tr>\n<tr style=\"height: 24px;\">\n<td style=\"height: 24px;\">Ticket after 19 hour<\/td>\n<td style=\"white-space: nowrap; text-align: right; height: 24px;\"><strong>4.500 Ft<\/strong><\/td>\n<\/tr>\n<\/tbody>\n<\/table>\n<p><strong>Under age 6 the entry is free! Families receive discount from tickets.<br \/>\nIn case of 2 adults + min. 2 children<\/strong><\/p>\n<p><strong><span class=\"_5yl5\" data-reactid=\".w.$mid=11401880791794=2fc11c6f7af57a2bf34.2:0.0.0.0.0\"><span class=\"null\">Pass for 10 times<\/span><\/span> <\/strong><em>(<span id=\"result_box\" class=\"short_text\" lang=\"en\"><span class=\"hps\">weekdays<\/span> <span class=\"hps\">and weekends<\/span> <span class=\"hps\">can be used<\/span><\/span>)<\/em><\/p>\n<table>\n<tbody>\n<tr>\n<td>All day season ticket for adults:<\/td>\n<td style=\"white-space: nowrap; text-align: right;\"><strong>70.000 Ft<\/strong><\/td>\n<\/tr>\n<tr>\n<td>Adult 3 hours season ticket:<\/td>\n<td style=\"white-space: nowrap; text-align: right;\"><strong>64.000 Ft<\/strong><\/td>\n<\/tr>\n<tr>\n<td>Pensioner\/student all day season ticket:<\/td>\n<td style=\"white-space: nowrap; text-align: right;\"><strong>56.000 Ft<\/strong><\/td>\n<\/tr>\n<tr>\n<td>Pensioner\/student 3 hours season ticket:<\/td>\n<td style=\"white-space: nowrap; text-align: right;\"><strong>41.000 Ft<\/strong><\/td>\n<\/tr>\n<tr>\n<td>3 month unlimited season ticket (name needed)<\/td>\n<td style=\"white-space: nowrap; text-align: right;\"><strong>105.000 Ft<\/strong><\/td>\n<\/tr>\n<tr>\n<td>6 month unlimited season ticket (name needed)<\/td>\n<td style=\"white-space: nowrap; text-align: right;\"><strong>199.000 Ft<\/strong><\/td>\n<\/tr>\n<\/tbody>\n<\/table>\n<p>&nbsp;<\/p>\n<p>&nbsp;<\/p>\n","protected":false},"excerpt":{"rendered":"<p>Ticket prices Admission fees include the use of saunas, steambath, pools, salt room, tepidarium, and dressing cabins! I. Weekdays Adult ticket for whole day 8.400 Ft Adult ticket for 3 hours 7.500 Ft Pensioners and students for whole day 6.700 Ft Pensioners and students for 3 hours 5.500 Ft II. Weekend, Holidays Adult ticket for [&hellip;]<\/p>\n","protected":false},"author":1,"featured_media":0,"parent":0,"menu_order":0,"comment_status":"closed","ping_status":"open","template":"","meta":{"footnotes":""},"class_list":["post-953","page","type-page","status-publish","hentry"],"yoast_head":"<!-- This site is optimized with the Yoast SEO plugin v27.1.1 - https:\/\/yoast.com\/product\/yoast-seo-wordpress\/ -->\n<title>Prices - Sz\u00e9kesfeh\u00e9rv\u00e1ri \u00c1rp\u00e1d F\u00fcrd\u0151<\/title>\n<meta name=\"robots\" content=\"index, follow, max-snippet:-1, max-image-preview:large, max-video-preview:-1\" \/>\n<link rel=\"canonical\" href=\"https:\/\/www.fehervar-arpadfurdo.hu\/en\/arlista-2\/\" \/>\n<meta property=\"og:locale\" content=\"en_US\" \/>\n<meta property=\"og:type\" content=\"article\" \/>\n<meta property=\"og:title\" content=\"Prices - Sz\u00e9kesfeh\u00e9rv\u00e1ri \u00c1rp\u00e1d F\u00fcrd\u0151\" \/>\n<meta property=\"og:description\" content=\"Ticket prices Admission fees include the use of saunas, steambath, pools, salt room, tepidarium, and dressing cabins! I. Weekdays Adult ticket for whole day 8.400 Ft Adult ticket for 3 hours 7.500 Ft Pensioners and students for whole day 6.700 Ft Pensioners and students for 3 hours 5.500 Ft II. Weekend, Holidays Adult ticket for [&hellip;]\" \/>\n<meta property=\"og:url\" content=\"https:\/\/www.fehervar-arpadfurdo.hu\/en\/arlista-2\/\" \/>\n<meta property=\"og:site_name\" content=\"Sz\u00e9kesfeh\u00e9rv\u00e1ri \u00c1rp\u00e1d F\u00fcrd\u0151\" \/>\n<meta property=\"article:publisher\" content=\"https:\/\/www.facebook.com\/arpadfurdo\/\" \/>\n<meta property=\"article:modified_time\" content=\"2023-06-23T10:09:23+00:00\" \/>\n<meta property=\"og:image\" content=\"http:\/\/www.fehervar-arpadfurdo.hu\/wp-content\/uploads\/2015\/11\/au-3000-1024x390.jpg\" \/>\n<meta name=\"twitter:label1\" content=\"Est. reading time\" \/>\n\t<meta name=\"twitter:data1\" content=\"1 minute\" \/>\n<script type=\"application\/ld+json\" class=\"yoast-schema-graph\">{\"@context\":\"https:\/\/schema.org\",\"@graph\":[{\"@type\":\"WebPage\",\"@id\":\"https:\/\/www.fehervar-arpadfurdo.hu\/en\/arlista-2\/\",\"url\":\"https:\/\/www.fehervar-arpadfurdo.hu\/en\/arlista-2\/\",\"name\":\"Prices - Sz\u00e9kesfeh\u00e9rv\u00e1ri \u00c1rp\u00e1d F\u00fcrd\u0151\",\"isPartOf\":{\"@id\":\"https:\/\/www.fehervar-arpadfurdo.hu\/#website\"},\"datePublished\":\"2015-03-09T13:05:15+00:00\",\"dateModified\":\"2023-06-23T10:09:23+00:00\",\"breadcrumb\":{\"@id\":\"https:\/\/www.fehervar-arpadfurdo.hu\/en\/arlista-2\/#breadcrumb\"},\"inLanguage\":\"en-US\",\"potentialAction\":[{\"@type\":\"ReadAction\",\"target\":[\"https:\/\/www.fehervar-arpadfurdo.hu\/en\/arlista-2\/\"]}]},{\"@type\":\"BreadcrumbList\",\"@id\":\"https:\/\/www.fehervar-arpadfurdo.hu\/en\/arlista-2\/#breadcrumb\",\"itemListElement\":[{\"@type\":\"ListItem\",\"position\":1,\"name\":\"Kezd\u0151lap\",\"item\":\"https:\/\/www.fehervar-arpadfurdo.hu\/en\/\"},{\"@type\":\"ListItem\",\"position\":2,\"name\":\"Prices\"}]},{\"@type\":\"WebSite\",\"@id\":\"https:\/\/www.fehervar-arpadfurdo.hu\/#website\",\"url\":\"https:\/\/www.fehervar-arpadfurdo.hu\/\",\"name\":\"Sz\u00e9kesfeh\u00e9rv\u00e1ri \u00c1rp\u00e1d F\u00fcrd\u0151\",\"description\":\"Mes\u00e9s \u00e9lm\u00e9ny a belv\u00e1ros sz\u00edv\u00e9ben\",\"potentialAction\":[{\"@type\":\"SearchAction\",\"target\":{\"@type\":\"EntryPoint\",\"urlTemplate\":\"https:\/\/www.fehervar-arpadfurdo.hu\/?s={search_term_string}\"},\"query-input\":{\"@type\":\"PropertyValueSpecification\",\"valueRequired\":true,\"valueName\":\"search_term_string\"}}],\"inLanguage\":\"en-US\"}]}<\/script>\n<!-- \/ Yoast SEO plugin. -->","yoast_head_json":{"title":"Prices - Sz\u00e9kesfeh\u00e9rv\u00e1ri \u00c1rp\u00e1d F\u00fcrd\u0151","robots":{"index":"index","follow":"follow","max-snippet":"max-snippet:-1","max-image-preview":"max-image-preview:large","max-video-preview":"max-video-preview:-1"},"canonical":"https:\/\/www.fehervar-arpadfurdo.hu\/en\/arlista-2\/","og_locale":"en_US","og_type":"article","og_title":"Prices - Sz\u00e9kesfeh\u00e9rv\u00e1ri \u00c1rp\u00e1d F\u00fcrd\u0151","og_description":"Ticket prices Admission fees include the use of saunas, steambath, pools, salt room, tepidarium, and dressing cabins! I. Weekdays Adult ticket for whole day 8.400 Ft Adult ticket for 3 hours 7.500 Ft Pensioners and students for whole day 6.700 Ft Pensioners and students for 3 hours 5.500 Ft II. Weekend, Holidays Adult ticket for [&hellip;]","og_url":"https:\/\/www.fehervar-arpadfurdo.hu\/en\/arlista-2\/","og_site_name":"Sz\u00e9kesfeh\u00e9rv\u00e1ri \u00c1rp\u00e1d F\u00fcrd\u0151","article_publisher":"https:\/\/www.facebook.com\/arpadfurdo\/","article_modified_time":"2023-06-23T10:09:23+00:00","og_image":[{"url":"http:\/\/www.fehervar-arpadfurdo.hu\/wp-content\/uploads\/2015\/11\/au-3000-1024x390.jpg","type":"","width":"","height":""}],"twitter_misc":{"Est. reading time":"1 minute"},"schema":{"@context":"https:\/\/schema.org","@graph":[{"@type":"WebPage","@id":"https:\/\/www.fehervar-arpadfurdo.hu\/en\/arlista-2\/","url":"https:\/\/www.fehervar-arpadfurdo.hu\/en\/arlista-2\/","name":"Prices - Sz\u00e9kesfeh\u00e9rv\u00e1ri \u00c1rp\u00e1d F\u00fcrd\u0151","isPartOf":{"@id":"https:\/\/www.fehervar-arpadfurdo.hu\/#website"},"datePublished":"2015-03-09T13:05:15+00:00","dateModified":"2023-06-23T10:09:23+00:00","breadcrumb":{"@id":"https:\/\/www.fehervar-arpadfurdo.hu\/en\/arlista-2\/#breadcrumb"},"inLanguage":"en-US","potentialAction":[{"@type":"ReadAction","target":["https:\/\/www.fehervar-arpadfurdo.hu\/en\/arlista-2\/"]}]},{"@type":"BreadcrumbList","@id":"https:\/\/www.fehervar-arpadfurdo.hu\/en\/arlista-2\/#breadcrumb","itemListElement":[{"@type":"ListItem","position":1,"name":"Kezd\u0151lap","item":"https:\/\/www.fehervar-arpadfurdo.hu\/en\/"},{"@type":"ListItem","position":2,"name":"Prices"}]},{"@type":"WebSite","@id":"https:\/\/www.fehervar-arpadfurdo.hu\/#website","url":"https:\/\/www.fehervar-arpadfurdo.hu\/","name":"Sz\u00e9kesfeh\u00e9rv\u00e1ri \u00c1rp\u00e1d F\u00fcrd\u0151","description":"Mes\u00e9s \u00e9lm\u00e9ny a belv\u00e1ros sz\u00edv\u00e9ben","potentialAction":[{"@type":"SearchAction","target":{"@type":"EntryPoint","urlTemplate":"https:\/\/www.fehervar-arpadfurdo.hu\/?s={search_term_string}"},"query-input":{"@type":"PropertyValueSpecification","valueRequired":true,"valueName":"search_term_string"}}],"inLanguage":"en-US"}]}},"_links":{"self":[{"href":"https:\/\/www.fehervar-arpadfurdo.hu\/en\/wp-json\/wp\/v2\/pages\/953","targetHints":{"allow":["GET"]}}],"collection":[{"href":"https:\/\/www.fehervar-arpadfurdo.hu\/en\/wp-json\/wp\/v2\/pages"}],"about":[{"href":"https:\/\/www.fehervar-arpadfurdo.hu\/en\/wp-json\/wp\/v2\/types\/page"}],"author":[{"embeddable":true,"href":"https:\/\/www.fehervar-arpadfurdo.hu\/en\/wp-json\/wp\/v2\/users\/1"}],"replies":[{"embeddable":true,"href":"https:\/\/www.fehervar-arpadfurdo.hu\/en\/wp-json\/wp\/v2\/comments?post=953"}],"version-history":[{"count":8,"href":"https:\/\/www.fehervar-arpadfurdo.hu\/en\/wp-json\/wp\/v2\/pages\/953\/revisions"}],"predecessor-version":[{"id":13854,"href":"https:\/\/www.fehervar-arpadfurdo.hu\/en\/wp-json\/wp\/v2\/pages\/953\/revisions\/13854"}],"wp:attachment":[{"href":"https:\/\/www.fehervar-arpadfurdo.hu\/en\/wp-json\/wp\/v2\/media?parent=953"}],"curies":[{"name":"wp","href":"https:\/\/api.w.org\/{rel}","templated":true}]}}