{"id":957,"date":"2015-03-09T14:07:25","date_gmt":"2015-03-09T13:07:25","guid":{"rendered":"http:\/\/www.fehervar-arpadfurdo.hu\/?page_id=957"},"modified":"2025-12-25T08:04:53","modified_gmt":"2025-12-25T07:04:53","slug":"open-hours","status":"publish","type":"page","link":"https:\/\/www.fehervar-arpadfurdo.hu\/en\/open-hours\/","title":{"rendered":"Open hours"},"content":{"rendered":"<p>Except 24 and 25th of December, we are open whole year as below:<\/p>\n<table>\n<tbody>\n<tr>\n<td>Monday<\/td>\n<td style=\"text-align: right;\"><strong>10.00 &#8211; 21.00<\/strong><\/td>\n<\/tr>\n<tr>\n<td>Tuesday<\/td>\n<td style=\"text-align: right;\"><strong>10.00 &#8211; 21.00<\/strong><\/td>\n<\/tr>\n<tr>\n<td>Wednesday<\/td>\n<td style=\"text-align: right;\"><strong>10.00 &#8211; 21.00<\/strong><\/td>\n<\/tr>\n<tr>\n<td>Thursday<\/td>\n<td style=\"text-align: right;\"><strong>10.00 &#8211; 21.00<\/strong><\/td>\n<\/tr>\n<tr>\n<td>Friday<\/td>\n<td style=\"text-align: right;\"><strong>10.00 &#8211; 21.00<\/strong><\/td>\n<\/tr>\n<tr>\n<td>Saturday<\/td>\n<td style=\"text-align: right;\"><strong>10.00 &#8211; 21.00<\/strong><\/td>\n<\/tr>\n<tr>\n<td>Sunday<\/td>\n<td style=\"text-align: right;\"><strong>10.00 &#8211; 21.00<\/strong><\/td>\n<\/tr>\n<\/tbody>\n<\/table>\n<p>&nbsp;<\/p>\n","protected":false},"excerpt":{"rendered":"<p>Except 24 and 25th of December, we are open whole year as below: Monday 10.00 &#8211; 21.00 Tuesday 10.00 &#8211; 21.00 Wednesday 10.00 &#8211; 21.00 Thursday 10.00 &#8211; 21.00 Friday 10.00 &#8211; 21.00 Saturday 10.00 &#8211; 21.00 Sunday 10.00 &#8211; 21.00 &nbsp;<\/p>\n","protected":false},"author":1,"featured_media":0,"parent":0,"menu_order":0,"comment_status":"closed","ping_status":"open","template":"","meta":{"footnotes":""},"class_list":["post-957","page","type-page","status-publish","hentry"],"yoast_head":"<!-- This site is optimized with the Yoast SEO plugin v27.1.1 - https:\/\/yoast.com\/product\/yoast-seo-wordpress\/ -->\n<title>Open hours - Sz\u00e9kesfeh\u00e9rv\u00e1ri \u00c1rp\u00e1d F\u00fcrd\u0151<\/title>\n<meta name=\"robots\" content=\"index, follow, max-snippet:-1, max-image-preview:large, max-video-preview:-1\" \/>\n<link rel=\"canonical\" href=\"https:\/\/www.fehervar-arpadfurdo.hu\/en\/open-hours\/\" \/>\n<meta property=\"og:locale\" content=\"en_US\" \/>\n<meta property=\"og:type\" content=\"article\" \/>\n<meta property=\"og:title\" content=\"Open hours - Sz\u00e9kesfeh\u00e9rv\u00e1ri \u00c1rp\u00e1d F\u00fcrd\u0151\" \/>\n<meta property=\"og:description\" content=\"Except 24 and 25th of December, we are open whole year as below: Monday 10.00 &#8211; 21.00 Tuesday 10.00 &#8211; 21.00 Wednesday 10.00 &#8211; 21.00 Thursday 10.00 &#8211; 21.00 Friday 10.00 &#8211; 21.00 Saturday 10.00 &#8211; 21.00 Sunday 10.00 &#8211; 21.00 &nbsp;\" \/>\n<meta property=\"og:url\" content=\"https:\/\/www.fehervar-arpadfurdo.hu\/en\/open-hours\/\" \/>\n<meta property=\"og:site_name\" content=\"Sz\u00e9kesfeh\u00e9rv\u00e1ri \u00c1rp\u00e1d F\u00fcrd\u0151\" \/>\n<meta property=\"article:publisher\" content=\"https:\/\/www.facebook.com\/arpadfurdo\/\" \/>\n<meta property=\"article:modified_time\" content=\"2025-12-25T07:04:53+00:00\" \/>\n<meta name=\"twitter:label1\" content=\"Est. reading time\" \/>\n\t<meta name=\"twitter:data1\" content=\"1 minute\" \/>\n<script type=\"application\/ld+json\" class=\"yoast-schema-graph\">{\"@context\":\"https:\/\/schema.org\",\"@graph\":[{\"@type\":\"WebPage\",\"@id\":\"https:\/\/www.fehervar-arpadfurdo.hu\/en\/open-hours\/\",\"url\":\"https:\/\/www.fehervar-arpadfurdo.hu\/en\/open-hours\/\",\"name\":\"Open hours - Sz\u00e9kesfeh\u00e9rv\u00e1ri \u00c1rp\u00e1d F\u00fcrd\u0151\",\"isPartOf\":{\"@id\":\"https:\/\/www.fehervar-arpadfurdo.hu\/#website\"},\"datePublished\":\"2015-03-09T13:07:25+00:00\",\"dateModified\":\"2025-12-25T07:04:53+00:00\",\"breadcrumb\":{\"@id\":\"https:\/\/www.fehervar-arpadfurdo.hu\/en\/open-hours\/#breadcrumb\"},\"inLanguage\":\"en-US\",\"potentialAction\":[{\"@type\":\"ReadAction\",\"target\":[\"https:\/\/www.fehervar-arpadfurdo.hu\/en\/open-hours\/\"]}]},{\"@type\":\"BreadcrumbList\",\"@id\":\"https:\/\/www.fehervar-arpadfurdo.hu\/en\/open-hours\/#breadcrumb\",\"itemListElement\":[{\"@type\":\"ListItem\",\"position\":1,\"name\":\"Kezd\u0151lap\",\"item\":\"https:\/\/www.fehervar-arpadfurdo.hu\/en\/\"},{\"@type\":\"ListItem\",\"position\":2,\"name\":\"Open hours\"}]},{\"@type\":\"WebSite\",\"@id\":\"https:\/\/www.fehervar-arpadfurdo.hu\/#website\",\"url\":\"https:\/\/www.fehervar-arpadfurdo.hu\/\",\"name\":\"Sz\u00e9kesfeh\u00e9rv\u00e1ri \u00c1rp\u00e1d F\u00fcrd\u0151\",\"description\":\"Mes\u00e9s \u00e9lm\u00e9ny a belv\u00e1ros sz\u00edv\u00e9ben\",\"potentialAction\":[{\"@type\":\"SearchAction\",\"target\":{\"@type\":\"EntryPoint\",\"urlTemplate\":\"https:\/\/www.fehervar-arpadfurdo.hu\/?s={search_term_string}\"},\"query-input\":{\"@type\":\"PropertyValueSpecification\",\"valueRequired\":true,\"valueName\":\"search_term_string\"}}],\"inLanguage\":\"en-US\"}]}<\/script>\n<!-- \/ Yoast SEO plugin. -->","yoast_head_json":{"title":"Open hours - Sz\u00e9kesfeh\u00e9rv\u00e1ri \u00c1rp\u00e1d F\u00fcrd\u0151","robots":{"index":"index","follow":"follow","max-snippet":"max-snippet:-1","max-image-preview":"max-image-preview:large","max-video-preview":"max-video-preview:-1"},"canonical":"https:\/\/www.fehervar-arpadfurdo.hu\/en\/open-hours\/","og_locale":"en_US","og_type":"article","og_title":"Open hours - Sz\u00e9kesfeh\u00e9rv\u00e1ri \u00c1rp\u00e1d F\u00fcrd\u0151","og_description":"Except 24 and 25th of December, we are open whole year as below: Monday 10.00 &#8211; 21.00 Tuesday 10.00 &#8211; 21.00 Wednesday 10.00 &#8211; 21.00 Thursday 10.00 &#8211; 21.00 Friday 10.00 &#8211; 21.00 Saturday 10.00 &#8211; 21.00 Sunday 10.00 &#8211; 21.00 &nbsp;","og_url":"https:\/\/www.fehervar-arpadfurdo.hu\/en\/open-hours\/","og_site_name":"Sz\u00e9kesfeh\u00e9rv\u00e1ri \u00c1rp\u00e1d F\u00fcrd\u0151","article_publisher":"https:\/\/www.facebook.com\/arpadfurdo\/","article_modified_time":"2025-12-25T07:04:53+00:00","twitter_misc":{"Est. reading time":"1 minute"},"schema":{"@context":"https:\/\/schema.org","@graph":[{"@type":"WebPage","@id":"https:\/\/www.fehervar-arpadfurdo.hu\/en\/open-hours\/","url":"https:\/\/www.fehervar-arpadfurdo.hu\/en\/open-hours\/","name":"Open hours - Sz\u00e9kesfeh\u00e9rv\u00e1ri \u00c1rp\u00e1d F\u00fcrd\u0151","isPartOf":{"@id":"https:\/\/www.fehervar-arpadfurdo.hu\/#website"},"datePublished":"2015-03-09T13:07:25+00:00","dateModified":"2025-12-25T07:04:53+00:00","breadcrumb":{"@id":"https:\/\/www.fehervar-arpadfurdo.hu\/en\/open-hours\/#breadcrumb"},"inLanguage":"en-US","potentialAction":[{"@type":"ReadAction","target":["https:\/\/www.fehervar-arpadfurdo.hu\/en\/open-hours\/"]}]},{"@type":"BreadcrumbList","@id":"https:\/\/www.fehervar-arpadfurdo.hu\/en\/open-hours\/#breadcrumb","itemListElement":[{"@type":"ListItem","position":1,"name":"Kezd\u0151lap","item":"https:\/\/www.fehervar-arpadfurdo.hu\/en\/"},{"@type":"ListItem","position":2,"name":"Open hours"}]},{"@type":"WebSite","@id":"https:\/\/www.fehervar-arpadfurdo.hu\/#website","url":"https:\/\/www.fehervar-arpadfurdo.hu\/","name":"Sz\u00e9kesfeh\u00e9rv\u00e1ri \u00c1rp\u00e1d F\u00fcrd\u0151","description":"Mes\u00e9s \u00e9lm\u00e9ny a belv\u00e1ros sz\u00edv\u00e9ben","potentialAction":[{"@type":"SearchAction","target":{"@type":"EntryPoint","urlTemplate":"https:\/\/www.fehervar-arpadfurdo.hu\/?s={search_term_string}"},"query-input":{"@type":"PropertyValueSpecification","valueRequired":true,"valueName":"search_term_string"}}],"inLanguage":"en-US"}]}},"_links":{"self":[{"href":"https:\/\/www.fehervar-arpadfurdo.hu\/en\/wp-json\/wp\/v2\/pages\/957","targetHints":{"allow":["GET"]}}],"collection":[{"href":"https:\/\/www.fehervar-arpadfurdo.hu\/en\/wp-json\/wp\/v2\/pages"}],"about":[{"href":"https:\/\/www.fehervar-arpadfurdo.hu\/en\/wp-json\/wp\/v2\/types\/page"}],"author":[{"embeddable":true,"href":"https:\/\/www.fehervar-arpadfurdo.hu\/en\/wp-json\/wp\/v2\/users\/1"}],"replies":[{"embeddable":true,"href":"https:\/\/www.fehervar-arpadfurdo.hu\/en\/wp-json\/wp\/v2\/comments?post=957"}],"version-history":[{"count":7,"href":"https:\/\/www.fehervar-arpadfurdo.hu\/en\/wp-json\/wp\/v2\/pages\/957\/revisions"}],"predecessor-version":[{"id":15903,"href":"https:\/\/www.fehervar-arpadfurdo.hu\/en\/wp-json\/wp\/v2\/pages\/957\/revisions\/15903"}],"wp:attachment":[{"href":"https:\/\/www.fehervar-arpadfurdo.hu\/en\/wp-json\/wp\/v2\/media?parent=957"}],"curies":[{"name":"wp","href":"https:\/\/api.w.org\/{rel}","templated":true}]}}