{"id":975,"date":"2015-03-09T14:15:52","date_gmt":"2015-03-09T13:15:52","guid":{"rendered":"http:\/\/www.fehervar-arpadfurdo.hu\/?page_id=975"},"modified":"2015-03-09T14:15:52","modified_gmt":"2015-03-09T13:15:52","slug":"services","status":"publish","type":"page","link":"https:\/\/www.fehervar-arpadfurdo.hu\/en\/services\/","title":{"rendered":"Services"},"content":{"rendered":"<div class=\"page-list page-list-wrapper\"><div class=\"page-list-item pid977\"><div class=\"pagelist-thumbmail\"><\/div><div class=\"pagelist-body\"><h3 ><a href=\"https:\/\/www.fehervar-arpadfurdo.hu\/en\/services\/rest-rooms\/\" title=\"Conference room\">Conference room<\/a><\/h3><div class=\"teaser\">\u00a0Our conference room is called \"Blaha Lujza room\", because it turned out from historical descriptions, that she was a regular&hellip;<\/div><a href=\"https:\/\/www.fehervar-arpadfurdo.hu\/en\/services\/rest-rooms\/\" class=\"more\" title=\"Conference room\">Read more...<\/a><\/div><\/div>\n<div class=\"page-list-item pid980\"><div class=\"pagelist-thumbmail\"><\/div><div class=\"pagelist-body\"><h3 ><a href=\"https:\/\/www.fehervar-arpadfurdo.hu\/en\/services\/games\/\" title=\"Games\">Games<\/a><\/h3><div class=\"teaser\">There is an opportunity to play chess in our spa. Play our games in a cozy environment in between taking&hellip;<\/div><a href=\"https:\/\/www.fehervar-arpadfurdo.hu\/en\/services\/games\/\" class=\"more\" title=\"Games\">Read more...<\/a><\/div><\/div>\n<div class=\"page-list-item pid982\"><div class=\"pagelist-thumbmail\"><\/div><div class=\"pagelist-body\"><h3 ><a href=\"https:\/\/www.fehervar-arpadfurdo.hu\/en\/services\/salt-room\/\" title=\"Salt room\">Salt room<\/a><\/h3><div class=\"teaser\">The salt room is located on the first floor next to the Finnish sauna. Eight people can stay at the&hellip;<\/div><a href=\"https:\/\/www.fehervar-arpadfurdo.hu\/en\/services\/salt-room\/\" class=\"more\" title=\"Salt room\">Read more...<\/a><\/div><\/div>\n<div class=\"page-list-item pid1007\"><div class=\"pagelist-thumbmail\"><\/div><div class=\"pagelist-body\"><h3 ><a href=\"https:\/\/www.fehervar-arpadfurdo.hu\/en\/services\/tepidarium\/\" title=\"Tepidarium\">Tepidarium<\/a><\/h3><div class=\"teaser\">The meaning of the word: \u201ewarm shelter\u201d Lying on the 30-35 degree floor laid with mosaic tile, heats up the&hellip;<\/div><a href=\"https:\/\/www.fehervar-arpadfurdo.hu\/en\/services\/tepidarium\/\" class=\"more\" title=\"Tepidarium\">Read more...<\/a><\/div><\/div>\n<div class=\"page-list-item pid984\"><div class=\"pagelist-thumbmail\"><img loading=\"lazy\" decoding=\"async\" width=\"490\" height=\"325\" src=\"https:\/\/www.fehervar-arpadfurdo.hu\/wp-content\/uploads\/2015\/01\/5S4Q6533-490x325.jpg\" class=\"attachment-news size-news wp-post-image\" alt=\"\" \/><\/div><div class=\"pagelist-body\"><h3 ><a href=\"https:\/\/www.fehervar-arpadfurdo.hu\/en\/services\/pools\/\" title=\"Pools\">Pools<\/a><\/h3><div class=\"teaser\">The quality of the water in our pools are officially checked every month, and the test reports are available at&hellip;<\/div><a href=\"https:\/\/www.fehervar-arpadfurdo.hu\/en\/services\/pools\/\" class=\"more\" title=\"Pools\">Read more...<\/a><\/div><\/div>\n<div class=\"page-list-item pid994\"><div class=\"pagelist-thumbmail\"><img loading=\"lazy\" decoding=\"async\" width=\"490\" height=\"325\" src=\"https:\/\/www.fehervar-arpadfurdo.hu\/wp-content\/uploads\/2015\/01\/5S4Q6533-490x325.jpg\" class=\"attachment-news size-news wp-post-image\" alt=\"\" \/><\/div><div class=\"pagelist-body\"><h3 ><a href=\"https:\/\/www.fehervar-arpadfurdo.hu\/en\/services\/pools\/turkish-bath\/\" title=\"Turkish bath\">Turkish bath<\/a><\/h3><div class=\"teaser\">The Turkish bath situated at the heart of the spa palace is now functioning as a sedentary pool decorated with&hellip;<\/div><a href=\"https:\/\/www.fehervar-arpadfurdo.hu\/en\/services\/pools\/turkish-bath\/\" class=\"more\" title=\"Turkish bath\">Read more...<\/a><\/div><\/div>\n<div class=\"page-list-item pid988\"><div class=\"pagelist-thumbmail\"><\/div><div class=\"pagelist-body\"><h3 ><a href=\"https:\/\/www.fehervar-arpadfurdo.hu\/en\/services\/pools\/ladyfinger-pool\/\" title=\"\u201eLadyfinger\u201d pool\">\u201eLadyfinger\u201d pool<\/a><\/h3><div class=\"teaser\">The ladyfinger-shaped pool in the new building section is functioning as the adventure pool of the spa. Back- and waist-massaging&hellip;<\/div><a href=\"https:\/\/www.fehervar-arpadfurdo.hu\/en\/services\/pools\/ladyfinger-pool\/\" class=\"more\" title=\"\u201eLadyfinger\u201d pool\">Read more...<\/a><\/div><\/div>\n<div class=\"page-list-item pid990\"><div class=\"pagelist-thumbmail\"><\/div><div class=\"pagelist-body\"><h3 ><a href=\"https:\/\/www.fehervar-arpadfurdo.hu\/en\/services\/pools\/arabian-and-turkish-whirlpool-bath\/\" title=\"Arabian and Turkish whirlpool bath\">Arabian and Turkish whirlpool bath<\/a><\/h3><div class=\"teaser\">There are two small built-in hydromassage tubs at the entrance of the Turkish bath \u2013 the Turkish and Arabian whirlpool&hellip;<\/div><a href=\"https:\/\/www.fehervar-arpadfurdo.hu\/en\/services\/pools\/arabian-and-turkish-whirlpool-bath\/\" class=\"more\" title=\"Arabian and Turkish whirlpool bath\">Read more...<\/a><\/div><\/div>\n<div class=\"page-list-item pid992\"><div class=\"pagelist-thumbmail\"><\/div><div class=\"pagelist-body\"><h3 ><a href=\"https:\/\/www.fehervar-arpadfurdo.hu\/en\/services\/pools\/horseshoe-pool\/\" title=\"\u201eHorseshoe\u201d pool\">\u201eHorseshoe\u201d pool<\/a><\/h3><div class=\"teaser\">The arch-shaped pool is situated next to the Turkish bath. The mosaic-decorated pool surrounded by walls with carved lion-heads is&hellip;<\/div><a href=\"https:\/\/www.fehervar-arpadfurdo.hu\/en\/services\/pools\/horseshoe-pool\/\" class=\"more\" title=\"\u201eHorseshoe\u201d pool\">Read more...<\/a><\/div><\/div>\n<div class=\"page-list-item pid986\"><div class=\"pagelist-thumbmail\"><\/div><div class=\"pagelist-body\"><h3 ><a href=\"https:\/\/www.fehervar-arpadfurdo.hu\/en\/services\/pools\/plungedip-pools\/\" title=\"Plunge\/Dip pools\">Plunge\/Dip pools<\/a><\/h3><div class=\"teaser\">In the newly-built Sauna world an indoor and an outdoor dip pool provide cold refreshment after the sauna. Temperature: 12-14\u00b0C&hellip;<\/div><a href=\"https:\/\/www.fehervar-arpadfurdo.hu\/en\/services\/pools\/plungedip-pools\/\" class=\"more\" title=\"Plunge\/Dip pools\">Read more...<\/a><\/div><\/div>\n<div class=\"page-list-item pid996\"><div class=\"pagelist-thumbmail\"><\/div><div class=\"pagelist-body\"><h3 ><a href=\"https:\/\/www.fehervar-arpadfurdo.hu\/en\/services\/sauna-world\/\" title=\"Sauna world\">Sauna world<\/a><\/h3><div class=\"teaser\">[bnh-page-list class=\"page-list-wrapper\"]<\/div><a href=\"https:\/\/www.fehervar-arpadfurdo.hu\/en\/services\/sauna-world\/\" class=\"more\" title=\"Sauna world\">Read more...<\/a><\/div><\/div>\n<div class=\"page-list-item pid1000\"><div class=\"pagelist-thumbmail\"><img loading=\"lazy\" decoding=\"async\" width=\"490\" height=\"325\" src=\"https:\/\/www.fehervar-arpadfurdo.hu\/wp-content\/uploads\/2020\/07\/DSC_0838_k-490x325.jpg\" class=\"attachment-news size-news wp-post-image\" alt=\"\" srcset=\"https:\/\/www.fehervar-arpadfurdo.hu\/wp-content\/uploads\/2020\/07\/DSC_0838_k-490x325.jpg 490w, https:\/\/www.fehervar-arpadfurdo.hu\/wp-content\/uploads\/2020\/07\/DSC_0838_k-300x199.jpg 300w, https:\/\/www.fehervar-arpadfurdo.hu\/wp-content\/uploads\/2020\/07\/DSC_0838_k-768x509.jpg 768w, https:\/\/www.fehervar-arpadfurdo.hu\/wp-content\/uploads\/2020\/07\/DSC_0838_k.jpg 800w\" sizes=\"auto, (max-width: 490px) 100vw, 490px\" \/><\/div><div class=\"pagelist-body\"><h3 ><a href=\"https:\/\/www.fehervar-arpadfurdo.hu\/en\/services\/sauna-world\/saunas\/\" title=\"Saunas\">Saunas<\/a><\/h3><div class=\"teaser\">Admission to the \u00c1rp\u00e1d Spa Sauna world is included in an all-day ticket! Please have a look at what the&hellip;<\/div><a href=\"https:\/\/www.fehervar-arpadfurdo.hu\/en\/services\/sauna-world\/saunas\/\" class=\"more\" title=\"Saunas\">Read more...<\/a><\/div><\/div>\n<div class=\"page-list-item pid1002\"><div class=\"pagelist-thumbmail\"><img loading=\"lazy\" decoding=\"async\" width=\"490\" height=\"325\" src=\"https:\/\/www.fehervar-arpadfurdo.hu\/wp-content\/uploads\/2020\/07\/DSC_0585_k-490x325.jpg\" class=\"attachment-news size-news wp-post-image\" alt=\"\" srcset=\"https:\/\/www.fehervar-arpadfurdo.hu\/wp-content\/uploads\/2020\/07\/DSC_0585_k-490x325.jpg 490w, https:\/\/www.fehervar-arpadfurdo.hu\/wp-content\/uploads\/2020\/07\/DSC_0585_k-300x199.jpg 300w, https:\/\/www.fehervar-arpadfurdo.hu\/wp-content\/uploads\/2020\/07\/DSC_0585_k-768x509.jpg 768w, https:\/\/www.fehervar-arpadfurdo.hu\/wp-content\/uploads\/2020\/07\/DSC_0585_k.jpg 800w\" sizes=\"auto, (max-width: 490px) 100vw, 490px\" \/><\/div><div class=\"pagelist-body\"><h3 ><a href=\"https:\/\/www.fehervar-arpadfurdo.hu\/en\/services\/sauna-world\/sauna-aufguss-sessions\/\" title=\"Sauna sessions\">Sauna sessions<\/a><\/h3><div class=\"teaser\">Participation in sauna programs are included in the ticket price. What makes our spa especially attractive are these programs, often&hellip;<\/div><a href=\"https:\/\/www.fehervar-arpadfurdo.hu\/en\/services\/sauna-world\/sauna-aufguss-sessions\/\" class=\"more\" title=\"Sauna sessions\">Read more...<\/a><\/div><\/div>\n<div class=\"page-list-item pid998\"><div class=\"pagelist-thumbmail\"><img loading=\"lazy\" decoding=\"async\" width=\"490\" height=\"325\" src=\"https:\/\/www.fehervar-arpadfurdo.hu\/wp-content\/uploads\/2019\/03\/szaun\u00e1ban-a-l\u00e1bak_k-490x325.jpg\" class=\"attachment-news size-news wp-post-image\" alt=\"\" srcset=\"https:\/\/www.fehervar-arpadfurdo.hu\/wp-content\/uploads\/2019\/03\/szaun\u00e1ban-a-l\u00e1bak_k-490x325.jpg 490w, https:\/\/www.fehervar-arpadfurdo.hu\/wp-content\/uploads\/2019\/03\/szaun\u00e1ban-a-l\u00e1bak_k-300x199.jpg 300w, https:\/\/www.fehervar-arpadfurdo.hu\/wp-content\/uploads\/2019\/03\/szaun\u00e1ban-a-l\u00e1bak_k-768x509.jpg 768w, https:\/\/www.fehervar-arpadfurdo.hu\/wp-content\/uploads\/2019\/03\/szaun\u00e1ban-a-l\u00e1bak_k.jpg 1024w\" sizes=\"auto, (max-width: 490px) 100vw, 490px\" \/><\/div><div class=\"pagelist-body\"><h3 ><a href=\"https:\/\/www.fehervar-arpadfurdo.hu\/en\/services\/sauna-world\/rules-in-the-sauna\/\" title=\"Rules in the sauna\">Rules in the sauna<\/a><\/h3><div class=\"teaser\">Code of conduct in the sauna: 1. It is compulsory to use a sauna towel, no part of the body&hellip;<\/div><a href=\"https:\/\/www.fehervar-arpadfurdo.hu\/en\/services\/sauna-world\/rules-in-the-sauna\/\" class=\"more\" title=\"Rules in the sauna\">Read more...<\/a><\/div><\/div>\n<div class=\"page-list-item pid1004\"><div class=\"pagelist-thumbmail\"><\/div><div class=\"pagelist-body\"><h3 ><a href=\"https:\/\/www.fehervar-arpadfurdo.hu\/en\/services\/massage\/\" title=\"Massage\">Massage<\/a><\/h3><div class=\"teaser\">Swedish classic and authentic Thai massage is also available in our spa. Swedish massage\u00a0\u00a0 Our masseuses : Szilvi &amp; Val\u00e9ria&hellip;<\/div><a href=\"https:\/\/www.fehervar-arpadfurdo.hu\/en\/services\/massage\/\" class=\"more\" title=\"Massage\">Read more...<\/a><\/div><\/div>\n<div class=\"page-list-item pid1011\"><div class=\"pagelist-thumbmail\"><\/div><div class=\"pagelist-body\"><h3 ><a href=\"https:\/\/www.fehervar-arpadfurdo.hu\/en\/services\/bar\/\" title=\"Buffet\">Buffet<\/a><\/h3><div class=\"teaser\">Our bath's snack bar is waiting for the bathers, in a cozy environment, with a wide selection of food and&hellip;<\/div><a href=\"https:\/\/www.fehervar-arpadfurdo.hu\/en\/services\/bar\/\" class=\"more\" title=\"Buffet\">Read more...<\/a><\/div><\/div>\n<\/div>\n","protected":false},"excerpt":{"rendered":"","protected":false},"author":1,"featured_media":0,"parent":0,"menu_order":0,"comment_status":"closed","ping_status":"open","template":"","meta":{"footnotes":""},"class_list":["post-975","page","type-page","status-publish","hentry"],"yoast_head":"<!-- This site is optimized with the Yoast SEO plugin v27.1.1 - https:\/\/yoast.com\/product\/yoast-seo-wordpress\/ -->\n<title>Services - Sz\u00e9kesfeh\u00e9rv\u00e1ri \u00c1rp\u00e1d F\u00fcrd\u0151<\/title>\n<meta name=\"robots\" content=\"index, follow, max-snippet:-1, max-image-preview:large, max-video-preview:-1\" \/>\n<link rel=\"canonical\" href=\"https:\/\/www.fehervar-arpadfurdo.hu\/en\/services\/\" \/>\n<meta property=\"og:locale\" content=\"en_US\" \/>\n<meta property=\"og:type\" content=\"article\" \/>\n<meta property=\"og:title\" content=\"Services - Sz\u00e9kesfeh\u00e9rv\u00e1ri \u00c1rp\u00e1d F\u00fcrd\u0151\" \/>\n<meta property=\"og:url\" content=\"https:\/\/www.fehervar-arpadfurdo.hu\/en\/services\/\" \/>\n<meta property=\"og:site_name\" content=\"Sz\u00e9kesfeh\u00e9rv\u00e1ri \u00c1rp\u00e1d F\u00fcrd\u0151\" \/>\n<meta property=\"article:publisher\" content=\"https:\/\/www.facebook.com\/arpadfurdo\/\" \/>\n<script type=\"application\/ld+json\" class=\"yoast-schema-graph\">{\"@context\":\"https:\/\/schema.org\",\"@graph\":[{\"@type\":\"WebPage\",\"@id\":\"https:\/\/www.fehervar-arpadfurdo.hu\/en\/services\/\",\"url\":\"https:\/\/www.fehervar-arpadfurdo.hu\/en\/services\/\",\"name\":\"Services - Sz\u00e9kesfeh\u00e9rv\u00e1ri \u00c1rp\u00e1d F\u00fcrd\u0151\",\"isPartOf\":{\"@id\":\"https:\/\/www.fehervar-arpadfurdo.hu\/#website\"},\"datePublished\":\"2015-03-09T13:15:52+00:00\",\"breadcrumb\":{\"@id\":\"https:\/\/www.fehervar-arpadfurdo.hu\/en\/services\/#breadcrumb\"},\"inLanguage\":\"en-US\",\"potentialAction\":[{\"@type\":\"ReadAction\",\"target\":[\"https:\/\/www.fehervar-arpadfurdo.hu\/en\/services\/\"]}]},{\"@type\":\"BreadcrumbList\",\"@id\":\"https:\/\/www.fehervar-arpadfurdo.hu\/en\/services\/#breadcrumb\",\"itemListElement\":[{\"@type\":\"ListItem\",\"position\":1,\"name\":\"Kezd\u0151lap\",\"item\":\"https:\/\/www.fehervar-arpadfurdo.hu\/en\/\"},{\"@type\":\"ListItem\",\"position\":2,\"name\":\"Services\"}]},{\"@type\":\"WebSite\",\"@id\":\"https:\/\/www.fehervar-arpadfurdo.hu\/#website\",\"url\":\"https:\/\/www.fehervar-arpadfurdo.hu\/\",\"name\":\"Sz\u00e9kesfeh\u00e9rv\u00e1ri \u00c1rp\u00e1d F\u00fcrd\u0151\",\"description\":\"Mes\u00e9s \u00e9lm\u00e9ny a belv\u00e1ros sz\u00edv\u00e9ben\",\"potentialAction\":[{\"@type\":\"SearchAction\",\"target\":{\"@type\":\"EntryPoint\",\"urlTemplate\":\"https:\/\/www.fehervar-arpadfurdo.hu\/?s={search_term_string}\"},\"query-input\":{\"@type\":\"PropertyValueSpecification\",\"valueRequired\":true,\"valueName\":\"search_term_string\"}}],\"inLanguage\":\"en-US\"}]}<\/script>\n<!-- \/ Yoast SEO plugin. -->","yoast_head_json":{"title":"Services - Sz\u00e9kesfeh\u00e9rv\u00e1ri \u00c1rp\u00e1d F\u00fcrd\u0151","robots":{"index":"index","follow":"follow","max-snippet":"max-snippet:-1","max-image-preview":"max-image-preview:large","max-video-preview":"max-video-preview:-1"},"canonical":"https:\/\/www.fehervar-arpadfurdo.hu\/en\/services\/","og_locale":"en_US","og_type":"article","og_title":"Services - Sz\u00e9kesfeh\u00e9rv\u00e1ri \u00c1rp\u00e1d F\u00fcrd\u0151","og_url":"https:\/\/www.fehervar-arpadfurdo.hu\/en\/services\/","og_site_name":"Sz\u00e9kesfeh\u00e9rv\u00e1ri \u00c1rp\u00e1d F\u00fcrd\u0151","article_publisher":"https:\/\/www.facebook.com\/arpadfurdo\/","schema":{"@context":"https:\/\/schema.org","@graph":[{"@type":"WebPage","@id":"https:\/\/www.fehervar-arpadfurdo.hu\/en\/services\/","url":"https:\/\/www.fehervar-arpadfurdo.hu\/en\/services\/","name":"Services - Sz\u00e9kesfeh\u00e9rv\u00e1ri \u00c1rp\u00e1d F\u00fcrd\u0151","isPartOf":{"@id":"https:\/\/www.fehervar-arpadfurdo.hu\/#website"},"datePublished":"2015-03-09T13:15:52+00:00","breadcrumb":{"@id":"https:\/\/www.fehervar-arpadfurdo.hu\/en\/services\/#breadcrumb"},"inLanguage":"en-US","potentialAction":[{"@type":"ReadAction","target":["https:\/\/www.fehervar-arpadfurdo.hu\/en\/services\/"]}]},{"@type":"BreadcrumbList","@id":"https:\/\/www.fehervar-arpadfurdo.hu\/en\/services\/#breadcrumb","itemListElement":[{"@type":"ListItem","position":1,"name":"Kezd\u0151lap","item":"https:\/\/www.fehervar-arpadfurdo.hu\/en\/"},{"@type":"ListItem","position":2,"name":"Services"}]},{"@type":"WebSite","@id":"https:\/\/www.fehervar-arpadfurdo.hu\/#website","url":"https:\/\/www.fehervar-arpadfurdo.hu\/","name":"Sz\u00e9kesfeh\u00e9rv\u00e1ri \u00c1rp\u00e1d F\u00fcrd\u0151","description":"Mes\u00e9s \u00e9lm\u00e9ny a belv\u00e1ros sz\u00edv\u00e9ben","potentialAction":[{"@type":"SearchAction","target":{"@type":"EntryPoint","urlTemplate":"https:\/\/www.fehervar-arpadfurdo.hu\/?s={search_term_string}"},"query-input":{"@type":"PropertyValueSpecification","valueRequired":true,"valueName":"search_term_string"}}],"inLanguage":"en-US"}]}},"_links":{"self":[{"href":"https:\/\/www.fehervar-arpadfurdo.hu\/en\/wp-json\/wp\/v2\/pages\/975","targetHints":{"allow":["GET"]}}],"collection":[{"href":"https:\/\/www.fehervar-arpadfurdo.hu\/en\/wp-json\/wp\/v2\/pages"}],"about":[{"href":"https:\/\/www.fehervar-arpadfurdo.hu\/en\/wp-json\/wp\/v2\/types\/page"}],"author":[{"embeddable":true,"href":"https:\/\/www.fehervar-arpadfurdo.hu\/en\/wp-json\/wp\/v2\/users\/1"}],"replies":[{"embeddable":true,"href":"https:\/\/www.fehervar-arpadfurdo.hu\/en\/wp-json\/wp\/v2\/comments?post=975"}],"version-history":[{"count":1,"href":"https:\/\/www.fehervar-arpadfurdo.hu\/en\/wp-json\/wp\/v2\/pages\/975\/revisions"}],"predecessor-version":[{"id":976,"href":"https:\/\/www.fehervar-arpadfurdo.hu\/en\/wp-json\/wp\/v2\/pages\/975\/revisions\/976"}],"wp:attachment":[{"href":"https:\/\/www.fehervar-arpadfurdo.hu\/en\/wp-json\/wp\/v2\/media?parent=975"}],"curies":[{"name":"wp","href":"https:\/\/api.w.org\/{rel}","templated":true}]}}