{"id":984,"date":"2015-03-09T14:23:21","date_gmt":"2015-03-09T13:23:21","guid":{"rendered":"http:\/\/www.fehervar-arpadfurdo.hu\/?page_id=984"},"modified":"2022-05-19T13:48:22","modified_gmt":"2022-05-19T11:48:22","slug":"pools","status":"publish","type":"page","link":"https:\/\/www.fehervar-arpadfurdo.hu\/en\/services\/pools\/","title":{"rendered":"Pools"},"content":{"rendered":"<div class=\"articleIntro\">\n<div>The quality of the water in our pools are officially checked every month, and the test reports are available at our reception and it&#8217;s accessible for everybody.<\/div>\n<div><\/div>\n<div><strong>Turkish bath:<\/strong><\/div>\n<div class=\"articleIntro\" style=\"text-align: justify;\">The Turkish bath, situated at the heart of the spa palace, is now functioning as a sedentary pool decorated with mosaics. From it&#8217;s pleasant and enjoyable water, guests can enjoy the wonderful view of the restored dome in its contemporary beauty.<\/div>\n<p>Temperature: 33-37\u00b0C<\/p>\n<div class=\"articleBody\">\n<div class=\"articleBody\">\n<p>Water depth: 0.8 m<\/p>\n<p>&nbsp;<\/p>\n<\/div>\n<\/div>\n<\/div>\n<div><a href=\"https:\/\/www.fehervar-arpadfurdo.hu\/wp-content\/uploads\/2020\/07\/5S4Q6539.jpg\" data-rel=\"lightbox-image-0\" data-rl_title=\"\" data-rl_caption=\"\" title=\"\"><img loading=\"lazy\" decoding=\"async\" class=\"alignnone wp-image-11423\" src=\"https:\/\/www.fehervar-arpadfurdo.hu\/wp-content\/uploads\/2020\/07\/5S4Q6539.jpg\" alt=\"\" width=\"400\" height=\"267\" srcset=\"https:\/\/www.fehervar-arpadfurdo.hu\/wp-content\/uploads\/2020\/07\/5S4Q6539.jpg 800w, https:\/\/www.fehervar-arpadfurdo.hu\/wp-content\/uploads\/2020\/07\/5S4Q6539-300x200.jpg 300w, https:\/\/www.fehervar-arpadfurdo.hu\/wp-content\/uploads\/2020\/07\/5S4Q6539-768x513.jpg 768w\" sizes=\"auto, (max-width: 400px) 100vw, 400px\" \/><\/a> <a href=\"https:\/\/www.fehervar-arpadfurdo.hu\/wp-content\/uploads\/2020\/07\/5S4Q6524.jpg\" data-rel=\"lightbox-image-1\" data-rl_title=\"\" data-rl_caption=\"\" title=\"\"><img loading=\"lazy\" decoding=\"async\" class=\"alignnone wp-image-11425\" src=\"https:\/\/www.fehervar-arpadfurdo.hu\/wp-content\/uploads\/2020\/07\/5S4Q6524.jpg\" alt=\"\" width=\"400\" height=\"267\" srcset=\"https:\/\/www.fehervar-arpadfurdo.hu\/wp-content\/uploads\/2020\/07\/5S4Q6524.jpg 800w, https:\/\/www.fehervar-arpadfurdo.hu\/wp-content\/uploads\/2020\/07\/5S4Q6524-300x200.jpg 300w, https:\/\/www.fehervar-arpadfurdo.hu\/wp-content\/uploads\/2020\/07\/5S4Q6524-768x513.jpg 768w\" sizes=\"auto, (max-width: 400px) 100vw, 400px\" \/><\/a><\/div>\n<div>\n<p><strong>Sponge-shaped pool:<\/strong><\/p>\n<p>The sponge-shaped pool is located in the new part of the building and functions as an adventure pool for the spa. The back and waist massagers and groomers can be refreshing for the body of the guests.<\/p>\n<p>Temperature: 33-36\u00b0C<\/p>\n<p>Water depth: 0.9 m<\/p>\n<p><strong>Arabic and Turkish whirlpool:<\/strong><\/p>\n<p>The two small built-in hydromassage baths on either side of the entrance to the Turkish bath- the Turkish and Arabic Hot Tubs- operate as an experience section of the Turkish Bath.<\/p>\n<p>Temperature: 33-37\u00b0C<\/p>\n<p>Water depth: 0.8 m<\/p>\n<\/div>\n<div><a href=\"https:\/\/www.fehervar-arpadfurdo.hu\/wp-content\/uploads\/2020\/07\/DSC_0818_k.jpg\" data-rel=\"lightbox-image-2\" data-rl_title=\"\" data-rl_caption=\"\" title=\"\"><img loading=\"lazy\" decoding=\"async\" class=\"alignnone wp-image-11429\" src=\"https:\/\/www.fehervar-arpadfurdo.hu\/wp-content\/uploads\/2020\/07\/DSC_0818_k.jpg\" alt=\"\" width=\"400\" height=\"265\" srcset=\"https:\/\/www.fehervar-arpadfurdo.hu\/wp-content\/uploads\/2020\/07\/DSC_0818_k.jpg 1024w, https:\/\/www.fehervar-arpadfurdo.hu\/wp-content\/uploads\/2020\/07\/DSC_0818_k-300x199.jpg 300w, https:\/\/www.fehervar-arpadfurdo.hu\/wp-content\/uploads\/2020\/07\/DSC_0818_k-768x509.jpg 768w, https:\/\/www.fehervar-arpadfurdo.hu\/wp-content\/uploads\/2020\/07\/DSC_0818_k-490x325.jpg 490w\" sizes=\"auto, (max-width: 400px) 100vw, 400px\" \/>\u00a0 <\/a><a href=\"https:\/\/www.fehervar-arpadfurdo.hu\/wp-content\/uploads\/2020\/07\/IMG_9061_k.jpg\" data-rel=\"lightbox-image-3\" data-rl_title=\"\" data-rl_caption=\"\" title=\"\"><img loading=\"lazy\" decoding=\"async\" class=\"alignnone wp-image-11431\" src=\"https:\/\/www.fehervar-arpadfurdo.hu\/wp-content\/uploads\/2020\/07\/IMG_9061_k.jpg\" alt=\"\" width=\"400\" height=\"267\" srcset=\"https:\/\/www.fehervar-arpadfurdo.hu\/wp-content\/uploads\/2020\/07\/IMG_9061_k.jpg 1920w, https:\/\/www.fehervar-arpadfurdo.hu\/wp-content\/uploads\/2020\/07\/IMG_9061_k-300x200.jpg 300w, https:\/\/www.fehervar-arpadfurdo.hu\/wp-content\/uploads\/2020\/07\/IMG_9061_k-1024x683.jpg 1024w, https:\/\/www.fehervar-arpadfurdo.hu\/wp-content\/uploads\/2020\/07\/IMG_9061_k-768x512.jpg 768w, https:\/\/www.fehervar-arpadfurdo.hu\/wp-content\/uploads\/2020\/07\/IMG_9061_k-1536x1024.jpg 1536w\" sizes=\"auto, (max-width: 400px) 100vw, 400px\" \/><\/a><\/div>\n<div><strong>Horseshoe pool:<\/strong><\/div>\n<div>The arched pool is located next to the Turkish Bath. Between the walls decorated with carved lion heads, the mosaic-tiled pool is a real masterpiece for the spa.<\/div>\n<div><\/div>\n<div>Temperature: 33-36\u00b0C<\/div>\n<div><\/div>\n<div>Water depth: 0.9 m<\/div>\n<div><\/div>\n<div><strong>Splashing\/diving pools:<\/strong><\/div>\n<div>In the newly built Sauna World, an outdoor and an indoor lounge pool serve cold refershments after a sauna.<\/div>\n<div><\/div>\n<div>Temperature: 12-14\u00b0C<\/div>\n<div><\/div>\n<div>Water depth: 1 m<\/div>\n","protected":false},"excerpt":{"rendered":"<p>The quality of the water in our pools are officially checked every month, and the test reports are available at our reception and it&#8217;s accessible for everybody. Turkish bath: The Turkish bath, situated at the heart of the spa palace, is now functioning as a sedentary pool decorated with mosaics. From it&#8217;s pleasant and enjoyable [&hellip;]<\/p>\n","protected":false},"author":1,"featured_media":94,"parent":975,"menu_order":10,"comment_status":"closed","ping_status":"closed","template":"","meta":{"footnotes":""},"class_list":["post-984","page","type-page","status-publish","has-post-thumbnail","hentry"],"yoast_head":"<!-- This site is optimized with the Yoast SEO plugin v27.1.1 - https:\/\/yoast.com\/product\/yoast-seo-wordpress\/ -->\n<title>Pools - Sz\u00e9kesfeh\u00e9rv\u00e1ri \u00c1rp\u00e1d F\u00fcrd\u0151<\/title>\n<meta name=\"robots\" content=\"index, follow, max-snippet:-1, max-image-preview:large, max-video-preview:-1\" \/>\n<link rel=\"canonical\" href=\"https:\/\/www.fehervar-arpadfurdo.hu\/en\/services\/pools\/\" \/>\n<meta property=\"og:locale\" content=\"en_US\" \/>\n<meta property=\"og:type\" content=\"article\" \/>\n<meta property=\"og:title\" content=\"Pools - Sz\u00e9kesfeh\u00e9rv\u00e1ri \u00c1rp\u00e1d F\u00fcrd\u0151\" \/>\n<meta property=\"og:description\" content=\"The quality of the water in our pools are officially checked every month, and the test reports are available at our reception and it&#8217;s accessible for everybody. Turkish bath: The Turkish bath, situated at the heart of the spa palace, is now functioning as a sedentary pool decorated with mosaics. From it&#8217;s pleasant and enjoyable [&hellip;]\" \/>\n<meta property=\"og:url\" content=\"https:\/\/www.fehervar-arpadfurdo.hu\/en\/services\/pools\/\" \/>\n<meta property=\"og:site_name\" content=\"Sz\u00e9kesfeh\u00e9rv\u00e1ri \u00c1rp\u00e1d F\u00fcrd\u0151\" \/>\n<meta property=\"article:publisher\" content=\"https:\/\/www.facebook.com\/arpadfurdo\/\" \/>\n<meta property=\"article:modified_time\" content=\"2022-05-19T11:48:22+00:00\" \/>\n<meta property=\"og:image\" content=\"https:\/\/www.fehervar-arpadfurdo.hu\/wp-content\/uploads\/2015\/01\/5S4Q6533.jpg\" \/>\n\t<meta property=\"og:image:width\" content=\"533\" \/>\n\t<meta property=\"og:image:height\" content=\"800\" \/>\n\t<meta property=\"og:image:type\" content=\"image\/jpeg\" \/>\n<meta name=\"twitter:label1\" content=\"Est. reading time\" \/>\n\t<meta name=\"twitter:data1\" content=\"2 minutes\" \/>\n<script type=\"application\/ld+json\" class=\"yoast-schema-graph\">{\"@context\":\"https:\/\/schema.org\",\"@graph\":[{\"@type\":\"WebPage\",\"@id\":\"https:\/\/www.fehervar-arpadfurdo.hu\/en\/services\/pools\/\",\"url\":\"https:\/\/www.fehervar-arpadfurdo.hu\/en\/services\/pools\/\",\"name\":\"Pools - Sz\u00e9kesfeh\u00e9rv\u00e1ri \u00c1rp\u00e1d F\u00fcrd\u0151\",\"isPartOf\":{\"@id\":\"https:\/\/www.fehervar-arpadfurdo.hu\/#website\"},\"primaryImageOfPage\":{\"@id\":\"https:\/\/www.fehervar-arpadfurdo.hu\/en\/services\/pools\/#primaryimage\"},\"image\":{\"@id\":\"https:\/\/www.fehervar-arpadfurdo.hu\/en\/services\/pools\/#primaryimage\"},\"thumbnailUrl\":\"https:\/\/www.fehervar-arpadfurdo.hu\/wp-content\/uploads\/2015\/01\/5S4Q6533.jpg\",\"datePublished\":\"2015-03-09T13:23:21+00:00\",\"dateModified\":\"2022-05-19T11:48:22+00:00\",\"breadcrumb\":{\"@id\":\"https:\/\/www.fehervar-arpadfurdo.hu\/en\/services\/pools\/#breadcrumb\"},\"inLanguage\":\"en-US\",\"potentialAction\":[{\"@type\":\"ReadAction\",\"target\":[\"https:\/\/www.fehervar-arpadfurdo.hu\/en\/services\/pools\/\"]}]},{\"@type\":\"ImageObject\",\"inLanguage\":\"en-US\",\"@id\":\"https:\/\/www.fehervar-arpadfurdo.hu\/en\/services\/pools\/#primaryimage\",\"url\":\"https:\/\/www.fehervar-arpadfurdo.hu\/wp-content\/uploads\/2015\/01\/5S4Q6533.jpg\",\"contentUrl\":\"https:\/\/www.fehervar-arpadfurdo.hu\/wp-content\/uploads\/2015\/01\/5S4Q6533.jpg\",\"width\":533,\"height\":800},{\"@type\":\"BreadcrumbList\",\"@id\":\"https:\/\/www.fehervar-arpadfurdo.hu\/en\/services\/pools\/#breadcrumb\",\"itemListElement\":[{\"@type\":\"ListItem\",\"position\":1,\"name\":\"Kezd\u0151lap\",\"item\":\"https:\/\/www.fehervar-arpadfurdo.hu\/en\/\"},{\"@type\":\"ListItem\",\"position\":2,\"name\":\"Services\",\"item\":\"https:\/\/www.fehervar-arpadfurdo.hu\/en\/services\/\"},{\"@type\":\"ListItem\",\"position\":3,\"name\":\"Pools\"}]},{\"@type\":\"WebSite\",\"@id\":\"https:\/\/www.fehervar-arpadfurdo.hu\/#website\",\"url\":\"https:\/\/www.fehervar-arpadfurdo.hu\/\",\"name\":\"Sz\u00e9kesfeh\u00e9rv\u00e1ri \u00c1rp\u00e1d F\u00fcrd\u0151\",\"description\":\"Mes\u00e9s \u00e9lm\u00e9ny a belv\u00e1ros sz\u00edv\u00e9ben\",\"potentialAction\":[{\"@type\":\"SearchAction\",\"target\":{\"@type\":\"EntryPoint\",\"urlTemplate\":\"https:\/\/www.fehervar-arpadfurdo.hu\/?s={search_term_string}\"},\"query-input\":{\"@type\":\"PropertyValueSpecification\",\"valueRequired\":true,\"valueName\":\"search_term_string\"}}],\"inLanguage\":\"en-US\"}]}<\/script>\n<!-- \/ Yoast SEO plugin. -->","yoast_head_json":{"title":"Pools - Sz\u00e9kesfeh\u00e9rv\u00e1ri \u00c1rp\u00e1d F\u00fcrd\u0151","robots":{"index":"index","follow":"follow","max-snippet":"max-snippet:-1","max-image-preview":"max-image-preview:large","max-video-preview":"max-video-preview:-1"},"canonical":"https:\/\/www.fehervar-arpadfurdo.hu\/en\/services\/pools\/","og_locale":"en_US","og_type":"article","og_title":"Pools - Sz\u00e9kesfeh\u00e9rv\u00e1ri \u00c1rp\u00e1d F\u00fcrd\u0151","og_description":"The quality of the water in our pools are officially checked every month, and the test reports are available at our reception and it&#8217;s accessible for everybody. Turkish bath: The Turkish bath, situated at the heart of the spa palace, is now functioning as a sedentary pool decorated with mosaics. From it&#8217;s pleasant and enjoyable [&hellip;]","og_url":"https:\/\/www.fehervar-arpadfurdo.hu\/en\/services\/pools\/","og_site_name":"Sz\u00e9kesfeh\u00e9rv\u00e1ri \u00c1rp\u00e1d F\u00fcrd\u0151","article_publisher":"https:\/\/www.facebook.com\/arpadfurdo\/","article_modified_time":"2022-05-19T11:48:22+00:00","og_image":[{"width":533,"height":800,"url":"https:\/\/www.fehervar-arpadfurdo.hu\/wp-content\/uploads\/2015\/01\/5S4Q6533.jpg","type":"image\/jpeg"}],"twitter_misc":{"Est. reading time":"2 minutes"},"schema":{"@context":"https:\/\/schema.org","@graph":[{"@type":"WebPage","@id":"https:\/\/www.fehervar-arpadfurdo.hu\/en\/services\/pools\/","url":"https:\/\/www.fehervar-arpadfurdo.hu\/en\/services\/pools\/","name":"Pools - Sz\u00e9kesfeh\u00e9rv\u00e1ri \u00c1rp\u00e1d F\u00fcrd\u0151","isPartOf":{"@id":"https:\/\/www.fehervar-arpadfurdo.hu\/#website"},"primaryImageOfPage":{"@id":"https:\/\/www.fehervar-arpadfurdo.hu\/en\/services\/pools\/#primaryimage"},"image":{"@id":"https:\/\/www.fehervar-arpadfurdo.hu\/en\/services\/pools\/#primaryimage"},"thumbnailUrl":"https:\/\/www.fehervar-arpadfurdo.hu\/wp-content\/uploads\/2015\/01\/5S4Q6533.jpg","datePublished":"2015-03-09T13:23:21+00:00","dateModified":"2022-05-19T11:48:22+00:00","breadcrumb":{"@id":"https:\/\/www.fehervar-arpadfurdo.hu\/en\/services\/pools\/#breadcrumb"},"inLanguage":"en-US","potentialAction":[{"@type":"ReadAction","target":["https:\/\/www.fehervar-arpadfurdo.hu\/en\/services\/pools\/"]}]},{"@type":"ImageObject","inLanguage":"en-US","@id":"https:\/\/www.fehervar-arpadfurdo.hu\/en\/services\/pools\/#primaryimage","url":"https:\/\/www.fehervar-arpadfurdo.hu\/wp-content\/uploads\/2015\/01\/5S4Q6533.jpg","contentUrl":"https:\/\/www.fehervar-arpadfurdo.hu\/wp-content\/uploads\/2015\/01\/5S4Q6533.jpg","width":533,"height":800},{"@type":"BreadcrumbList","@id":"https:\/\/www.fehervar-arpadfurdo.hu\/en\/services\/pools\/#breadcrumb","itemListElement":[{"@type":"ListItem","position":1,"name":"Kezd\u0151lap","item":"https:\/\/www.fehervar-arpadfurdo.hu\/en\/"},{"@type":"ListItem","position":2,"name":"Services","item":"https:\/\/www.fehervar-arpadfurdo.hu\/en\/services\/"},{"@type":"ListItem","position":3,"name":"Pools"}]},{"@type":"WebSite","@id":"https:\/\/www.fehervar-arpadfurdo.hu\/#website","url":"https:\/\/www.fehervar-arpadfurdo.hu\/","name":"Sz\u00e9kesfeh\u00e9rv\u00e1ri \u00c1rp\u00e1d F\u00fcrd\u0151","description":"Mes\u00e9s \u00e9lm\u00e9ny a belv\u00e1ros sz\u00edv\u00e9ben","potentialAction":[{"@type":"SearchAction","target":{"@type":"EntryPoint","urlTemplate":"https:\/\/www.fehervar-arpadfurdo.hu\/?s={search_term_string}"},"query-input":{"@type":"PropertyValueSpecification","valueRequired":true,"valueName":"search_term_string"}}],"inLanguage":"en-US"}]}},"_links":{"self":[{"href":"https:\/\/www.fehervar-arpadfurdo.hu\/en\/wp-json\/wp\/v2\/pages\/984","targetHints":{"allow":["GET"]}}],"collection":[{"href":"https:\/\/www.fehervar-arpadfurdo.hu\/en\/wp-json\/wp\/v2\/pages"}],"about":[{"href":"https:\/\/www.fehervar-arpadfurdo.hu\/en\/wp-json\/wp\/v2\/types\/page"}],"author":[{"embeddable":true,"href":"https:\/\/www.fehervar-arpadfurdo.hu\/en\/wp-json\/wp\/v2\/users\/1"}],"replies":[{"embeddable":true,"href":"https:\/\/www.fehervar-arpadfurdo.hu\/en\/wp-json\/wp\/v2\/comments?post=984"}],"version-history":[{"count":15,"href":"https:\/\/www.fehervar-arpadfurdo.hu\/en\/wp-json\/wp\/v2\/pages\/984\/revisions"}],"predecessor-version":[{"id":12978,"href":"https:\/\/www.fehervar-arpadfurdo.hu\/en\/wp-json\/wp\/v2\/pages\/984\/revisions\/12978"}],"up":[{"embeddable":true,"href":"https:\/\/www.fehervar-arpadfurdo.hu\/en\/wp-json\/wp\/v2\/pages\/975"}],"wp:featuredmedia":[{"embeddable":true,"href":"https:\/\/www.fehervar-arpadfurdo.hu\/en\/wp-json\/wp\/v2\/media\/94"}],"wp:attachment":[{"href":"https:\/\/www.fehervar-arpadfurdo.hu\/en\/wp-json\/wp\/v2\/media?parent=984"}],"curies":[{"name":"wp","href":"https:\/\/api.w.org\/{rel}","templated":true}]}}