{"id":996,"date":"2015-03-09T14:28:49","date_gmt":"2015-03-09T13:28:49","guid":{"rendered":"http:\/\/www.fehervar-arpadfurdo.hu\/?page_id=996"},"modified":"2015-03-09T14:28:49","modified_gmt":"2015-03-09T13:28:49","slug":"sauna-world","status":"publish","type":"page","link":"https:\/\/www.fehervar-arpadfurdo.hu\/en\/services\/sauna-world\/","title":{"rendered":"Sauna world"},"content":{"rendered":"<div class=\"page-list page-list-wrapper\"><div class=\"page-list-item pid1000\"><div class=\"pagelist-thumbmail\"><img loading=\"lazy\" decoding=\"async\" width=\"490\" height=\"325\" src=\"https:\/\/www.fehervar-arpadfurdo.hu\/wp-content\/uploads\/2020\/07\/DSC_0838_k-490x325.jpg\" class=\"attachment-news size-news wp-post-image\" alt=\"\" srcset=\"https:\/\/www.fehervar-arpadfurdo.hu\/wp-content\/uploads\/2020\/07\/DSC_0838_k-490x325.jpg 490w, https:\/\/www.fehervar-arpadfurdo.hu\/wp-content\/uploads\/2020\/07\/DSC_0838_k-300x199.jpg 300w, https:\/\/www.fehervar-arpadfurdo.hu\/wp-content\/uploads\/2020\/07\/DSC_0838_k-768x509.jpg 768w, https:\/\/www.fehervar-arpadfurdo.hu\/wp-content\/uploads\/2020\/07\/DSC_0838_k.jpg 800w\" sizes=\"auto, (max-width: 490px) 100vw, 490px\" \/><\/div><div class=\"pagelist-body\"><h3 ><a href=\"https:\/\/www.fehervar-arpadfurdo.hu\/en\/services\/sauna-world\/saunas\/\" title=\"Saunas\">Saunas<\/a><\/h3><div class=\"teaser\">Admission to the \u00c1rp\u00e1d Spa Sauna world is included in an all-day ticket! Please have a look at what the&hellip;<\/div><a href=\"https:\/\/www.fehervar-arpadfurdo.hu\/en\/services\/sauna-world\/saunas\/\" class=\"more\" title=\"Saunas\">Read more...<\/a><\/div><\/div>\n<div class=\"page-list-item pid1002\"><div class=\"pagelist-thumbmail\"><img loading=\"lazy\" decoding=\"async\" width=\"490\" height=\"325\" src=\"https:\/\/www.fehervar-arpadfurdo.hu\/wp-content\/uploads\/2020\/07\/DSC_0585_k-490x325.jpg\" class=\"attachment-news size-news wp-post-image\" alt=\"\" srcset=\"https:\/\/www.fehervar-arpadfurdo.hu\/wp-content\/uploads\/2020\/07\/DSC_0585_k-490x325.jpg 490w, https:\/\/www.fehervar-arpadfurdo.hu\/wp-content\/uploads\/2020\/07\/DSC_0585_k-300x199.jpg 300w, https:\/\/www.fehervar-arpadfurdo.hu\/wp-content\/uploads\/2020\/07\/DSC_0585_k-768x509.jpg 768w, https:\/\/www.fehervar-arpadfurdo.hu\/wp-content\/uploads\/2020\/07\/DSC_0585_k.jpg 800w\" sizes=\"auto, (max-width: 490px) 100vw, 490px\" \/><\/div><div class=\"pagelist-body\"><h3 ><a href=\"https:\/\/www.fehervar-arpadfurdo.hu\/en\/services\/sauna-world\/sauna-aufguss-sessions\/\" title=\"Sauna sessions\">Sauna sessions<\/a><\/h3><div class=\"teaser\">Participation in sauna programs are included in the ticket price. What makes our spa especially attractive are these programs, often&hellip;<\/div><a href=\"https:\/\/www.fehervar-arpadfurdo.hu\/en\/services\/sauna-world\/sauna-aufguss-sessions\/\" class=\"more\" title=\"Sauna sessions\">Read more...<\/a><\/div><\/div>\n<div class=\"page-list-item pid998\"><div class=\"pagelist-thumbmail\"><img loading=\"lazy\" decoding=\"async\" width=\"490\" height=\"325\" src=\"https:\/\/www.fehervar-arpadfurdo.hu\/wp-content\/uploads\/2019\/03\/szaun\u00e1ban-a-l\u00e1bak_k-490x325.jpg\" class=\"attachment-news size-news wp-post-image\" alt=\"\" srcset=\"https:\/\/www.fehervar-arpadfurdo.hu\/wp-content\/uploads\/2019\/03\/szaun\u00e1ban-a-l\u00e1bak_k-490x325.jpg 490w, https:\/\/www.fehervar-arpadfurdo.hu\/wp-content\/uploads\/2019\/03\/szaun\u00e1ban-a-l\u00e1bak_k-300x199.jpg 300w, https:\/\/www.fehervar-arpadfurdo.hu\/wp-content\/uploads\/2019\/03\/szaun\u00e1ban-a-l\u00e1bak_k-768x509.jpg 768w, https:\/\/www.fehervar-arpadfurdo.hu\/wp-content\/uploads\/2019\/03\/szaun\u00e1ban-a-l\u00e1bak_k.jpg 1024w\" sizes=\"auto, (max-width: 490px) 100vw, 490px\" \/><\/div><div class=\"pagelist-body\"><h3 ><a href=\"https:\/\/www.fehervar-arpadfurdo.hu\/en\/services\/sauna-world\/rules-in-the-sauna\/\" title=\"Rules in the sauna\">Rules in the sauna<\/a><\/h3><div class=\"teaser\">Code of conduct in the sauna: 1. It is compulsory to use a sauna towel, no part of the body&hellip;<\/div><a href=\"https:\/\/www.fehervar-arpadfurdo.hu\/en\/services\/sauna-world\/rules-in-the-sauna\/\" class=\"more\" title=\"Rules in the sauna\">Read more...<\/a><\/div><\/div>\n<\/div>\n","protected":false},"excerpt":{"rendered":"","protected":false},"author":1,"featured_media":0,"parent":975,"menu_order":20,"comment_status":"closed","ping_status":"closed","template":"","meta":{"footnotes":""},"class_list":["post-996","page","type-page","status-publish","hentry"],"yoast_head":"<!-- This site is optimized with the Yoast SEO plugin v27.1.1 - https:\/\/yoast.com\/product\/yoast-seo-wordpress\/ -->\n<title>Sauna world - Sz\u00e9kesfeh\u00e9rv\u00e1ri \u00c1rp\u00e1d F\u00fcrd\u0151<\/title>\n<meta name=\"robots\" content=\"index, follow, max-snippet:-1, max-image-preview:large, max-video-preview:-1\" \/>\n<link rel=\"canonical\" href=\"https:\/\/www.fehervar-arpadfurdo.hu\/en\/services\/sauna-world\/\" \/>\n<meta property=\"og:locale\" content=\"en_US\" \/>\n<meta property=\"og:type\" content=\"article\" \/>\n<meta property=\"og:title\" content=\"Sauna world - Sz\u00e9kesfeh\u00e9rv\u00e1ri \u00c1rp\u00e1d F\u00fcrd\u0151\" \/>\n<meta property=\"og:url\" content=\"https:\/\/www.fehervar-arpadfurdo.hu\/en\/services\/sauna-world\/\" \/>\n<meta property=\"og:site_name\" content=\"Sz\u00e9kesfeh\u00e9rv\u00e1ri \u00c1rp\u00e1d F\u00fcrd\u0151\" \/>\n<meta property=\"article:publisher\" content=\"https:\/\/www.facebook.com\/arpadfurdo\/\" \/>\n<script type=\"application\/ld+json\" class=\"yoast-schema-graph\">{\"@context\":\"https:\/\/schema.org\",\"@graph\":[{\"@type\":\"WebPage\",\"@id\":\"https:\/\/www.fehervar-arpadfurdo.hu\/en\/services\/sauna-world\/\",\"url\":\"https:\/\/www.fehervar-arpadfurdo.hu\/en\/services\/sauna-world\/\",\"name\":\"Sauna world - Sz\u00e9kesfeh\u00e9rv\u00e1ri \u00c1rp\u00e1d F\u00fcrd\u0151\",\"isPartOf\":{\"@id\":\"https:\/\/www.fehervar-arpadfurdo.hu\/#website\"},\"datePublished\":\"2015-03-09T13:28:49+00:00\",\"breadcrumb\":{\"@id\":\"https:\/\/www.fehervar-arpadfurdo.hu\/en\/services\/sauna-world\/#breadcrumb\"},\"inLanguage\":\"en-US\",\"potentialAction\":[{\"@type\":\"ReadAction\",\"target\":[\"https:\/\/www.fehervar-arpadfurdo.hu\/en\/services\/sauna-world\/\"]}]},{\"@type\":\"BreadcrumbList\",\"@id\":\"https:\/\/www.fehervar-arpadfurdo.hu\/en\/services\/sauna-world\/#breadcrumb\",\"itemListElement\":[{\"@type\":\"ListItem\",\"position\":1,\"name\":\"Kezd\u0151lap\",\"item\":\"https:\/\/www.fehervar-arpadfurdo.hu\/en\/\"},{\"@type\":\"ListItem\",\"position\":2,\"name\":\"Services\",\"item\":\"https:\/\/www.fehervar-arpadfurdo.hu\/en\/services\/\"},{\"@type\":\"ListItem\",\"position\":3,\"name\":\"Sauna world\"}]},{\"@type\":\"WebSite\",\"@id\":\"https:\/\/www.fehervar-arpadfurdo.hu\/#website\",\"url\":\"https:\/\/www.fehervar-arpadfurdo.hu\/\",\"name\":\"Sz\u00e9kesfeh\u00e9rv\u00e1ri \u00c1rp\u00e1d F\u00fcrd\u0151\",\"description\":\"Mes\u00e9s \u00e9lm\u00e9ny a belv\u00e1ros sz\u00edv\u00e9ben\",\"potentialAction\":[{\"@type\":\"SearchAction\",\"target\":{\"@type\":\"EntryPoint\",\"urlTemplate\":\"https:\/\/www.fehervar-arpadfurdo.hu\/?s={search_term_string}\"},\"query-input\":{\"@type\":\"PropertyValueSpecification\",\"valueRequired\":true,\"valueName\":\"search_term_string\"}}],\"inLanguage\":\"en-US\"}]}<\/script>\n<!-- \/ Yoast SEO plugin. -->","yoast_head_json":{"title":"Sauna world - Sz\u00e9kesfeh\u00e9rv\u00e1ri \u00c1rp\u00e1d F\u00fcrd\u0151","robots":{"index":"index","follow":"follow","max-snippet":"max-snippet:-1","max-image-preview":"max-image-preview:large","max-video-preview":"max-video-preview:-1"},"canonical":"https:\/\/www.fehervar-arpadfurdo.hu\/en\/services\/sauna-world\/","og_locale":"en_US","og_type":"article","og_title":"Sauna world - Sz\u00e9kesfeh\u00e9rv\u00e1ri \u00c1rp\u00e1d F\u00fcrd\u0151","og_url":"https:\/\/www.fehervar-arpadfurdo.hu\/en\/services\/sauna-world\/","og_site_name":"Sz\u00e9kesfeh\u00e9rv\u00e1ri \u00c1rp\u00e1d F\u00fcrd\u0151","article_publisher":"https:\/\/www.facebook.com\/arpadfurdo\/","schema":{"@context":"https:\/\/schema.org","@graph":[{"@type":"WebPage","@id":"https:\/\/www.fehervar-arpadfurdo.hu\/en\/services\/sauna-world\/","url":"https:\/\/www.fehervar-arpadfurdo.hu\/en\/services\/sauna-world\/","name":"Sauna world - Sz\u00e9kesfeh\u00e9rv\u00e1ri \u00c1rp\u00e1d F\u00fcrd\u0151","isPartOf":{"@id":"https:\/\/www.fehervar-arpadfurdo.hu\/#website"},"datePublished":"2015-03-09T13:28:49+00:00","breadcrumb":{"@id":"https:\/\/www.fehervar-arpadfurdo.hu\/en\/services\/sauna-world\/#breadcrumb"},"inLanguage":"en-US","potentialAction":[{"@type":"ReadAction","target":["https:\/\/www.fehervar-arpadfurdo.hu\/en\/services\/sauna-world\/"]}]},{"@type":"BreadcrumbList","@id":"https:\/\/www.fehervar-arpadfurdo.hu\/en\/services\/sauna-world\/#breadcrumb","itemListElement":[{"@type":"ListItem","position":1,"name":"Kezd\u0151lap","item":"https:\/\/www.fehervar-arpadfurdo.hu\/en\/"},{"@type":"ListItem","position":2,"name":"Services","item":"https:\/\/www.fehervar-arpadfurdo.hu\/en\/services\/"},{"@type":"ListItem","position":3,"name":"Sauna world"}]},{"@type":"WebSite","@id":"https:\/\/www.fehervar-arpadfurdo.hu\/#website","url":"https:\/\/www.fehervar-arpadfurdo.hu\/","name":"Sz\u00e9kesfeh\u00e9rv\u00e1ri \u00c1rp\u00e1d F\u00fcrd\u0151","description":"Mes\u00e9s \u00e9lm\u00e9ny a belv\u00e1ros sz\u00edv\u00e9ben","potentialAction":[{"@type":"SearchAction","target":{"@type":"EntryPoint","urlTemplate":"https:\/\/www.fehervar-arpadfurdo.hu\/?s={search_term_string}"},"query-input":{"@type":"PropertyValueSpecification","valueRequired":true,"valueName":"search_term_string"}}],"inLanguage":"en-US"}]}},"_links":{"self":[{"href":"https:\/\/www.fehervar-arpadfurdo.hu\/en\/wp-json\/wp\/v2\/pages\/996","targetHints":{"allow":["GET"]}}],"collection":[{"href":"https:\/\/www.fehervar-arpadfurdo.hu\/en\/wp-json\/wp\/v2\/pages"}],"about":[{"href":"https:\/\/www.fehervar-arpadfurdo.hu\/en\/wp-json\/wp\/v2\/types\/page"}],"author":[{"embeddable":true,"href":"https:\/\/www.fehervar-arpadfurdo.hu\/en\/wp-json\/wp\/v2\/users\/1"}],"replies":[{"embeddable":true,"href":"https:\/\/www.fehervar-arpadfurdo.hu\/en\/wp-json\/wp\/v2\/comments?post=996"}],"version-history":[{"count":1,"href":"https:\/\/www.fehervar-arpadfurdo.hu\/en\/wp-json\/wp\/v2\/pages\/996\/revisions"}],"predecessor-version":[{"id":997,"href":"https:\/\/www.fehervar-arpadfurdo.hu\/en\/wp-json\/wp\/v2\/pages\/996\/revisions\/997"}],"up":[{"embeddable":true,"href":"https:\/\/www.fehervar-arpadfurdo.hu\/en\/wp-json\/wp\/v2\/pages\/975"}],"wp:attachment":[{"href":"https:\/\/www.fehervar-arpadfurdo.hu\/en\/wp-json\/wp\/v2\/media?parent=996"}],"curies":[{"name":"wp","href":"https:\/\/api.w.org\/{rel}","templated":true}]}}