{"id":998,"date":"2015-03-09T14:29:48","date_gmt":"2015-03-09T13:29:48","guid":{"rendered":"http:\/\/www.fehervar-arpadfurdo.hu\/?page_id=998"},"modified":"2020-07-29T12:00:24","modified_gmt":"2020-07-29T10:00:24","slug":"rules-in-the-sauna","status":"publish","type":"page","link":"https:\/\/www.fehervar-arpadfurdo.hu\/en\/services\/sauna-world\/rules-in-the-sauna\/","title":{"rendered":"Rules in the sauna"},"content":{"rendered":"<h2>Code of conduct in the sauna:<\/h2>\n<p>1. It is compulsory to use a sauna towel, no part of the body may get in direct contact with the benches!<br \/>\n2. Shoes must be left outside the sauna!<br \/>\n3. The body must be dry when entering the sauna!<br \/>\n4. Food and drinks are not allowed!<br \/>\n5. Do not sweep your sweat on others or onto the benches!<br \/>\n6. It is compulsory to take a shower before entering the sauna!<br \/>\n7. It is prohibited to spray the stones excessively, and use the essential oils without dilution!<br \/>\n8. It is not allowed to leave the sauna during an Aufguss-session, except if you do not feel well!<br \/>\n9. It is not not allowed to speak loudly, as it may disturb the other guests!<br \/>\n10. It is strictly forbidden to visit the sauna after consumption of alcohol!<br \/>\n11. The recommended time of stay must be kept!<\/p>\n","protected":false},"excerpt":{"rendered":"<p>Code of conduct in the sauna: 1. It is compulsory to use a sauna towel, no part of the body may get in direct contact with the benches! 2. Shoes must be left outside the sauna! 3. The body must be dry when entering the sauna! 4. Food and drinks are not allowed! 5. Do [&hellip;]<\/p>\n","protected":false},"author":1,"featured_media":8319,"parent":996,"menu_order":3,"comment_status":"closed","ping_status":"open","template":"","meta":{"footnotes":""},"class_list":["post-998","page","type-page","status-publish","has-post-thumbnail","hentry"],"yoast_head":"<!-- This site is optimized with the Yoast SEO plugin v27.5 - https:\/\/yoast.com\/product\/yoast-seo-wordpress\/ -->\n<title>Rules in the sauna - Sz\u00e9kesfeh\u00e9rv\u00e1ri \u00c1rp\u00e1d F\u00fcrd\u0151<\/title>\n<meta name=\"robots\" content=\"index, follow, max-snippet:-1, max-image-preview:large, max-video-preview:-1\" \/>\n<link rel=\"canonical\" href=\"https:\/\/www.fehervar-arpadfurdo.hu\/en\/services\/sauna-world\/rules-in-the-sauna\/\" \/>\n<meta property=\"og:locale\" content=\"en_US\" \/>\n<meta property=\"og:type\" content=\"article\" \/>\n<meta property=\"og:title\" content=\"Rules in the sauna - Sz\u00e9kesfeh\u00e9rv\u00e1ri \u00c1rp\u00e1d F\u00fcrd\u0151\" \/>\n<meta property=\"og:description\" content=\"Code of conduct in the sauna: 1. It is compulsory to use a sauna towel, no part of the body may get in direct contact with the benches! 2. Shoes must be left outside the sauna! 3. The body must be dry when entering the sauna! 4. Food and drinks are not allowed! 5. Do [&hellip;]\" \/>\n<meta property=\"og:url\" content=\"https:\/\/www.fehervar-arpadfurdo.hu\/en\/services\/sauna-world\/rules-in-the-sauna\/\" \/>\n<meta property=\"og:site_name\" content=\"Sz\u00e9kesfeh\u00e9rv\u00e1ri \u00c1rp\u00e1d F\u00fcrd\u0151\" \/>\n<meta property=\"article:publisher\" content=\"https:\/\/www.facebook.com\/arpadfurdo\/\" \/>\n<meta property=\"article:modified_time\" content=\"2020-07-29T10:00:24+00:00\" \/>\n<meta property=\"og:image\" content=\"https:\/\/www.fehervar-arpadfurdo.hu\/wp-content\/uploads\/2019\/03\/szaun\u00e1ban-a-l\u00e1bak_k.jpg\" \/>\n\t<meta property=\"og:image:width\" content=\"1024\" \/>\n\t<meta property=\"og:image:height\" content=\"678\" \/>\n\t<meta property=\"og:image:type\" content=\"image\/jpeg\" \/>\n<meta name=\"twitter:label1\" content=\"Est. reading time\" \/>\n\t<meta name=\"twitter:data1\" content=\"1 minute\" \/>\n<script type=\"application\/ld+json\" class=\"yoast-schema-graph\">{\"@context\":\"https:\\\/\\\/schema.org\",\"@graph\":[{\"@type\":\"WebPage\",\"@id\":\"https:\\\/\\\/www.fehervar-arpadfurdo.hu\\\/en\\\/services\\\/sauna-world\\\/rules-in-the-sauna\\\/\",\"url\":\"https:\\\/\\\/www.fehervar-arpadfurdo.hu\\\/en\\\/services\\\/sauna-world\\\/rules-in-the-sauna\\\/\",\"name\":\"Rules in the sauna - Sz\u00e9kesfeh\u00e9rv\u00e1ri \u00c1rp\u00e1d F\u00fcrd\u0151\",\"isPartOf\":{\"@id\":\"https:\\\/\\\/www.fehervar-arpadfurdo.hu\\\/#website\"},\"primaryImageOfPage\":{\"@id\":\"https:\\\/\\\/www.fehervar-arpadfurdo.hu\\\/en\\\/services\\\/sauna-world\\\/rules-in-the-sauna\\\/#primaryimage\"},\"image\":{\"@id\":\"https:\\\/\\\/www.fehervar-arpadfurdo.hu\\\/en\\\/services\\\/sauna-world\\\/rules-in-the-sauna\\\/#primaryimage\"},\"thumbnailUrl\":\"https:\\\/\\\/www.fehervar-arpadfurdo.hu\\\/wp-content\\\/uploads\\\/2019\\\/03\\\/szaun\u00e1ban-a-l\u00e1bak_k.jpg\",\"datePublished\":\"2015-03-09T13:29:48+00:00\",\"dateModified\":\"2020-07-29T10:00:24+00:00\",\"breadcrumb\":{\"@id\":\"https:\\\/\\\/www.fehervar-arpadfurdo.hu\\\/en\\\/services\\\/sauna-world\\\/rules-in-the-sauna\\\/#breadcrumb\"},\"inLanguage\":\"en-US\",\"potentialAction\":[{\"@type\":\"ReadAction\",\"target\":[\"https:\\\/\\\/www.fehervar-arpadfurdo.hu\\\/en\\\/services\\\/sauna-world\\\/rules-in-the-sauna\\\/\"]}]},{\"@type\":\"ImageObject\",\"inLanguage\":\"en-US\",\"@id\":\"https:\\\/\\\/www.fehervar-arpadfurdo.hu\\\/en\\\/services\\\/sauna-world\\\/rules-in-the-sauna\\\/#primaryimage\",\"url\":\"https:\\\/\\\/www.fehervar-arpadfurdo.hu\\\/wp-content\\\/uploads\\\/2019\\\/03\\\/szaun\u00e1ban-a-l\u00e1bak_k.jpg\",\"contentUrl\":\"https:\\\/\\\/www.fehervar-arpadfurdo.hu\\\/wp-content\\\/uploads\\\/2019\\\/03\\\/szaun\u00e1ban-a-l\u00e1bak_k.jpg\",\"width\":1024,\"height\":678},{\"@type\":\"BreadcrumbList\",\"@id\":\"https:\\\/\\\/www.fehervar-arpadfurdo.hu\\\/en\\\/services\\\/sauna-world\\\/rules-in-the-sauna\\\/#breadcrumb\",\"itemListElement\":[{\"@type\":\"ListItem\",\"position\":1,\"name\":\"Kezd\u0151lap\",\"item\":\"https:\\\/\\\/www.fehervar-arpadfurdo.hu\\\/en\\\/\"},{\"@type\":\"ListItem\",\"position\":2,\"name\":\"Services\",\"item\":\"https:\\\/\\\/www.fehervar-arpadfurdo.hu\\\/en\\\/services\\\/\"},{\"@type\":\"ListItem\",\"position\":3,\"name\":\"Sauna world\",\"item\":\"https:\\\/\\\/www.fehervar-arpadfurdo.hu\\\/en\\\/services\\\/sauna-world\\\/\"},{\"@type\":\"ListItem\",\"position\":4,\"name\":\"Rules in the sauna\"}]},{\"@type\":\"WebSite\",\"@id\":\"https:\\\/\\\/www.fehervar-arpadfurdo.hu\\\/#website\",\"url\":\"https:\\\/\\\/www.fehervar-arpadfurdo.hu\\\/\",\"name\":\"Sz\u00e9kesfeh\u00e9rv\u00e1ri \u00c1rp\u00e1d F\u00fcrd\u0151\",\"description\":\"Mes\u00e9s \u00e9lm\u00e9ny a belv\u00e1ros sz\u00edv\u00e9ben\",\"potentialAction\":[{\"@type\":\"SearchAction\",\"target\":{\"@type\":\"EntryPoint\",\"urlTemplate\":\"https:\\\/\\\/www.fehervar-arpadfurdo.hu\\\/?s={search_term_string}\"},\"query-input\":{\"@type\":\"PropertyValueSpecification\",\"valueRequired\":true,\"valueName\":\"search_term_string\"}}],\"inLanguage\":\"en-US\"}]}<\/script>\n<!-- \/ Yoast SEO plugin. -->","yoast_head_json":{"title":"Rules in the sauna - Sz\u00e9kesfeh\u00e9rv\u00e1ri \u00c1rp\u00e1d F\u00fcrd\u0151","robots":{"index":"index","follow":"follow","max-snippet":"max-snippet:-1","max-image-preview":"max-image-preview:large","max-video-preview":"max-video-preview:-1"},"canonical":"https:\/\/www.fehervar-arpadfurdo.hu\/en\/services\/sauna-world\/rules-in-the-sauna\/","og_locale":"en_US","og_type":"article","og_title":"Rules in the sauna - Sz\u00e9kesfeh\u00e9rv\u00e1ri \u00c1rp\u00e1d F\u00fcrd\u0151","og_description":"Code of conduct in the sauna: 1. It is compulsory to use a sauna towel, no part of the body may get in direct contact with the benches! 2. Shoes must be left outside the sauna! 3. The body must be dry when entering the sauna! 4. Food and drinks are not allowed! 5. Do [&hellip;]","og_url":"https:\/\/www.fehervar-arpadfurdo.hu\/en\/services\/sauna-world\/rules-in-the-sauna\/","og_site_name":"Sz\u00e9kesfeh\u00e9rv\u00e1ri \u00c1rp\u00e1d F\u00fcrd\u0151","article_publisher":"https:\/\/www.facebook.com\/arpadfurdo\/","article_modified_time":"2020-07-29T10:00:24+00:00","og_image":[{"width":1024,"height":678,"url":"https:\/\/www.fehervar-arpadfurdo.hu\/wp-content\/uploads\/2019\/03\/szaun\u00e1ban-a-l\u00e1bak_k.jpg","type":"image\/jpeg"}],"twitter_misc":{"Est. reading time":"1 minute"},"schema":{"@context":"https:\/\/schema.org","@graph":[{"@type":"WebPage","@id":"https:\/\/www.fehervar-arpadfurdo.hu\/en\/services\/sauna-world\/rules-in-the-sauna\/","url":"https:\/\/www.fehervar-arpadfurdo.hu\/en\/services\/sauna-world\/rules-in-the-sauna\/","name":"Rules in the sauna - Sz\u00e9kesfeh\u00e9rv\u00e1ri \u00c1rp\u00e1d F\u00fcrd\u0151","isPartOf":{"@id":"https:\/\/www.fehervar-arpadfurdo.hu\/#website"},"primaryImageOfPage":{"@id":"https:\/\/www.fehervar-arpadfurdo.hu\/en\/services\/sauna-world\/rules-in-the-sauna\/#primaryimage"},"image":{"@id":"https:\/\/www.fehervar-arpadfurdo.hu\/en\/services\/sauna-world\/rules-in-the-sauna\/#primaryimage"},"thumbnailUrl":"https:\/\/www.fehervar-arpadfurdo.hu\/wp-content\/uploads\/2019\/03\/szaun\u00e1ban-a-l\u00e1bak_k.jpg","datePublished":"2015-03-09T13:29:48+00:00","dateModified":"2020-07-29T10:00:24+00:00","breadcrumb":{"@id":"https:\/\/www.fehervar-arpadfurdo.hu\/en\/services\/sauna-world\/rules-in-the-sauna\/#breadcrumb"},"inLanguage":"en-US","potentialAction":[{"@type":"ReadAction","target":["https:\/\/www.fehervar-arpadfurdo.hu\/en\/services\/sauna-world\/rules-in-the-sauna\/"]}]},{"@type":"ImageObject","inLanguage":"en-US","@id":"https:\/\/www.fehervar-arpadfurdo.hu\/en\/services\/sauna-world\/rules-in-the-sauna\/#primaryimage","url":"https:\/\/www.fehervar-arpadfurdo.hu\/wp-content\/uploads\/2019\/03\/szaun\u00e1ban-a-l\u00e1bak_k.jpg","contentUrl":"https:\/\/www.fehervar-arpadfurdo.hu\/wp-content\/uploads\/2019\/03\/szaun\u00e1ban-a-l\u00e1bak_k.jpg","width":1024,"height":678},{"@type":"BreadcrumbList","@id":"https:\/\/www.fehervar-arpadfurdo.hu\/en\/services\/sauna-world\/rules-in-the-sauna\/#breadcrumb","itemListElement":[{"@type":"ListItem","position":1,"name":"Kezd\u0151lap","item":"https:\/\/www.fehervar-arpadfurdo.hu\/en\/"},{"@type":"ListItem","position":2,"name":"Services","item":"https:\/\/www.fehervar-arpadfurdo.hu\/en\/services\/"},{"@type":"ListItem","position":3,"name":"Sauna world","item":"https:\/\/www.fehervar-arpadfurdo.hu\/en\/services\/sauna-world\/"},{"@type":"ListItem","position":4,"name":"Rules in the sauna"}]},{"@type":"WebSite","@id":"https:\/\/www.fehervar-arpadfurdo.hu\/#website","url":"https:\/\/www.fehervar-arpadfurdo.hu\/","name":"Sz\u00e9kesfeh\u00e9rv\u00e1ri \u00c1rp\u00e1d F\u00fcrd\u0151","description":"Mes\u00e9s \u00e9lm\u00e9ny a belv\u00e1ros sz\u00edv\u00e9ben","potentialAction":[{"@type":"SearchAction","target":{"@type":"EntryPoint","urlTemplate":"https:\/\/www.fehervar-arpadfurdo.hu\/?s={search_term_string}"},"query-input":{"@type":"PropertyValueSpecification","valueRequired":true,"valueName":"search_term_string"}}],"inLanguage":"en-US"}]}},"_links":{"self":[{"href":"https:\/\/www.fehervar-arpadfurdo.hu\/en\/wp-json\/wp\/v2\/pages\/998","targetHints":{"allow":["GET"]}}],"collection":[{"href":"https:\/\/www.fehervar-arpadfurdo.hu\/en\/wp-json\/wp\/v2\/pages"}],"about":[{"href":"https:\/\/www.fehervar-arpadfurdo.hu\/en\/wp-json\/wp\/v2\/types\/page"}],"author":[{"embeddable":true,"href":"https:\/\/www.fehervar-arpadfurdo.hu\/en\/wp-json\/wp\/v2\/users\/1"}],"replies":[{"embeddable":true,"href":"https:\/\/www.fehervar-arpadfurdo.hu\/en\/wp-json\/wp\/v2\/comments?post=998"}],"version-history":[{"count":1,"href":"https:\/\/www.fehervar-arpadfurdo.hu\/en\/wp-json\/wp\/v2\/pages\/998\/revisions"}],"predecessor-version":[{"id":999,"href":"https:\/\/www.fehervar-arpadfurdo.hu\/en\/wp-json\/wp\/v2\/pages\/998\/revisions\/999"}],"up":[{"embeddable":true,"href":"https:\/\/www.fehervar-arpadfurdo.hu\/en\/wp-json\/wp\/v2\/pages\/996"}],"wp:featuredmedia":[{"embeddable":true,"href":"https:\/\/www.fehervar-arpadfurdo.hu\/en\/wp-json\/wp\/v2\/media\/8319"}],"wp:attachment":[{"href":"https:\/\/www.fehervar-arpadfurdo.hu\/en\/wp-json\/wp\/v2\/media?parent=998"}],"curies":[{"name":"wp","href":"https:\/\/api.w.org\/{rel}","templated":true}]}}